{"id":736,"date":"2018-01-25T10:52:19","date_gmt":"2018-01-25T08:52:19","guid":{"rendered":"https:\/\/webs.uab.cat\/miras\/lara-dominguez\/"},"modified":"2018-01-25T10:52:19","modified_gmt":"2018-01-25T08:52:19","slug":"lara-dominguez","status":"publish","type":"page","link":"https:\/\/webs.uab.cat\/miras\/ca\/lara-dominguez\/","title":{"rendered":"Lara Dominguez"},"content":{"rendered":"<p class=\"rtejustify\">Lara Dom\u00ednguez Ara\u00fajo \u00e9s llicenciada en Traducci\u00f3 i Interpretaci\u00f3 per la Universitat de Vigo i doctora en Traducci\u00f3 i Estudis Interculturals per la Universitat Aut\u00f2noma de Barcelona. Traductora i int\u00e8rpret jurada d&#8217;angl\u00e8s a castell\u00e0, es posgradu\u00f3 en interpretaci\u00f3 de confer\u00e8ncies per la Universitat de Lisboa (EMCI) i va obtenir el *DEA en Traducci\u00f3 i Para-traducci\u00f3 per la Universitat de Vigo, en la qual \u00e9s professora associada d&#8217;interpretaci\u00f3 des de 2006.<\/p>\n<p>Els seus \u00e0mbits d&#8217;investigaci\u00f3 s\u00f3n l&#8217;avaluaci\u00f3 per a l&#8217;aprenentatge i la pedagogia de la interpretaci\u00f3 de confer\u00e8ncies, sobre els quals ha escrit en revistes i nombres col\u00b7lectius d&#8217;\u00e0mbit nacional i internacional. Ha participat com a investigadora o formadora en projectes d&#8217;investigaci\u00f3 finan\u00e7ats a nivell estatal i projectes interdisciplinaris d&#8217;innovaci\u00f3 docent finan\u00e7ats a nivell local i europeu. Aix\u00ed mateix, ha estat convidada com a ponent a seminaris i taules rodones sobre avaluaci\u00f3 formativa i a m\u00e0sters europeus en interpretaci\u00f3 de confer\u00e8ncies com a docent i avaluadora externa.<\/p>\n","protected":false},"excerpt":{"rendered":"<p>Lara Dom\u00ednguez Ara\u00fajo \u00e9s llicenciada en Traducci\u00f3 i Interpretaci\u00f3 per la Universitat de Vigo i doctora en Traducci\u00f3 i Estudis Interculturals per la Universitat Aut\u00f2noma de Barcelona. Traductora i int\u00e8rpret jurada d&#8217;angl\u00e8s a castell\u00e0, es posgradu\u00f3 en interpretaci\u00f3 de confer\u00e8ncies per la Universitat de Lisboa (EMCI) i va obtenir el *DEA en Traducci\u00f3 i Para-traducci\u00f3 [&hellip;]<\/p>\n","protected":false},"author":20,"featured_media":0,"parent":0,"menu_order":0,"comment_status":"closed","ping_status":"closed","template":"","meta":{"footnotes":""},"class_list":["post-736","page","type-page","status-publish","hentry"],"_links":{"self":[{"href":"https:\/\/webs.uab.cat\/miras\/ca\/wp-json\/wp\/v2\/pages\/736","targetHints":{"allow":["GET"]}}],"collection":[{"href":"https:\/\/webs.uab.cat\/miras\/ca\/wp-json\/wp\/v2\/pages"}],"about":[{"href":"https:\/\/webs.uab.cat\/miras\/ca\/wp-json\/wp\/v2\/types\/page"}],"author":[{"embeddable":true,"href":"https:\/\/webs.uab.cat\/miras\/ca\/wp-json\/wp\/v2\/users\/20"}],"replies":[{"embeddable":true,"href":"https:\/\/webs.uab.cat\/miras\/ca\/wp-json\/wp\/v2\/comments?post=736"}],"version-history":[{"count":0,"href":"https:\/\/webs.uab.cat\/miras\/ca\/wp-json\/wp\/v2\/pages\/736\/revisions"}],"wp:attachment":[{"href":"https:\/\/webs.uab.cat\/miras\/ca\/wp-json\/wp\/v2\/media?parent=736"}],"curies":[{"name":"wp","href":"https:\/\/api.w.org\/{rel}","templated":true}]}}