{"id":742,"date":"2018-01-25T12:21:06","date_gmt":"2018-01-25T10:21:06","guid":{"rendered":"https:\/\/webs.uab.cat\/miras\/ioana-cornea\/"},"modified":"2018-01-25T12:21:06","modified_gmt":"2018-01-25T10:21:06","slug":"ioana-cornea","status":"publish","type":"page","link":"https:\/\/webs.uab.cat\/miras\/ca\/ioana-cornea\/","title":{"rendered":"Ioana Cornea"},"content":{"rendered":"<p class=\"rtejustify\">Ioana Cornea \u00e9s llicenciada en Lleng\u00fces Modernes Aplicades per la Universitat \u201cBabes- Bolyai\u201d, Cluj Napoca, Romania, doctora en Estudis de Traducci\u00f3 Especialitzada per la Universitat Pompeu Fabra, Barcelona, Espanya, on tamb\u00e9 va impartir classes de dret i economia per a la traducci\u00f3, teoria de la traducci\u00f3 i documentaci\u00f3 aplicada a la traducci\u00f3.<\/p>\n<p class=\"rtejustify\">Actualment \u00e9s professora de temps complet al Departament de Traducci\u00f3 i Interpretaci\u00f3 de la Universitat Nacional Aut\u00f2noma de M\u00e8xic (UNAM) on imparteix cursos de traducci\u00f3 especialitzada, documentaci\u00f3 i terminologia aplicada a la traducci\u00f3. A m\u00e9s \u00e9s coordinadora del Diplomat en Traducci\u00f3 Jur\u00eddica (en l\u00ednia) que ofereix el mateix Departament d&#8217;aquesta universitat.<\/p>\n<p class=\"rtejustify\">Els seus interessos se centren en els estudis de la traducci\u00f3 jur\u00eddica, eines inform\u00e0tiques i documentals per al traductor i int\u00e8rpret, lexicografia i terminologia aplicada a la traducci\u00f3.<\/p>\n","protected":false},"excerpt":{"rendered":"<p>Ioana Cornea \u00e9s llicenciada en Lleng\u00fces Modernes Aplicades per la Universitat \u201cBabes- Bolyai\u201d, Cluj Napoca, Romania, doctora en Estudis de Traducci\u00f3 Especialitzada per la Universitat Pompeu Fabra, Barcelona, Espanya, on tamb\u00e9 va impartir classes de dret i economia per a la traducci\u00f3, teoria de la traducci\u00f3 i documentaci\u00f3 aplicada a la traducci\u00f3. Actualment \u00e9s professora [&hellip;]<\/p>\n","protected":false},"author":20,"featured_media":0,"parent":0,"menu_order":0,"comment_status":"closed","ping_status":"closed","template":"","meta":{"footnotes":""},"class_list":["post-742","page","type-page","status-publish","hentry"],"_links":{"self":[{"href":"https:\/\/webs.uab.cat\/miras\/ca\/wp-json\/wp\/v2\/pages\/742","targetHints":{"allow":["GET"]}}],"collection":[{"href":"https:\/\/webs.uab.cat\/miras\/ca\/wp-json\/wp\/v2\/pages"}],"about":[{"href":"https:\/\/webs.uab.cat\/miras\/ca\/wp-json\/wp\/v2\/types\/page"}],"author":[{"embeddable":true,"href":"https:\/\/webs.uab.cat\/miras\/ca\/wp-json\/wp\/v2\/users\/20"}],"replies":[{"embeddable":true,"href":"https:\/\/webs.uab.cat\/miras\/ca\/wp-json\/wp\/v2\/comments?post=742"}],"version-history":[{"count":0,"href":"https:\/\/webs.uab.cat\/miras\/ca\/wp-json\/wp\/v2\/pages\/742\/revisions"}],"wp:attachment":[{"href":"https:\/\/webs.uab.cat\/miras\/ca\/wp-json\/wp\/v2\/media?parent=742"}],"curies":[{"name":"wp","href":"https:\/\/api.w.org\/{rel}","templated":true}]}}