{"id":77,"date":"2009-05-25T13:20:37","date_gmt":"2009-05-25T11:20:37","guid":{"rendered":"https:\/\/webs.uab.cat\/miras\/recerca\/"},"modified":"2022-12-01T12:08:16","modified_gmt":"2022-12-01T10:08:16","slug":"recerca","status":"publish","type":"page","link":"https:\/\/webs.uab.cat\/miras\/ca\/recerca\/","title":{"rendered":"RECERCA"},"content":{"rendered":"\n<p><strong><a href=\"https:\/\/webs.uab.cat\/miras\/ca\/linies-de-recerca\/\" data-type=\"page\" data-id=\"156\">L\u00ednies de recerca<\/a><\/strong><\/p>\n\n\n\n<p><strong><a href=\"https:\/\/webs.uab.cat\/miras\/ca\/projectes-financats\/\" data-type=\"page\" data-id=\"298\">Projectes finan\u00e7ats<\/a><\/strong><\/p>\n\n\n\n<p><strong><a href=\"https:\/\/webs.uab.cat\/miras\/ca\/tesines-i-treballs-de-master\/\" data-type=\"page\" data-id=\"299\">Tesines i treballs de M\u00e0ster<\/a><\/strong><\/p>\n\n\n\n<p><strong><a href=\"https:\/\/webs.uab.cat\/miras\/ca\/tesis\/\" data-type=\"page\" data-id=\"300\">Tesis<\/a><\/strong><\/p>\n","protected":false},"excerpt":{"rendered":"<p>L\u00ednies de recerca Projectes finan\u00e7ats Tesines i treballs de M\u00e0ster Tesis<\/p>\n","protected":false},"author":20,"featured_media":0,"parent":0,"menu_order":0,"comment_status":"closed","ping_status":"closed","template":"","meta":{"footnotes":""},"class_list":["post-77","page","type-page","status-publish","hentry"],"_links":{"self":[{"href":"https:\/\/webs.uab.cat\/miras\/ca\/wp-json\/wp\/v2\/pages\/77","targetHints":{"allow":["GET"]}}],"collection":[{"href":"https:\/\/webs.uab.cat\/miras\/ca\/wp-json\/wp\/v2\/pages"}],"about":[{"href":"https:\/\/webs.uab.cat\/miras\/ca\/wp-json\/wp\/v2\/types\/page"}],"author":[{"embeddable":true,"href":"https:\/\/webs.uab.cat\/miras\/ca\/wp-json\/wp\/v2\/users\/20"}],"replies":[{"embeddable":true,"href":"https:\/\/webs.uab.cat\/miras\/ca\/wp-json\/wp\/v2\/comments?post=77"}],"version-history":[{"count":1,"href":"https:\/\/webs.uab.cat\/miras\/ca\/wp-json\/wp\/v2\/pages\/77\/revisions"}],"predecessor-version":[{"id":1242,"href":"https:\/\/webs.uab.cat\/miras\/ca\/wp-json\/wp\/v2\/pages\/77\/revisions\/1242"}],"wp:attachment":[{"href":"https:\/\/webs.uab.cat\/miras\/ca\/wp-json\/wp\/v2\/media?parent=77"}],"curies":[{"name":"wp","href":"https:\/\/api.w.org\/{rel}","templated":true}]}}