{"id":795,"date":"2020-06-25T08:48:51","date_gmt":"2020-06-25T06:48:51","guid":{"rendered":"https:\/\/webs.uab.cat\/miras\/marina-arrasate-hierro-olavarria\/"},"modified":"2022-12-01T11:51:57","modified_gmt":"2022-12-01T09:51:57","slug":"marina-arrasate-hierro-olavarria","status":"publish","type":"page","link":"https:\/\/webs.uab.cat\/miras\/ca\/marina-arrasate-hierro-olavarria\/","title":{"rendered":"Marina Arrasate Hierro-Olavarr\u00eda"},"content":{"rendered":"<p class=\"rtejustify\"><img loading=\"lazy\" decoding=\"async\" class=\" size-full wp-image-791\" alt=\"Marina Arrasate Hierro-Olavarr\u00eda\" src=\"https:\/\/webs.uab.cat\/miras\/wp-content\/uploads\/sites\/300\/2020\/06\/marina-arrasate.png\" style=\"width:172px; height:186px; float:left\" width=\"172\" height=\"186\">Marina Arrasate Hierro-Olavarr\u00eda \u00e9s doctora en Traducci\u00f3 i Estudis Interculturals per la Universitat Aut\u00f2noma de Barcelona. La seva tesi doctoral tracta els processos d\u2019arribada i les experi\u00e8ncies educatives d\u2019un conjunt de dones d\u2019origen pakistan\u00e8s establertes a Barcelona.<\/p>\n<p class=\"rtejustify\">Ha participat en diversos projectes de recerca vinculats amb el col\u00b7lectiu pakistan\u00e8s de Barcelona, &nbsp;la migraci\u00f3 i els serveis p\u00fablics. L\u2019any 2016 va fundar amb l\u2019Alejandra Tercero, la Berta G\u00fcell, l\u2019Eva Maciocco i la Komal Naz el grup de recerca Recerpak especialitzat en l\u2019estudi del col\u00b7lectiu pakistan\u00e8s de Barcelona.<\/p>\n<p class=\"rtejustify\">Els seus interessos de recerca inclouen l\u2019estudi migratori des d\u2019una perspectiva de g\u00e8nere, la problem\u00e0tica comunicativa als serveis p\u00fablics i els processos d\u2019escolaritzaci\u00f3 i les traject\u00f2ries educatives de grups minoritzats i d\u2019or\u00edgens diversos.<\/p>\n<p class=\"rtejustify\">Llicenciada en F\u00edsica i m\u00e0ster en Creaci\u00f3 Liter\u00e0ria, combina la recerca amb la tasca docent, ha col\u00b7laborat amb diverses entitats educatives i, des de l&#8217;any 2018, treballa com a professora de secund\u00e0ria al Consorci d\u2019Educaci\u00f3 de Barcelona. &nbsp;<\/p>\n<p class=\"rtejustify\">&nbsp;<\/p>\n<p class=\"rtejustify\"><strong>Publicacions <\/strong><\/p>\n<p class=\"rtejustify\">G\u00fcell Torrent, B., Arrasate Hierro-Olavarr\u00eda, M., i Arrar\u00e0s, A. S. (2020). Visibilizando estrategias de agencia y empoderamiento econ\u00f3mico: el caso de las mujeres de origen pakistan\u00ed en Barcelona. <a href=\"https:\/\/revistas.comillas.edu\/index.php\/revistamigraciones\/article\/view\/11541\" target=\"_blank\" rel=\"noopener\"><em>Migraciones. Publicaci\u00f3n del Instituto Universitario de Estudios sobre Migraciones<\/em><\/a>, (48), 51-78.<\/p>\n<p class=\"rtejustify\">Arrasate Hierro-Olavarr\u00eda, M. (2018). <a href=\"https:\/\/www.educacion.gob.es\/teseo\/imprimirFicheroTesis.do?idFichero=r87bvo4nELA%3D\" target=\"_blank\" rel=\"noopener\">Procesos de llegada y experiencias educativas de mujeres de origen pakistan\u00ed en Barcelona<\/a>. Tesis doctoral. Universitat Aut\u00f2noma de Barcelona.<\/p>\n<p class=\"rtejustify\">Arrasate Hierro-Olavarr\u00eda, M. (2017). Comunicaci\u00f3n y acceso a los servicios p\u00fablicos: estudio de la perspectiva de las mujeres pakistan\u00edes de Barcelona. <a href=\"http:\/\/lym.linguas.net\/Download.axd?type=ArticleItem&amp;id=172\" target=\"_blank\" rel=\"noopener\"><em>Lengua y Migraci\u00f3n<\/em><\/a>, 9(1), 39-62.<\/p>\n","protected":false},"excerpt":{"rendered":"<p>Marina Arrasate Hierro-Olavarr\u00eda \u00e9s doctora en Traducci\u00f3 i Estudis Interculturals per la Universitat Aut\u00f2noma de Barcelona. La seva tesi doctoral tracta els processos d\u2019arribada i les experi\u00e8ncies educatives d\u2019un conjunt de dones d\u2019origen pakistan\u00e8s establertes a Barcelona. Ha participat en diversos projectes de recerca vinculats amb el col\u00b7lectiu pakistan\u00e8s de Barcelona, &nbsp;la migraci\u00f3 i els [&hellip;]<\/p>\n","protected":false},"author":20,"featured_media":0,"parent":0,"menu_order":0,"comment_status":"closed","ping_status":"closed","template":"","meta":{"footnotes":""},"class_list":["post-795","page","type-page","status-publish","hentry"],"_links":{"self":[{"href":"https:\/\/webs.uab.cat\/miras\/ca\/wp-json\/wp\/v2\/pages\/795","targetHints":{"allow":["GET"]}}],"collection":[{"href":"https:\/\/webs.uab.cat\/miras\/ca\/wp-json\/wp\/v2\/pages"}],"about":[{"href":"https:\/\/webs.uab.cat\/miras\/ca\/wp-json\/wp\/v2\/types\/page"}],"author":[{"embeddable":true,"href":"https:\/\/webs.uab.cat\/miras\/ca\/wp-json\/wp\/v2\/users\/20"}],"replies":[{"embeddable":true,"href":"https:\/\/webs.uab.cat\/miras\/ca\/wp-json\/wp\/v2\/comments?post=795"}],"version-history":[{"count":1,"href":"https:\/\/webs.uab.cat\/miras\/ca\/wp-json\/wp\/v2\/pages\/795\/revisions"}],"predecessor-version":[{"id":1226,"href":"https:\/\/webs.uab.cat\/miras\/ca\/wp-json\/wp\/v2\/pages\/795\/revisions\/1226"}],"wp:attachment":[{"href":"https:\/\/webs.uab.cat\/miras\/ca\/wp-json\/wp\/v2\/media?parent=795"}],"curies":[{"name":"wp","href":"https:\/\/api.w.org\/{rel}","templated":true}]}}