{"id":799,"date":"2021-02-25T23:08:45","date_gmt":"2021-02-25T21:08:45","guid":{"rendered":"https:\/\/webs.uab.cat\/miras\/2018-2\/"},"modified":"2021-02-25T23:08:45","modified_gmt":"2021-02-25T21:08:45","slug":"2018-2","status":"publish","type":"page","link":"https:\/\/webs.uab.cat\/miras\/ca\/2018-2\/","title":{"rendered":"2018"},"content":{"rendered":"<p><strong>Formaci\u00f3 per als agents ling\u00fc\u00edstics i int\u00e8rprets als Serveis P\u00fablics.&nbsp;<\/strong><\/p>\n<ul>\n<\/ul>\n<p><strong>Coordinaci\u00f3:<\/strong>&nbsp; Dra. Mireia Vargas- Urp\u00ed<\/p>\n<p><strong>Dates i durada:<\/strong>&nbsp;Juliol i novembre de 2018 (12 i 8 hores respectivament)<\/p>\n<p><strong>Organitzaci\u00f3:&nbsp;<\/strong>Ajuntament de Vic i Consell Comarcal d&#8217;Osona<\/p>\n<p>&nbsp;<\/p>\n<p><strong>Aproximaci\u00f3n creativa al Derecho comparado: apuntes para una utilizaci\u00f3n pr\u00e1ctica en la interpretaci\u00f3n judicial. Seminari.<\/strong><\/p>\n<p><strong>Impartit&nbsp;per:&nbsp;<\/strong>Dra. Carmen Bestu\u00e9&nbsp;<\/p>\n<p><strong>Data:<\/strong> 20 de julio de 2018<\/p>\n<p><strong>Lloc: <\/strong><em>National Center for Interpretation<\/em>, Universitat d&#8217;Arizona, Tucson (Estats Units)<\/p>\n<p><strong>Organitzaci\u00f3:<\/strong>&nbsp;<em>Court Interpreter Training Institute<\/em><\/p>\n<p>&nbsp;<\/p>\n<p class=\"rtejustify\"><strong>La intervenci\u00f3n del int\u00e9rprete en las actuaciones del juicio oral: consideraciones especiales para los casos de violencia de g\u00e9nero. Seminari&nbsp;incl\u00f2s&nbsp;en la I Jornada de formaci\u00f3n sobre comunicaci\u00f3n en el \u00e1mbito judicial.&nbsp;<\/strong><\/p>\n<p class=\"rtejustify\"><strong>Impartit&nbsp;per:&nbsp;<\/strong>Dra. Carmen Bestu\u00e9&nbsp;<\/p>\n<p class=\"rtejustify\"><strong>Data:&nbsp;<\/strong>11 de juny&nbsp;de 2018<\/p>\n<p class=\"rtejustify\"><strong>Lloc:&nbsp;<\/strong>Santa Cruz de Tenerife<\/p>\n<p class=\"rtejustify\"><strong>Organitzaci\u00f3: <\/strong>Ilustre Colegio de Abogados de Santa Cruz de Tenerife, Universidad de La Laguna i&nbsp;Instituto Canario de Igualdad<\/p>\n","protected":false},"excerpt":{"rendered":"<p>Formaci\u00f3 per als agents ling\u00fc\u00edstics i int\u00e8rprets als Serveis P\u00fablics.&nbsp; Coordinaci\u00f3:&nbsp; Dra. Mireia Vargas- Urp\u00ed Dates i durada:&nbsp;Juliol i novembre de 2018 (12 i 8 hores respectivament) Organitzaci\u00f3:&nbsp;Ajuntament de Vic i Consell Comarcal d&#8217;Osona &nbsp; Aproximaci\u00f3n creativa al Derecho comparado: apuntes para una utilizaci\u00f3n pr\u00e1ctica en la interpretaci\u00f3n judicial. Seminari. Impartit&nbsp;per:&nbsp;Dra. Carmen Bestu\u00e9&nbsp; Data: 20 [&hellip;]<\/p>\n","protected":false},"author":20,"featured_media":0,"parent":0,"menu_order":0,"comment_status":"closed","ping_status":"closed","template":"","meta":{"footnotes":""},"class_list":["post-799","page","type-page","status-publish","hentry"],"_links":{"self":[{"href":"https:\/\/webs.uab.cat\/miras\/ca\/wp-json\/wp\/v2\/pages\/799","targetHints":{"allow":["GET"]}}],"collection":[{"href":"https:\/\/webs.uab.cat\/miras\/ca\/wp-json\/wp\/v2\/pages"}],"about":[{"href":"https:\/\/webs.uab.cat\/miras\/ca\/wp-json\/wp\/v2\/types\/page"}],"author":[{"embeddable":true,"href":"https:\/\/webs.uab.cat\/miras\/ca\/wp-json\/wp\/v2\/users\/20"}],"replies":[{"embeddable":true,"href":"https:\/\/webs.uab.cat\/miras\/ca\/wp-json\/wp\/v2\/comments?post=799"}],"version-history":[{"count":0,"href":"https:\/\/webs.uab.cat\/miras\/ca\/wp-json\/wp\/v2\/pages\/799\/revisions"}],"wp:attachment":[{"href":"https:\/\/webs.uab.cat\/miras\/ca\/wp-json\/wp\/v2\/media?parent=799"}],"curies":[{"name":"wp","href":"https:\/\/api.w.org\/{rel}","templated":true}]}}