{"id":808,"date":"2021-03-08T08:42:39","date_gmt":"2021-03-08T06:42:39","guid":{"rendered":"https:\/\/webs.uab.cat\/miras\/2019-2\/"},"modified":"2021-03-08T08:42:39","modified_gmt":"2021-03-08T06:42:39","slug":"2019-2","status":"publish","type":"page","link":"https:\/\/webs.uab.cat\/miras\/ca\/2019-2\/","title":{"rendered":"2019"},"content":{"rendered":"<p class=\"rtejustify\"><strong>El paper de l&#8217;int\u00e8rpret en l&#8217;atenci\u00f3 psicol\u00f2gica, codi de bones pr\u00e0ctiques.&nbsp;<\/strong><\/p>\n<p class=\"rtejustify\"><strong>Professorat:&nbsp;<\/strong>Dra. Anna Gil-Bardaj\u00ed i Dra. Carmen Bestu\u00e9&nbsp;<\/p>\n<p class=\"rtejustify\"><strong>Dates i durada: <\/strong>15 i 29 de novembre de 2019&nbsp;<\/p>\n<p class=\"rtejustify\"><strong>Lloc:<\/strong> Seu del SAIER (Servei d&#8217;Atenci\u00f3 a Immigrants Estrangers i Refugiats), Barcelona&nbsp;<\/p>\n<p class=\"rtejustify\"><strong>Organitzaci\u00f3: <\/strong>Associaci\u00f3 d&#8217;utilitat p\u00fablica ABD (Associaci\u00f3 Benestar i Desenvolupament)&nbsp;<\/p>\n<p class=\"rtejustify\">&nbsp;<\/p>\n<p class=\"rtejustify\"><strong>Cursos de formaci\u00f3&nbsp;sobre traducci\u00f3&nbsp;especialitzada,&nbsp;traducci\u00f3 jur\u00eddica, interpretaci\u00f3 judicial i did\u00e0ctica de la traducci\u00f3 jur\u00eddica i la interpretaci\u00f3 judicial per a formadors i estudiants.&nbsp;<\/strong><\/p>\n<p class=\"rtejustify\"><strong>Professorat:<\/strong>&nbsp; Dra. Carmen Bestu\u00e9&nbsp;<\/p>\n<p class=\"rtejustify\"><strong>Dates i durada:<\/strong> Octubre i novembre de 2019 (12 hores)<\/p>\n<p class=\"rtejustify\"><strong>Lloc: <\/strong>Ciutat de M\u00e8xic<\/p>\n<p class=\"rtejustify\"><strong>Organitzaci\u00f3:&nbsp;&nbsp;<\/strong>Universidad&nbsp;Aut\u00f3noma de M\u00e9xico<\/p>\n<p class=\"rtejustify\">&nbsp;<\/p>\n<p class=\"rtejustify\"><strong>La mediaci\u00f3n ling\u00fc\u00edstica&nbsp;y cultural haitiano-chilena. Programa pilot&nbsp;de formaci\u00f3&nbsp;i&nbsp;concienciaci\u00f3 dirigit a professionals de l&#8217;\u00e0mbit de la salut. Seminari Internacional de Migraci\u00f3 i Mediaci\u00f3 Ling\u00fc\u00edstica.&nbsp;&nbsp;&nbsp;<\/strong><\/p>\n<p class=\"rtejustify\"><strong>Professorat:<\/strong>&nbsp; Dra. Marta Arum\u00ed i Macarena Dehnhardt<\/p>\n<p class=\"rtejustify\"><strong>Dates:<\/strong> 25 i 26&nbsp;de juny&nbsp;de 2019<\/p>\n<p class=\"rtejustify\"><strong>Lloc: <\/strong>Santiago de Xile<\/p>\n<p class=\"rtejustify\"><strong>Organitzaci\u00f3:&nbsp; <\/strong>Dra. Marta Arum\u00ed.&nbsp;Departament de Traducci\u00f3, Interpretaci\u00f3 i Estudis de l&#8217;\u00c0sia Oriental. Universitat Aut\u00f2noma de Barcelona i&nbsp;Movimiento de Acci\u00f3n Migrante (MAM).&nbsp;<\/p>\n<p class=\"rtejustify\">&nbsp;<\/p>\n<p class=\"rtejustify\">&nbsp;<\/p>\n","protected":false},"excerpt":{"rendered":"<p>El paper de l&#8217;int\u00e8rpret en l&#8217;atenci\u00f3 psicol\u00f2gica, codi de bones pr\u00e0ctiques.&nbsp; Professorat:&nbsp;Dra. Anna Gil-Bardaj\u00ed i Dra. Carmen Bestu\u00e9&nbsp; Dates i durada: 15 i 29 de novembre de 2019&nbsp; Lloc: Seu del SAIER (Servei d&#8217;Atenci\u00f3 a Immigrants Estrangers i Refugiats), Barcelona&nbsp; Organitzaci\u00f3: Associaci\u00f3 d&#8217;utilitat p\u00fablica ABD (Associaci\u00f3 Benestar i Desenvolupament)&nbsp; &nbsp; Cursos de formaci\u00f3&nbsp;sobre traducci\u00f3&nbsp;especialitzada,&nbsp;traducci\u00f3 jur\u00eddica, [&hellip;]<\/p>\n","protected":false},"author":20,"featured_media":0,"parent":0,"menu_order":0,"comment_status":"closed","ping_status":"closed","template":"","meta":{"footnotes":""},"class_list":["post-808","page","type-page","status-publish","hentry"],"_links":{"self":[{"href":"https:\/\/webs.uab.cat\/miras\/ca\/wp-json\/wp\/v2\/pages\/808","targetHints":{"allow":["GET"]}}],"collection":[{"href":"https:\/\/webs.uab.cat\/miras\/ca\/wp-json\/wp\/v2\/pages"}],"about":[{"href":"https:\/\/webs.uab.cat\/miras\/ca\/wp-json\/wp\/v2\/types\/page"}],"author":[{"embeddable":true,"href":"https:\/\/webs.uab.cat\/miras\/ca\/wp-json\/wp\/v2\/users\/20"}],"replies":[{"embeddable":true,"href":"https:\/\/webs.uab.cat\/miras\/ca\/wp-json\/wp\/v2\/comments?post=808"}],"version-history":[{"count":0,"href":"https:\/\/webs.uab.cat\/miras\/ca\/wp-json\/wp\/v2\/pages\/808\/revisions"}],"wp:attachment":[{"href":"https:\/\/webs.uab.cat\/miras\/ca\/wp-json\/wp\/v2\/media?parent=808"}],"curies":[{"name":"wp","href":"https:\/\/api.w.org\/{rel}","templated":true}]}}