{"id":836,"date":"2022-06-14T13:49:55","date_gmt":"2022-06-14T11:49:55","guid":{"rendered":"https:\/\/webs.uab.cat\/miras\/audiovisuals\/"},"modified":"2023-05-05T13:14:18","modified_gmt":"2023-05-05T11:14:18","slug":"audiovisuals","status":"publish","type":"page","link":"https:\/\/webs.uab.cat\/miras\/ca\/audiovisuals\/","title":{"rendered":"AUDIOVISUALS"},"content":{"rendered":"\n<p>En el marc de diferents projectes finan\u00e7ats, el grup MIRAS ha desenvolupat una col\u00b7lecci\u00f3 de materials audiovisuals en acc\u00e9s obert que estan disponibles a trav\u00e9s dels enlla\u00e7os que hem recopilat aqu\u00ed sota.<\/p>\n\n\n\n<p><a href=\"https:\/\/pagines.uab.cat\/expandingpsi\/content\/watch-videos-en-subtitles\" target=\"_blank\" rel=\"noopener noreferrer\">EXPANDING PROFESSIONAL BORDERS<\/a>&nbsp;&#8211; Public Service Interpreting and the Challenges of the New Millennium<\/p>\n\n\n\n<figure class=\"wp-block-image size-large is-style-rounded\"><img loading=\"lazy\" decoding=\"async\" width=\"1024\" height=\"682\" src=\"https:\/\/webs.uab.cat\/miras\/wp-content\/uploads\/sites\/300\/2023\/05\/expanding-professional-borders-1-1024x682.png\" alt=\"\" class=\"wp-image-1606\" srcset=\"https:\/\/webs.uab.cat\/miras\/wp-content\/uploads\/sites\/300\/2023\/05\/expanding-professional-borders-1-1024x682.png 1024w, https:\/\/webs.uab.cat\/miras\/wp-content\/uploads\/sites\/300\/2023\/05\/expanding-professional-borders-1-300x200.png 300w, https:\/\/webs.uab.cat\/miras\/wp-content\/uploads\/sites\/300\/2023\/05\/expanding-professional-borders-1-768x512.png 768w, https:\/\/webs.uab.cat\/miras\/wp-content\/uploads\/sites\/300\/2023\/05\/expanding-professional-borders-1-1536x1024.png 1536w, https:\/\/webs.uab.cat\/miras\/wp-content\/uploads\/sites\/300\/2023\/05\/expanding-professional-borders-1-1200x800.png 1200w, https:\/\/webs.uab.cat\/miras\/wp-content\/uploads\/sites\/300\/2023\/05\/expanding-professional-borders-1-1980x1320.png 1980w, https:\/\/webs.uab.cat\/miras\/wp-content\/uploads\/sites\/300\/2023\/05\/expanding-professional-borders-1.png 2000w\" sizes=\"auto, (max-width: 1024px) 100vw, 1024px\" \/><\/figure>\n\n\n\n<p><a rel=\"noopener noreferrer\" href=\"https:\/\/pagines.uab.cat\/eylbid\/en\/content\/videos\" target=\"_blank\">EYLBID<\/a>\u00a0&#8211; Empowering Young Language Brokers for Inclusion in Diversity<\/p>\n\n\n\n<figure class=\"wp-block-image size-large is-style-rounded\"><img loading=\"lazy\" decoding=\"async\" width=\"1024\" height=\"682\" src=\"https:\/\/webs.uab.cat\/miras\/wp-content\/uploads\/sites\/300\/2023\/05\/eylbid-audiovisuales-2-1024x682.png\" alt=\"\" class=\"wp-image-1602\" srcset=\"https:\/\/webs.uab.cat\/miras\/wp-content\/uploads\/sites\/300\/2023\/05\/eylbid-audiovisuales-2-1024x682.png 1024w, https:\/\/webs.uab.cat\/miras\/wp-content\/uploads\/sites\/300\/2023\/05\/eylbid-audiovisuales-2-300x200.png 300w, https:\/\/webs.uab.cat\/miras\/wp-content\/uploads\/sites\/300\/2023\/05\/eylbid-audiovisuales-2-768x512.png 768w, https:\/\/webs.uab.cat\/miras\/wp-content\/uploads\/sites\/300\/2023\/05\/eylbid-audiovisuales-2-1536x1024.png 1536w, https:\/\/webs.uab.cat\/miras\/wp-content\/uploads\/sites\/300\/2023\/05\/eylbid-audiovisuales-2-1200x800.png 1200w, https:\/\/webs.uab.cat\/miras\/wp-content\/uploads\/sites\/300\/2023\/05\/eylbid-audiovisuales-2-1980x1320.png 1980w, https:\/\/webs.uab.cat\/miras\/wp-content\/uploads\/sites\/300\/2023\/05\/eylbid-audiovisuales-2.png 2000w\" sizes=\"auto, (max-width: 1024px) 100vw, 1024px\" \/><\/figure>\n\n\n\n<p><a href=\"https:\/\/grupsderecerca.uab.cat\/miras\/en\/situated-dialogues\" rel=\"noopener noreferrer\">SITUATED DIALOGUES<\/a>: Audio Materials for the Practice of Liaison Interpreting<\/p>\n\n\n\n<figure class=\"wp-block-image size-large is-style-rounded\"><img loading=\"lazy\" decoding=\"async\" width=\"1024\" height=\"682\" src=\"https:\/\/webs.uab.cat\/miras\/wp-content\/uploads\/sites\/300\/2023\/05\/situated-dialogues-1-1024x682.png\" alt=\"\" class=\"wp-image-1598\" srcset=\"https:\/\/webs.uab.cat\/miras\/wp-content\/uploads\/sites\/300\/2023\/05\/situated-dialogues-1-1024x682.png 1024w, https:\/\/webs.uab.cat\/miras\/wp-content\/uploads\/sites\/300\/2023\/05\/situated-dialogues-1-300x200.png 300w, https:\/\/webs.uab.cat\/miras\/wp-content\/uploads\/sites\/300\/2023\/05\/situated-dialogues-1-768x512.png 768w, https:\/\/webs.uab.cat\/miras\/wp-content\/uploads\/sites\/300\/2023\/05\/situated-dialogues-1-1536x1024.png 1536w, https:\/\/webs.uab.cat\/miras\/wp-content\/uploads\/sites\/300\/2023\/05\/situated-dialogues-1-1200x800.png 1200w, https:\/\/webs.uab.cat\/miras\/wp-content\/uploads\/sites\/300\/2023\/05\/situated-dialogues-1-1980x1320.png 1980w, https:\/\/webs.uab.cat\/miras\/wp-content\/uploads\/sites\/300\/2023\/05\/situated-dialogues-1.png 2000w\" sizes=\"auto, (max-width: 1024px) 100vw, 1024px\" \/><\/figure>\n\n\n\n<p><a href=\"https:\/\/youtube.com\/playlist?list=PL047xfEIsOa0zbi9ZG9feErkZ-1TTei3O\">ILM<\/a> &#8211; La intermediaci\u00f3 ling\u00fc\u00edstica per part de menors<\/p>\n\n\n\n<figure class=\"wp-block-gallery has-nested-images columns-default is-cropped wp-block-gallery-1 is-layout-flex wp-block-gallery-is-layout-flex\">\n<figure class=\"wp-block-image size-large is-style-rounded\"><img loading=\"lazy\" decoding=\"async\" width=\"1024\" height=\"682\" data-id=\"1610\" src=\"https:\/\/webs.uab.cat\/miras\/wp-content\/uploads\/sites\/300\/2023\/05\/ILM-1-1024x682.png\" alt=\"\" class=\"wp-image-1610\" srcset=\"https:\/\/webs.uab.cat\/miras\/wp-content\/uploads\/sites\/300\/2023\/05\/ILM-1-1024x682.png 1024w, https:\/\/webs.uab.cat\/miras\/wp-content\/uploads\/sites\/300\/2023\/05\/ILM-1-300x200.png 300w, https:\/\/webs.uab.cat\/miras\/wp-content\/uploads\/sites\/300\/2023\/05\/ILM-1-768x512.png 768w, https:\/\/webs.uab.cat\/miras\/wp-content\/uploads\/sites\/300\/2023\/05\/ILM-1-1536x1024.png 1536w, https:\/\/webs.uab.cat\/miras\/wp-content\/uploads\/sites\/300\/2023\/05\/ILM-1-1200x800.png 1200w, https:\/\/webs.uab.cat\/miras\/wp-content\/uploads\/sites\/300\/2023\/05\/ILM-1-1980x1320.png 1980w, https:\/\/webs.uab.cat\/miras\/wp-content\/uploads\/sites\/300\/2023\/05\/ILM-1.png 2000w\" sizes=\"auto, (max-width: 1024px) 100vw, 1024px\" \/><\/figure>\n<\/figure>\n","protected":false},"excerpt":{"rendered":"<p>En el marc de diferents projectes finan\u00e7ats, el grup MIRAS ha desenvolupat una col\u00b7lecci\u00f3 de materials audiovisuals en acc\u00e9s obert que estan disponibles a trav\u00e9s dels enlla\u00e7os que hem recopilat aqu\u00ed sota. EXPANDING PROFESSIONAL BORDERS&nbsp;&#8211; Public Service Interpreting and the Challenges of the New Millennium EYLBID\u00a0&#8211; Empowering Young Language Brokers for Inclusion in Diversity SITUATED [&hellip;]<\/p>\n","protected":false},"author":20,"featured_media":0,"parent":0,"menu_order":0,"comment_status":"closed","ping_status":"closed","template":"","meta":{"footnotes":""},"class_list":["post-836","page","type-page","status-publish","hentry"],"_links":{"self":[{"href":"https:\/\/webs.uab.cat\/miras\/ca\/wp-json\/wp\/v2\/pages\/836","targetHints":{"allow":["GET"]}}],"collection":[{"href":"https:\/\/webs.uab.cat\/miras\/ca\/wp-json\/wp\/v2\/pages"}],"about":[{"href":"https:\/\/webs.uab.cat\/miras\/ca\/wp-json\/wp\/v2\/types\/page"}],"author":[{"embeddable":true,"href":"https:\/\/webs.uab.cat\/miras\/ca\/wp-json\/wp\/v2\/users\/20"}],"replies":[{"embeddable":true,"href":"https:\/\/webs.uab.cat\/miras\/ca\/wp-json\/wp\/v2\/comments?post=836"}],"version-history":[{"count":3,"href":"https:\/\/webs.uab.cat\/miras\/ca\/wp-json\/wp\/v2\/pages\/836\/revisions"}],"predecessor-version":[{"id":3028,"href":"https:\/\/webs.uab.cat\/miras\/ca\/wp-json\/wp\/v2\/pages\/836\/revisions\/3028"}],"wp:attachment":[{"href":"https:\/\/webs.uab.cat\/miras\/ca\/wp-json\/wp\/v2\/media?parent=836"}],"curies":[{"name":"wp","href":"https:\/\/api.w.org\/{rel}","templated":true}]}}