{"id":1939,"date":"2022-10-05T14:37:45","date_gmt":"2022-10-05T12:37:45","guid":{"rendered":"https:\/\/webs.uab.cat\/miras\/abdallah-tagourramt-el-kbaich\/"},"modified":"2024-04-09T11:03:32","modified_gmt":"2024-04-09T09:03:32","slug":"abdallah-tagourramt-el-kbaich","status":"publish","type":"page","link":"https:\/\/webs.uab.cat\/miras\/en\/abdallah-tagourramt-el-kbaich\/","title":{"rendered":"Abdallah Tagourramt El Kbaich"},"content":{"rendered":"<p class=\"rtejustify\">\n\n\n<figure class=\"wp-block-image size-large is-resized\"><img loading=\"lazy\" decoding=\"async\" width=\"1024\" height=\"740\" src=\"https:\/\/webs.uab.cat\/miras\/wp-content\/uploads\/sites\/300\/2024\/01\/Abdallah-R0067240-lista-1024x740.jpg\" alt=\"\" class=\"wp-image-1923\" style=\"width:385px;height:278px\" srcset=\"https:\/\/webs.uab.cat\/miras\/wp-content\/uploads\/sites\/300\/2024\/01\/Abdallah-R0067240-lista-1024x740.jpg 1024w, https:\/\/webs.uab.cat\/miras\/wp-content\/uploads\/sites\/300\/2024\/01\/Abdallah-R0067240-lista-300x217.jpg 300w, https:\/\/webs.uab.cat\/miras\/wp-content\/uploads\/sites\/300\/2024\/01\/Abdallah-R0067240-lista-768x555.jpg 768w, https:\/\/webs.uab.cat\/miras\/wp-content\/uploads\/sites\/300\/2024\/01\/Abdallah-R0067240-lista-1536x1109.jpg 1536w, https:\/\/webs.uab.cat\/miras\/wp-content\/uploads\/sites\/300\/2024\/01\/Abdallah-R0067240-lista-2048x1479.jpg 2048w, https:\/\/webs.uab.cat\/miras\/wp-content\/uploads\/sites\/300\/2024\/01\/Abdallah-R0067240-lista-1200x867.jpg 1200w, https:\/\/webs.uab.cat\/miras\/wp-content\/uploads\/sites\/300\/2024\/01\/Abdallah-R0067240-lista-1980x1430.jpg 1980w\" sizes=\"auto, (max-width: 1024px) 100vw, 1024px\" \/><\/figure>\n\n\n\n<p><strong>Contact:<\/strong> <a href=\"mailto:abdallah.tagourramt@uab.cat\">abdallah.tagourramt@uab.cat<\/a><\/p>\n\n\n\n<hr class=\"wp-block-separator has-alpha-channel-opacity\" \/>\n\n\n\n<p><strong>Abdallah Tagourramt<\/strong><strong>&nbsp;<\/strong><strong>El Kbaich <\/strong>is a graduate in Arabic Studies and Hispanic Studies. He also holds a Master\u2019s degree in Construction and Representation of Cultural Identities, a Master\u2019s degree in University Training for Novice Professors, and a PhD. in Cultural, Literary and Linguistic Studies (UB). He is accredited as a tenure-track lecturer (AQU) and an assistant doctoral lecturer (ANECA).<\/p>\n\n\n\n<p>Since 2001, he teaches Arabic and translation in universities and public and private centres, such as Universidad de Agadir, University of Barcelona, Pompeu Fabra University, Universitat Aut\u00f2noma de Barcelona, and ESADE, among others. Alongside with his teaching, his research career encompasses philological studies, translation, and the construction of cultural identities. His main contribution in this context is putting translation at service of philology and philology at service of translation. From a multidisciplinary perspective and on the basis of diverse but converging hypotheses and opinions, the acceptance of the science of the ancients and modern European science in Arabic culture has been developed in his work in accordance with the comprehensive use of bibliography written in Arabic and other languages. He has published several works on the topic in indexed journals such as&nbsp;<em>TRANS.&nbsp;Revista de Traductolog\u00eda<\/em>, (24\/2020);&nbsp;<em>MonTI. Monograf\u00edas de Traducci\u00f3n e Interpretaci\u00f3n<\/em>, (15\/2023);&nbsp;<em>Quaderns. Revista de Traducci\u00f3,<\/em>&nbsp;(30\/2023);&nbsp;<em>Revista de Filolog\u00eda de la Universidad de la Laguna<\/em>, (47\/2023). He wrote the book&nbsp;<em>El tejido del pensamiento \u00e1rabe: la traducci\u00f3n en sus fases cl\u00e1sica y moderna<\/em> (Bellaterra Edicions, 2022).&nbsp;He took part in several R&amp;D research projects.<\/p>\n\n\n\n<p>Presently, he holds a postdoctoral fellowship at the Translation and Interpreting Faculty-UAB within the framework of the project \u201cMediated intercultural communication in health services\u201d. He has participated in several national and international conferences and is a member of the research groups&nbsp;1) Cartografies Liter\u00e0ries de la Mediterr\u00e0nia-UB and 2) Mediaci\u00f3, Interpretaci\u00f3 i Recerca en l\u2019\u00c0mbit Social-UAB.<\/p>\n\n\n\n<p><a href=\"https:\/\/webgrec.ub.edu\/webpages\/personal\/cas\/014601_a.tagourramt.ub.edu.html\">Personal Website<\/a>\u00a0<\/p>\n","protected":false},"excerpt":{"rendered":"<p>Contact: abdallah.tagourramt@uab.cat Abdallah Tagourramt&nbsp;El Kbaich is a graduate in Arabic Studies and Hispanic Studies. He also holds a Master\u2019s degree in Construction and Representation of Cultural Identities, a Master\u2019s degree in University Training for Novice Professors, and a PhD. in Cultural, Literary and Linguistic Studies (UB). He is accredited as a tenure-track lecturer (AQU) and [&hellip;]<\/p>\n","protected":false},"author":20,"featured_media":0,"parent":0,"menu_order":0,"comment_status":"closed","ping_status":"closed","template":"","meta":{"footnotes":""},"class_list":["post-1939","page","type-page","status-publish","hentry"],"_links":{"self":[{"href":"https:\/\/webs.uab.cat\/miras\/en\/wp-json\/wp\/v2\/pages\/1939","targetHints":{"allow":["GET"]}}],"collection":[{"href":"https:\/\/webs.uab.cat\/miras\/en\/wp-json\/wp\/v2\/pages"}],"about":[{"href":"https:\/\/webs.uab.cat\/miras\/en\/wp-json\/wp\/v2\/types\/page"}],"author":[{"embeddable":true,"href":"https:\/\/webs.uab.cat\/miras\/en\/wp-json\/wp\/v2\/users\/20"}],"replies":[{"embeddable":true,"href":"https:\/\/webs.uab.cat\/miras\/en\/wp-json\/wp\/v2\/comments?post=1939"}],"version-history":[{"count":2,"href":"https:\/\/webs.uab.cat\/miras\/en\/wp-json\/wp\/v2\/pages\/1939\/revisions"}],"predecessor-version":[{"id":2028,"href":"https:\/\/webs.uab.cat\/miras\/en\/wp-json\/wp\/v2\/pages\/1939\/revisions\/2028"}],"wp:attachment":[{"href":"https:\/\/webs.uab.cat\/miras\/en\/wp-json\/wp\/v2\/media?parent=1939"}],"curies":[{"name":"wp","href":"https:\/\/api.w.org\/{rel}","templated":true}]}}