{"id":2074,"date":"2024-01-25T10:44:27","date_gmt":"2024-01-25T09:44:27","guid":{"rendered":"https:\/\/webs.uab.cat\/miras\/?page_id=2074"},"modified":"2026-04-21T13:16:13","modified_gmt":"2026-04-21T11:16:13","slug":"news","status":"publish","type":"page","link":"https:\/\/webs.uab.cat\/miras\/en\/news\/","title":{"rendered":"NEWS"},"content":{"rendered":"\n<figure class=\"wp-block-embed is-type-wp-embed is-provider-miras-mediaci-interpretaci-i-recerca-en-l-039-mbit-social wp-block-embed-miras-mediaci-interpretaci-i-recerca-en-l-039-mbit-social\"><div class=\"wp-block-embed__wrapper\">\n<blockquote class=\"wp-embedded-content\" data-secret=\"xHiKPGmd3B\"><a href=\"https:\/\/webs.uab.cat\/miras\/mattea-cussel-investigadora-de-miras-gana-el-segundo-premio-marta-cheung-al-mejor-articulo-cientifico\/\">Mattea Cussel, investigadora de MIRAS, gana el segundo premio Marta Cheung al mejor art\u00edculo cient\u00edfico<\/a><\/blockquote><iframe loading=\"lazy\" class=\"wp-embedded-content\" sandbox=\"allow-scripts\" security=\"restricted\" style=\"position: absolute; visibility: hidden;\" title=\"&#8220;Mattea Cussel, investigadora de MIRAS, gana el segundo premio Marta Cheung al mejor art\u00edculo cient\u00edfico&#8221; &#8212; MIRAS: Mediaci\u00f3, Interpretaci\u00f3 i Recerca en l&#039;\u00c0mbit Social\" src=\"https:\/\/webs.uab.cat\/miras\/mattea-cussel-investigadora-de-miras-gana-el-segundo-premio-marta-cheung-al-mejor-articulo-cientifico\/embed\/#?secret=84sb3nycWw#?secret=xHiKPGmd3B\" data-secret=\"xHiKPGmd3B\" width=\"580\" height=\"327\" frameborder=\"0\" marginwidth=\"0\" marginheight=\"0\" scrolling=\"no\"><\/iframe>\n<\/div><\/figure>\n\n\n\n<figure class=\"wp-block-embed is-type-wp-embed is-provider-miras-mediaci-interpretaci-i-recerca-en-l-039-mbit-social wp-block-embed-miras-mediaci-interpretaci-i-recerca-en-l-039-mbit-social\"><div class=\"wp-block-embed__wrapper\">\n<blockquote class=\"wp-embedded-content\" data-secret=\"d5NdCOWBxq\"><a href=\"https:\/\/webs.uab.cat\/miras\/en\/miras-researchers-participate-in-various-activities-at-universities-in-japan\/\">MIRAS researchers participate in various activities at universities in Japan<\/a><\/blockquote><iframe loading=\"lazy\" class=\"wp-embedded-content\" sandbox=\"allow-scripts\" security=\"restricted\" style=\"position: absolute; visibility: hidden;\" title=\"&#8220;MIRAS researchers participate in various activities at universities in Japan&#8221; &#8212; MIRAS: Mediaci\u00f3, Interpretaci\u00f3 i Recerca en l&#039;\u00c0mbit Social\" src=\"https:\/\/webs.uab.cat\/miras\/en\/miras-researchers-participate-in-various-activities-at-universities-in-japan\/embed\/#?secret=dXmi4GlP4b#?secret=d5NdCOWBxq\" data-secret=\"d5NdCOWBxq\" width=\"580\" height=\"327\" frameborder=\"0\" marginwidth=\"0\" marginheight=\"0\" scrolling=\"no\"><\/iframe>\n<\/div><\/figure>\n\n\n\n<figure class=\"wp-block-embed is-type-wp-embed is-provider-miras-mediaci-interpretaci-i-recerca-en-l-039-mbit-social wp-block-embed-miras-mediaci-interpretaci-i-recerca-en-l-039-mbit-social\"><div class=\"wp-block-embed__wrapper\">\n<blockquote class=\"wp-embedded-content\" data-secret=\"NYAIxGAzms\"><a href=\"https:\/\/webs.uab.cat\/miras\/en\/miras-will-hold-a-research-seminar-open-to-phd-candidates\/\">MIRAS will hold a Research Seminar open to PhD candidates<\/a><\/blockquote><iframe loading=\"lazy\" class=\"wp-embedded-content\" sandbox=\"allow-scripts\" security=\"restricted\" style=\"position: absolute; visibility: hidden;\" title=\"&#8220;MIRAS will hold a Research Seminar open to PhD candidates&#8221; &#8212; MIRAS: Mediaci\u00f3, Interpretaci\u00f3 i Recerca en l&#039;\u00c0mbit Social\" src=\"https:\/\/webs.uab.cat\/miras\/en\/miras-will-hold-a-research-seminar-open-to-phd-candidates\/embed\/#?secret=avZqJV6dOM#?secret=NYAIxGAzms\" data-secret=\"NYAIxGAzms\" width=\"580\" height=\"327\" frameborder=\"0\" marginwidth=\"0\" marginheight=\"0\" scrolling=\"no\"><\/iframe>\n<\/div><\/figure>\n\n\n\n<figure class=\"wp-block-embed is-type-wp-embed is-provider-miras-mediaci-interpretaci-i-recerca-en-l-039-mbit-social wp-block-embed-miras-mediaci-interpretaci-i-recerca-en-l-039-mbit-social\"><div class=\"wp-block-embed__wrapper\">\n<blockquote class=\"wp-embedded-content\" data-secret=\"gnHv4SI7ep\"><a href=\"https:\/\/webs.uab.cat\/miras\/en\/cimas-team-showcases-research-at-the-6th-european-colloquium-on-gender-translation\/\">CIMAS team showcases research at the 6th European Colloquium on Gender &amp; Translation<\/a><\/blockquote><iframe loading=\"lazy\" class=\"wp-embedded-content\" sandbox=\"allow-scripts\" security=\"restricted\" style=\"position: absolute; visibility: hidden;\" title=\"&#8220;CIMAS team showcases research at the 6th European Colloquium on Gender &amp; Translation&#8221; &#8212; MIRAS: Mediaci\u00f3, Interpretaci\u00f3 i Recerca en l&#039;\u00c0mbit Social\" src=\"https:\/\/webs.uab.cat\/miras\/en\/cimas-team-showcases-research-at-the-6th-european-colloquium-on-gender-translation\/embed\/#?secret=eMxoHe0Xk4#?secret=gnHv4SI7ep\" data-secret=\"gnHv4SI7ep\" width=\"580\" height=\"327\" frameborder=\"0\" marginwidth=\"0\" marginheight=\"0\" scrolling=\"no\"><\/iframe>\n<\/div><\/figure>\n\n\n\n<figure class=\"wp-block-embed is-type-wp-embed is-provider-miras-mediaci-interpretaci-i-recerca-en-l-039-mbit-social wp-block-embed-miras-mediaci-interpretaci-i-recerca-en-l-039-mbit-social\"><div class=\"wp-block-embed__wrapper\">\n<blockquote class=\"wp-embedded-content\" data-secret=\"Aht9uMOH1f\"><a href=\"https:\/\/webs.uab.cat\/miras\/en\/miras-researchers-present-at-est-conference\/\">MIRAS researchers present at EST conference<\/a><\/blockquote><iframe loading=\"lazy\" class=\"wp-embedded-content\" sandbox=\"allow-scripts\" security=\"restricted\" style=\"position: absolute; visibility: hidden;\" title=\"&#8220;MIRAS researchers present at EST conference&#8221; &#8212; MIRAS: Mediaci\u00f3, Interpretaci\u00f3 i Recerca en l&#039;\u00c0mbit Social\" src=\"https:\/\/webs.uab.cat\/miras\/en\/miras-researchers-present-at-est-conference\/embed\/#?secret=eB5EoyQq20#?secret=Aht9uMOH1f\" data-secret=\"Aht9uMOH1f\" width=\"580\" height=\"327\" frameborder=\"0\" marginwidth=\"0\" marginheight=\"0\" scrolling=\"no\"><\/iframe>\n<\/div><\/figure>\n\n\n\n<figure class=\"wp-block-embed is-type-wp-embed is-provider-miras-mediaci-interpretaci-i-recerca-en-l-039-mbit-social wp-block-embed-miras-mediaci-interpretaci-i-recerca-en-l-039-mbit-social\"><div class=\"wp-block-embed__wrapper\">\n<blockquote class=\"wp-embedded-content\" data-secret=\"kvPBPFJXc8\"><a href=\"https:\/\/webs.uab.cat\/miras\/en\/call-for-papers-first-issue-of-the-journal-of-non-professional-interpreting-and-translation-jonpit\/\">Call for Papers: First issue of the Journal of Non-Professional Interpreting and Translation (JoNPIT)<\/a><\/blockquote><iframe loading=\"lazy\" class=\"wp-embedded-content\" sandbox=\"allow-scripts\" security=\"restricted\" style=\"position: absolute; visibility: hidden;\" title=\"&#8220;Call for Papers: First issue of the Journal of Non-Professional Interpreting and Translation (JoNPIT)&#8221; &#8212; MIRAS: Mediaci\u00f3, Interpretaci\u00f3 i Recerca en l&#039;\u00c0mbit Social\" src=\"https:\/\/webs.uab.cat\/miras\/en\/call-for-papers-first-issue-of-the-journal-of-non-professional-interpreting-and-translation-jonpit\/embed\/#?secret=tpecqlT2Tt#?secret=kvPBPFJXc8\" data-secret=\"kvPBPFJXc8\" width=\"580\" height=\"327\" frameborder=\"0\" marginwidth=\"0\" marginheight=\"0\" scrolling=\"no\"><\/iframe>\n<\/div><\/figure>\n\n\n\n<ul class=\"wp-block-list\">\n<li><a href=\"https:\/\/www.uab.cat\/web\/newsroom\/news-detail\/-1345830290613.html?detid=1345926705923\">New tools for a more inclusive and plural education in Europe: MIRAS researchers presented in Brussels the results of the NEW ABC project<\/a><\/li>\n<\/ul>\n\n\n\n<figure class=\"wp-block-embed is-type-wp-embed is-provider-miras-mediaci-interpretaci-i-recerca-en-l-039-mbit-social wp-block-embed-miras-mediaci-interpretaci-i-recerca-en-l-039-mbit-social\"><div class=\"wp-block-embed__wrapper\">\n<blockquote class=\"wp-embedded-content\" data-secret=\"U0D3LSETJx\"><a href=\"https:\/\/webs.uab.cat\/miras\/en\/the-audiovisual-council-of-catalonia-grants-a-special-mention-for-diversity-in-the-audiovisual-to-miras\/\">The Audiovisual Council of Catalonia grants a Special Mention for Diversity in the Audiovisual to MIRAS<\/a><\/blockquote><iframe loading=\"lazy\" class=\"wp-embedded-content\" sandbox=\"allow-scripts\" security=\"restricted\" style=\"position: absolute; visibility: hidden;\" title=\"&#8220;The Audiovisual Council of Catalonia grants a Special Mention for Diversity in the Audiovisual to MIRAS&#8221; &#8212; Grup de recerca MIRAS\" src=\"https:\/\/webs.uab.cat\/miras\/en\/the-audiovisual-council-of-catalonia-grants-a-special-mention-for-diversity-in-the-audiovisual-to-miras\/embed\/#?secret=fNsO9B9wIt#?secret=U0D3LSETJx\" data-secret=\"U0D3LSETJx\" width=\"580\" height=\"327\" frameborder=\"0\" marginwidth=\"0\" marginheight=\"0\" scrolling=\"no\"><\/iframe>\n<\/div><\/figure>\n","protected":false},"excerpt":{"rendered":"","protected":false},"author":955,"featured_media":0,"parent":0,"menu_order":0,"comment_status":"closed","ping_status":"closed","template":"","meta":{"footnotes":""},"class_list":["post-2074","page","type-page","status-publish","hentry"],"_links":{"self":[{"href":"https:\/\/webs.uab.cat\/miras\/en\/wp-json\/wp\/v2\/pages\/2074","targetHints":{"allow":["GET"]}}],"collection":[{"href":"https:\/\/webs.uab.cat\/miras\/en\/wp-json\/wp\/v2\/pages"}],"about":[{"href":"https:\/\/webs.uab.cat\/miras\/en\/wp-json\/wp\/v2\/types\/page"}],"author":[{"embeddable":true,"href":"https:\/\/webs.uab.cat\/miras\/en\/wp-json\/wp\/v2\/users\/955"}],"replies":[{"embeddable":true,"href":"https:\/\/webs.uab.cat\/miras\/en\/wp-json\/wp\/v2\/comments?post=2074"}],"version-history":[{"count":9,"href":"https:\/\/webs.uab.cat\/miras\/en\/wp-json\/wp\/v2\/pages\/2074\/revisions"}],"predecessor-version":[{"id":3388,"href":"https:\/\/webs.uab.cat\/miras\/en\/wp-json\/wp\/v2\/pages\/2074\/revisions\/3388"}],"wp:attachment":[{"href":"https:\/\/webs.uab.cat\/miras\/en\/wp-json\/wp\/v2\/media?parent=2074"}],"curies":[{"name":"wp","href":"https:\/\/api.w.org\/{rel}","templated":true}]}}