{"id":312,"date":"2010-02-03T13:11:54","date_gmt":"2010-02-03T12:11:54","guid":{"rendered":"https:\/\/webs.uab.cat\/miras\/projects-funded\/"},"modified":"2023-12-07T08:38:11","modified_gmt":"2023-12-07T07:38:11","slug":"projects-funded","status":"publish","type":"page","link":"https:\/\/webs.uab.cat\/miras\/en\/projects-funded\/","title":{"rendered":"Funded Projets"},"content":{"rendered":"<p><strong>New ABC: Networking the Educational World&nbsp;Across Boundaries for Community-Building<\/strong><br \/>\n&nbsp; &nbsp; &nbsp; &nbsp; &nbsp;<em>Funding:<\/em>&nbsp;European Commission. Horizon 2020. Immigration<br \/>\n&nbsp; &nbsp; &nbsp; &nbsp; &nbsp;<em>Reference:<\/em>&nbsp;101004840<br \/>\n&nbsp; &nbsp; &nbsp; &nbsp; &nbsp;<em>Duration:<\/em>&nbsp;2021-2024<br \/>\n&nbsp; &nbsp; &nbsp; &nbsp; <em>Main researcher UAB<\/em><em>:<\/em>&nbsp;Marta Arum\u00ed, PhD<\/p>\n<p><strong>Empowering Young Language Brokers&nbsp;for Inclusion in Diversity<\/strong><br \/>\n&nbsp; &nbsp; &nbsp; &nbsp; &nbsp;Funding<em>:<\/em>&nbsp;European Commission. Strategic Partnership.<br \/>\n&nbsp; &nbsp; &nbsp; &nbsp; &nbsp;<em>Reference:<\/em>&nbsp;KA201-F1A09C19<br \/>\n&nbsp; &nbsp; &nbsp; &nbsp; &nbsp;<em>Duration:<\/em>&nbsp;2020-2022<br \/>\n&nbsp; &nbsp; &nbsp; &nbsp; <em>Main researchers:&nbsp;<\/em>Mireia Vargas, PhD; Marta Arum\u00ed, PhD<\/p>\n<p><strong>Young Natural Interpreters: Child Language Brokering in Education, Social Services and Healthcare Settings<\/strong><br \/>\n&nbsp; &nbsp; &nbsp; &nbsp; &nbsp;<em>Funding:\u202f<\/em>Ministerio de Ciencia, Innovaci\u00f3n y Universidades<br \/>\n&nbsp; &nbsp; &nbsp; &nbsp; &nbsp;<em>Duration:<\/em>&nbsp;2019-2021<br \/>\n&nbsp; &nbsp; &nbsp; &nbsp; &nbsp;<em>Main researcher<\/em>: Mireia Vargas Urp\u00ed, PhD<\/p>\n<p><strong>Apoderament dels immigrants haitians a Xile a trav\u00e9s de la interpretaci\u00f3 als serveis p\u00fablics i la mediaci\u00f3 ling\u00fc\u00edstica. Programa pilot de formaci\u00f3 i conscienciaci\u00f3.<\/strong><br \/>\n&nbsp; &nbsp; &nbsp; &nbsp; &nbsp; <em>Funding<\/em><em>:<\/em>&nbsp;Fundaci\u00f3 Aut\u00f2noma Solid\u00e0ria. UAB<br \/>\n&nbsp; &nbsp; &nbsp; &nbsp; &nbsp;<em>Duration:<\/em>&nbsp;2018-2020<br \/>\n&nbsp; &nbsp; &nbsp; &nbsp; &nbsp;<em>Main researcher:<\/em>&nbsp;Marta Arum\u00ed, PhD<\/p>\n<p><strong>Expanding Professional Borders. Public Service Interpreting and the Challenges of the New Millenium<\/strong><br \/>\n&nbsp; &nbsp; &nbsp; &nbsp; &nbsp;<em>Funding:\u202f<\/em>Direcci\u00f3 General d&#8217;Interpretaci\u00f3 de la Comissi\u00f3 Europea<br \/>\n&nbsp; &nbsp; &nbsp; &nbsp; &nbsp;<em>Duration:<\/em>&nbsp;2018 &#8211; 2019<br \/>\n&nbsp; &nbsp; &nbsp; &nbsp; &nbsp;<em>Main researcher:<\/em>&nbsp;Dra. Anna Gil-Bardaj\u00ed<\/p>\n<p><strong>La calidad de la traducci\u00f3n como factor de garant\u00eda del proceso penal: desarrollo de recursos al servicio de los int\u00e9rpretes judiciales de rumano, \u00e1rabe, chino, franc\u00e9s e ingl\u00e9s.&nbsp;<\/strong><br \/>\n&nbsp; &nbsp; &nbsp; &nbsp; &nbsp;<em>Funding:<\/em>&nbsp;Ministerio de Econom\u00eda y Competitividad<br \/>\n&nbsp; &nbsp; &nbsp; &nbsp; &nbsp;<em>Reference:<\/em>&nbsp;FFI2014-55029-R<br \/>\n&nbsp; &nbsp; &nbsp; &nbsp; &nbsp;<em>Duration:<\/em>&nbsp;2015-2018<br \/>\n&nbsp; &nbsp; &nbsp; &nbsp; <em>Main researchers:<\/em>&nbsp;Carmen Bestu\u00e9 Salinas, PhD; Mariana Orozco-Jutor\u00e1n, PhD<\/p>\n<p><strong>Problemes i estrat\u00e8gies de traducci\u00f3 i interpretaci\u00f3 als serveis p\u00fablics en l&#8217;\u00e0mbit socioeducatiu. Estudi de situacions d&#8217;interpretaci\u00f3 de xin\u00e8s, roman\u00e8s i \u00e0rab.<\/strong><\/p>\n<p>&nbsp; &nbsp; &nbsp; &nbsp; &nbsp;<em>Funding:<\/em>&nbsp;Ministerio de Ciencia e Innovaci\u00f3n<br \/>\n&nbsp; &nbsp; &nbsp; &nbsp; &nbsp;<em>Reference:<\/em>&nbsp;FFI2011-23905<br \/>\n&nbsp; &nbsp; &nbsp; &nbsp; &nbsp;<em>Duration:<\/em>&nbsp;2012 &#8211; 2014<br \/>\n&nbsp; &nbsp; &nbsp; &nbsp;&nbsp;<em>&nbsp;Main researcher:<\/em>&nbsp;Marta Arum\u00ed Ribas, PhD<\/p>\n<p><strong>SOS-VICS. Speak out for support<\/strong><br \/>\n&nbsp; &nbsp; &nbsp; &nbsp; &nbsp;<em>Funding:<\/em>&nbsp;European Union. Direcci\u00f3 General de Just\u00edcia.<br \/>\n&nbsp; &nbsp; &nbsp; &nbsp; &nbsp;<em>Duration:<\/em>&nbsp;2011 &#8211; 2013<br \/>\n&nbsp; &nbsp; &nbsp; &nbsp; &nbsp;<em>Main researcher&nbsp;UAB:<\/em>&nbsp;Dra. Marta Arum\u00ed<\/p>\n<p><strong>Traduir i interpretar les lleng\u00fces de la immigraci\u00f3 a Catalunya:&nbsp;cap a la formaci\u00f3 i acreditaci\u00f3 d\u00b4una professi\u00f3 emergent.<\/strong><br \/>\n&nbsp; &nbsp; &nbsp; &nbsp; &nbsp;<em>Funding:<\/em>&nbsp;Ag\u00e8ncia de Gesti\u00f3 d&#8217;Ajuts Universitaris i de Recerca (AGAUR)&nbsp;i Dir.Gral. per a la Immigraci\u00f3&nbsp;de la Generalitat de Catalunya<br \/>\n&nbsp; &nbsp; &nbsp; &nbsp; &nbsp;<em>Projecte<\/em>&nbsp;ARAFI (Ajuts de Suport a la Recerca Aplicada i a la Formaci\u00f3 Universit\u00e0ria en Immigraci\u00f3)<br \/>\n&nbsp; &nbsp; &nbsp; &nbsp; &nbsp;<em>Reference:<\/em>&nbsp;2010 ARF1 00001<br \/>\n&nbsp; &nbsp; &nbsp; &nbsp; &nbsp;<em>Duration:<\/em>&nbsp;2011 &#8211; 2012<br \/>\n&nbsp; &nbsp; &nbsp; &nbsp;&nbsp;<em>&nbsp;Main researcher:<\/em>&nbsp;Anna Gil-Bardaj\u00ed, PhD<\/p>\n<p><strong>Traducci\u00f3 i immigraci\u00f3: la formaci\u00f3 de traductors i int\u00e8rprets per als serveis p\u00fablics,&nbsp;noves solucions per a noves realitats.<\/strong><br \/>\n&nbsp; &nbsp; &nbsp; &nbsp; &nbsp;<em>Funding:<\/em>&nbsp;AGAUR&nbsp;i D.G. per a la Immigraci\u00f3&nbsp;de la Generalitat de Catalunya<br \/>\n&nbsp; &nbsp; &nbsp; &nbsp; &nbsp;<em>Projecte<\/em>&nbsp;ARAFI<br \/>\n&nbsp; &nbsp; &nbsp; &nbsp; &nbsp;<em>Reference:<\/em>&nbsp;2008ARAF100039<br \/>\n&nbsp; &nbsp; &nbsp; &nbsp; &nbsp;<em>Duration<\/em><em>:<\/em>&nbsp;2009 &#8211; 2010<br \/>\n&nbsp; &nbsp; &nbsp; &nbsp; &nbsp;<em>Main researcher:<\/em>&nbsp;Marta Arum\u00ed Ribas, PhD<\/p>\n","protected":false},"excerpt":{"rendered":"<p>New ABC: Networking the Educational World&nbsp;Across Boundaries for Community-Building &nbsp; &nbsp; &nbsp; &nbsp; &nbsp;Funding:&nbsp;European Commission. Horizon 2020. Immigration &nbsp; &nbsp; &nbsp; &nbsp; &nbsp;Reference:&nbsp;101004840 &nbsp; &nbsp; &nbsp; &nbsp; &nbsp;Duration:&nbsp;2021-2024 &nbsp; &nbsp; &nbsp; &nbsp; Main researcher UAB:&nbsp;Marta Arum\u00ed, PhD Empowering Young Language Brokers&nbsp;for Inclusion in Diversity &nbsp; &nbsp; &nbsp; &nbsp; &nbsp;Funding:&nbsp;European Commission. Strategic Partnership. &nbsp; &nbsp; &nbsp; [&hellip;]<\/p>\n","protected":false},"author":20,"featured_media":0,"parent":0,"menu_order":0,"comment_status":"closed","ping_status":"closed","template":"","meta":{"footnotes":""},"class_list":["post-312","page","type-page","status-publish","hentry"],"_links":{"self":[{"href":"https:\/\/webs.uab.cat\/miras\/en\/wp-json\/wp\/v2\/pages\/312","targetHints":{"allow":["GET"]}}],"collection":[{"href":"https:\/\/webs.uab.cat\/miras\/en\/wp-json\/wp\/v2\/pages"}],"about":[{"href":"https:\/\/webs.uab.cat\/miras\/en\/wp-json\/wp\/v2\/types\/page"}],"author":[{"embeddable":true,"href":"https:\/\/webs.uab.cat\/miras\/en\/wp-json\/wp\/v2\/users\/20"}],"replies":[{"embeddable":true,"href":"https:\/\/webs.uab.cat\/miras\/en\/wp-json\/wp\/v2\/comments?post=312"}],"version-history":[{"count":1,"href":"https:\/\/webs.uab.cat\/miras\/en\/wp-json\/wp\/v2\/pages\/312\/revisions"}],"predecessor-version":[{"id":1896,"href":"https:\/\/webs.uab.cat\/miras\/en\/wp-json\/wp\/v2\/pages\/312\/revisions\/1896"}],"wp:attachment":[{"href":"https:\/\/webs.uab.cat\/miras\/en\/wp-json\/wp\/v2\/media?parent=312"}],"curies":[{"name":"wp","href":"https:\/\/api.w.org\/{rel}","templated":true}]}}