{"id":730,"date":"2011-01-17T11:14:06","date_gmt":"2011-01-17T09:14:06","guid":{"rendered":"https:\/\/webs.uab.cat\/miras\/begona-ruiz-de-infante\/"},"modified":"2023-04-18T09:51:51","modified_gmt":"2023-04-18T07:51:51","slug":"begona-ruiz-de-infante","status":"publish","type":"page","link":"https:\/\/webs.uab.cat\/miras\/en\/begona-ruiz-de-infante\/","title":{"rendered":"Bego\u00f1a Ruiz de Infante"},"content":{"rendered":"<p align=\"justify\"><img loading=\"lazy\" decoding=\"async\" class=\"wp-image-472\" src=\"https:\/\/webs.uab.cat\/miras\/wp-content\/uploads\/sites\/300\/2016\/11\/Begona-Ruiz-de-Infante.jpg\" alt=\"__Bego\u00f1a Ruiz de Infante\" width=\"166\" height=\"221\" srcset=\"https:\/\/webs.uab.cat\/miras\/wp-content\/uploads\/sites\/300\/2016\/11\/Begona-Ruiz-de-Infante.jpg 340w, https:\/\/webs.uab.cat\/miras\/wp-content\/uploads\/sites\/300\/2016\/11\/Begona-Ruiz-de-Infante-225x300.jpg 225w\" sizes=\"auto, (max-width: 166px) 100vw, 166px\" \/><\/p>\n<hr \/>\n<p align=\"justify\"><span style=\"line-height: 20px\">\u00c9s llicenciada en Filologia Rom\u00e0nica per la UPV-EHU (1983-88) i en Xin\u00e8s mandar\u00ed pel Beijing Languages Institue (Bejing, Xina, 1988-92); ha realitzat el M\u00e0ster en Immigraci\u00f3 i Educaci\u00f3 Intercultural per la Universitat de Barcelona, Les Heures (2004).<\/span><\/p>\n<p align=\"justify\">Ha treballat com a professora de castell\u00e0 a la Universitat de Beijing (1989-90), al Liceu Franc\u00e8s de Beijing (1990-92 i 1994-99) i com a professora de xin\u00e8s al Centre d&#8217;Estudis Orientals de la Universitat d&#8217;Alacant (2000-01). En el per\u00edode compr\u00e8s entre 1992 i 1994, va fer de periodista a l&#8217;oficina de Beijing de l&#8217;Ag\u00e8ncia EFE.<\/p>\n<p align=\"justify\">Des del 2001 treballa com a traductora i int\u00e8rpret per als serveis p\u00fablics (TISP), primer a l&#8217;Ajuntament de Santa Coloma de Gramenet (2001-2006) i, des del 2007, a l&#8217;Ajuntament de Badalona.<\/p>\n<p align=\"justify\">Ha col\u00b7laborat en assessorament, mediaci\u00f3 i\/o formaci\u00f3 amb la Secretaria d&#8217;Immigraci\u00f3 de la Generalitat de Catalunya, amb el Departament d&#8217;Educaci\u00f3 de la Generalitat de Catalunya, amb UnescoCat i amb altres entitats com Save the Children, l&#8217;Associaci\u00f3 Sociocultural La Formiga, \u00d2mnium Cultural, l&#8217;Espai d&#8217;Inclusi\u00f3, la Universitat de Barcelona i la Universitat Aut\u00f2noma de Barcelona.<\/p>\n<p align=\"justify\">Va ser membre del Consell Assessor del Programa de TV3 <em>Tot un m\u00f3n <\/em>(2006-08) i ha realitzat l\u2019estudi <em>M\u00e9s a prop de les comunitats asi\u00e0tiques de Barcelona: associacionisme i xarxes socials xineses <\/em>(2008-09) per a Casa \u00c0sia.<\/p>\n<p align=\"justify\">Entre les seves publicacions cal destacar:<\/p>\n<p align=\"justify\"><em>&#8211; Bali, yo soy de la China, <\/em>publicat a Editorial La Galera (Barcelona).A trav\u00e9s de la narraci\u00f3 d\u2019un dia en la vida d\u2019una nena xinesa, s\u2019intenta despertar l\u2019inter\u00e8s per altres cultures als lectors d&#8217;entre 8 i 12 anys.<br \/>\n<em>&#8211; <\/em><em>Mirades xineses <\/em>(2007). Es tracta d\u2019un manual de presentaci\u00f3 de diversos aspectes de la Xina i de la seva cultura a alumnes de segon cicle d\u2019Educaci\u00f3 Secund\u00e0ria Obligat\u00f2ria i de Batxillerat. La guia forma part de la col\u00b7lecci\u00f3 coordinada per la ONG Save the Children \u201dMirades del M\u00f3n\u201d i va rebre una subvenci\u00f3 del Departament d\u2019Educaci\u00f3 de la Generalitat de Catalunya.<br \/>\n<em>&#8211; <\/em><em>Mirades del m\u00f3n. Algunes pinzellades de la Xina. <\/em>(2008). Barcelona: Guix dos, n\u00fam. 144. Suplement Guix 344.<\/p>\n<p align=\"justify\">Com a traductora:<\/p>\n<p align=\"justify\"><em>&#8211; \u00bfC\u00f3mo es este pa\u00eds? Un lugar diferente. Informaci\u00f3n \u00fatil para personas inmigradas.<\/em> Cotraducci\u00f3 del xin\u00e8s amb Wang Xueying i supervisi\u00f3 de la traducci\u00f3 d\u2019aquesta guia editada per l&#8217;obra social de la Fundaci\u00f3 La Caixa.<br \/>\n&#8211; G<em>u\u00eda de la Lactancia para mujeres chinas<\/em>. Hospital Trias i Pujol. Traducci\u00f3 del castell\u00e0 al xin\u00e8s.<br \/>\n<em>&#8211; Gu\u00eda de la Lactancia<\/em><em>. <\/em>Hospital Esperit Sant. Traducci\u00f3 del castell\u00e0 al xin\u00e8s.\u00a0 <em>\u00a0<\/em><br \/>\n<em>&#8211; <\/em><em>Guia de conviv\u00e8ncia ve\u00efnal .<\/em> Ajuntament de Santa Coloma de Gramenet.<br \/>\n<em>&#8211; <\/em><em>Guia ciutadana de les comarques del Consell Comarcal de la Selva <\/em><em>(Girona). <\/em>Disponible en l\u00ednia a: <a href=\"http:\/\/www.selva.cat\/benestar\/acollida\">www.selva.cat\/benestar\/acollida<\/a><em>\u00a0<\/em><br \/>\n<em>&#8211; <\/em><em>Oberts al catal\u00e0. Guia per instal\u00b7lar-se comercialment en catal\u00e0<\/em><em>, amb el suport de la Confederaci\u00f3 de comerciants de Catalunya. <\/em>Disponible en l\u00ednia a: <a href=\"http:\/\/www.confecomercat.es\/\">www.confecomercat.es<\/a><\/p>\n","protected":false},"excerpt":{"rendered":"<p>\u00c9s llicenciada en Filologia Rom\u00e0nica per la UPV-EHU (1983-88) i en Xin\u00e8s mandar\u00ed pel Beijing Languages Institue (Bejing, Xina, 1988-92); ha realitzat el M\u00e0ster en Immigraci\u00f3 i Educaci\u00f3 Intercultural per la Universitat de Barcelona, Les Heures (2004). Ha treballat com a professora de castell\u00e0 a la Universitat de Beijing (1989-90), al Liceu Franc\u00e8s de Beijing [&hellip;]<\/p>\n","protected":false},"author":20,"featured_media":0,"parent":0,"menu_order":0,"comment_status":"closed","ping_status":"closed","template":"","meta":{"footnotes":""},"class_list":["post-730","page","type-page","status-publish","hentry"],"_links":{"self":[{"href":"https:\/\/webs.uab.cat\/miras\/en\/wp-json\/wp\/v2\/pages\/730","targetHints":{"allow":["GET"]}}],"collection":[{"href":"https:\/\/webs.uab.cat\/miras\/en\/wp-json\/wp\/v2\/pages"}],"about":[{"href":"https:\/\/webs.uab.cat\/miras\/en\/wp-json\/wp\/v2\/types\/page"}],"author":[{"embeddable":true,"href":"https:\/\/webs.uab.cat\/miras\/en\/wp-json\/wp\/v2\/users\/20"}],"replies":[{"embeddable":true,"href":"https:\/\/webs.uab.cat\/miras\/en\/wp-json\/wp\/v2\/comments?post=730"}],"version-history":[{"count":5,"href":"https:\/\/webs.uab.cat\/miras\/en\/wp-json\/wp\/v2\/pages\/730\/revisions"}],"predecessor-version":[{"id":1531,"href":"https:\/\/webs.uab.cat\/miras\/en\/wp-json\/wp\/v2\/pages\/730\/revisions\/1531"}],"wp:attachment":[{"href":"https:\/\/webs.uab.cat\/miras\/en\/wp-json\/wp\/v2\/media?parent=730"}],"curies":[{"name":"wp","href":"https:\/\/api.w.org\/{rel}","templated":true}]}}