{"id":809,"date":"2021-03-08T08:42:58","date_gmt":"2021-03-08T06:42:58","guid":{"rendered":"https:\/\/webs.uab.cat\/miras\/2019-2\/"},"modified":"2021-03-08T08:42:58","modified_gmt":"2021-03-08T06:42:58","slug":"2019-2","status":"publish","type":"page","link":"https:\/\/webs.uab.cat\/miras\/en\/2019-2\/","title":{"rendered":"2019"},"content":{"rendered":"<p><strong>La mediaci\u00f3n ling\u00fc\u00edstica&nbsp;y cultural haitiano-chilena. Programa pilot&nbsp;de formaci\u00f3&nbsp;i&nbsp;concienciaci\u00f3 dirigit a professionals de l&#8217;\u00e0mbit de la salut. Seminari Internacional de Migraci\u00f3 i Mediaci\u00f3 Ling\u00fc\u00edstica.&nbsp;&nbsp;&nbsp;<\/strong><\/p>\n<p><strong>Professorat:<\/strong>&nbsp; Dra. Marta Arum\u00ed i Macarena Dehnhardt<\/p>\n<p><strong>Dates:<\/strong>&nbsp;25 i 26&nbsp;de juny&nbsp;de 2019<\/p>\n<p><strong>Lloc:&nbsp;<\/strong>Santiago de Xile<\/p>\n<p><strong>Organitzaci\u00f3:&nbsp;&nbsp;<\/strong>Dra. Marta Arum\u00ed.&nbsp;Departament de Traducci\u00f3, Interpretaci\u00f3 i Estudis de l&#8217;\u00c0sia Oriental. Universitat Aut\u00f2noma de Barcelona i&nbsp;Movimiento de Acci\u00f3n Migrante (MAM).&nbsp;<\/p>\n","protected":false},"excerpt":{"rendered":"<p>La mediaci\u00f3n ling\u00fc\u00edstica&nbsp;y cultural haitiano-chilena. Programa pilot&nbsp;de formaci\u00f3&nbsp;i&nbsp;concienciaci\u00f3 dirigit a professionals de l&#8217;\u00e0mbit de la salut. Seminari Internacional de Migraci\u00f3 i Mediaci\u00f3 Ling\u00fc\u00edstica.&nbsp;&nbsp;&nbsp; Professorat:&nbsp; Dra. Marta Arum\u00ed i Macarena Dehnhardt Dates:&nbsp;25 i 26&nbsp;de juny&nbsp;de 2019 Lloc:&nbsp;Santiago de Xile Organitzaci\u00f3:&nbsp;&nbsp;Dra. Marta Arum\u00ed.&nbsp;Departament de Traducci\u00f3, Interpretaci\u00f3 i Estudis de l&#8217;\u00c0sia Oriental. Universitat Aut\u00f2noma de Barcelona i&nbsp;Movimiento de [&hellip;]<\/p>\n","protected":false},"author":20,"featured_media":0,"parent":0,"menu_order":0,"comment_status":"closed","ping_status":"closed","template":"","meta":{"footnotes":""},"class_list":["post-809","page","type-page","status-publish","hentry"],"_links":{"self":[{"href":"https:\/\/webs.uab.cat\/miras\/en\/wp-json\/wp\/v2\/pages\/809","targetHints":{"allow":["GET"]}}],"collection":[{"href":"https:\/\/webs.uab.cat\/miras\/en\/wp-json\/wp\/v2\/pages"}],"about":[{"href":"https:\/\/webs.uab.cat\/miras\/en\/wp-json\/wp\/v2\/types\/page"}],"author":[{"embeddable":true,"href":"https:\/\/webs.uab.cat\/miras\/en\/wp-json\/wp\/v2\/users\/20"}],"replies":[{"embeddable":true,"href":"https:\/\/webs.uab.cat\/miras\/en\/wp-json\/wp\/v2\/comments?post=809"}],"version-history":[{"count":0,"href":"https:\/\/webs.uab.cat\/miras\/en\/wp-json\/wp\/v2\/pages\/809\/revisions"}],"wp:attachment":[{"href":"https:\/\/webs.uab.cat\/miras\/en\/wp-json\/wp\/v2\/media?parent=809"}],"curies":[{"name":"wp","href":"https:\/\/api.w.org\/{rel}","templated":true}]}}