{"id":817,"date":"2010-09-27T12:37:40","date_gmt":"2010-09-27T10:37:40","guid":{"rendered":"https:\/\/webs.uab.cat\/miras\/2013-2\/"},"modified":"2021-03-08T08:48:20","modified_gmt":"2021-03-08T06:48:20","slug":"2013-2","status":"publish","type":"page","link":"https:\/\/webs.uab.cat\/miras\/en\/2013-2\/","title":{"rendered":"2013"},"content":{"rendered":"<p><strong>Curs 2013-2014<\/strong><\/p>\n<p><a href=\"http:\/\/pagines.uab.cat\/formacio_isp_catalunya\/\" target=\"_blank\" rel=\"noopener\">Postgrau&nbsp;en Interpretaci\u00f3 als serveis p\u00fablics a Catalunya<\/a><\/p>\n<p>El grup MIRAS es complau&nbsp;en presentar la primera edici\u00f3 del&nbsp;<a href=\"http:\/\/pagines.uab.cat\/formacio_isp_catalunya\/\" target=\"_blank\" rel=\"noopener\">Postgrau&nbsp;en Interpretaci\u00f3 als serveis p\u00fablics a Catalunya<\/a>, un curs que pret\u00e9n formar a professionals perqu\u00e8&nbsp;puguin treballar com a int\u00e8rprets en els diferents \u00e0mbits dels serveis p\u00fablics (sanitat, educaci\u00f3, serveis socials, just\u00edcia, policia).<\/p>\n<p>El&nbsp;postgrau&nbsp;presenta canvis respecte l&#8217;edici\u00f3 del curs d&#8217;especialitzaci\u00f3 anterior: enguany es tracta d&#8217;un&nbsp;postgrau, l&#8217;oferta de lleng\u00fces s&#8217;amplia (\u00e0rab, roman\u00e8s, rus, xin\u00e8s, angl\u00e8s i franc\u00e8s) i el n\u00famero d&#8217;hores lectives tamb\u00e9, ja que augmenta fins a 30 ECTS. Tot aix\u00f2 ens permetr\u00e0 aprofundir, encara m\u00e9s, en les destreses espec\u00edfiques per a la interpretaci\u00f3 en las diferents combinacions ling\u00fc\u00edstiques ofertes.<\/p>\n<p><em>Inici<\/em>:&nbsp;<strong>18 d&#8217;octubre de 2013<\/strong><br \/>\n<em>Fi<\/em>:&nbsp;<strong>juny de 2014<\/strong><br \/>\n<em>Preinscripci\u00f3<\/em>:&nbsp;<strong>fins al&nbsp;16 de setembre de 2013&nbsp;&nbsp;&nbsp;&nbsp;&nbsp;&nbsp;&nbsp;&nbsp;&nbsp;&nbsp;&nbsp;&nbsp;&nbsp;&nbsp;&nbsp;&nbsp;&nbsp;&nbsp;&nbsp;&nbsp;&nbsp;&nbsp;&nbsp;&nbsp;&nbsp;&nbsp;&nbsp;<\/strong><em>Matr\u00edcula<\/em>:&nbsp;<strong>del 23 al 27 de setembre de 2013<\/strong><\/p>\n<p><em>Hores lectives:<\/em><strong>260 h &#8211; 30 ECTS<\/strong><br \/>\n<em>Horaris:<\/em><strong>&nbsp;dimarts, dimecres i dijous, de 18:00 a 21:00 h<\/strong><br \/>\n<em>Lloc:<strong>&nbsp;<\/strong><\/em><strong>Escola de Pol\u00edtiques Socials i Urbanes de l&#8217;IGOP<\/strong>&nbsp;(Institut de Governaci\u00f3 i Obres P\u00fabliques). Passeig Urrutia, n\u00fam. 17, 08042 &#8211; Barcelona<\/p>\n<p>Per a m\u00e9s informaci\u00f3 sobre matr\u00edcula, requisits d&#8217;admissi\u00f3 i altres aspectes, podeu consultar la&nbsp;<a href=\"http:\/\/pagines.uab.cat\/formacio_isp_catalunya\/\" target=\"_blank\" rel=\"noopener\">web del&nbsp;postgrau<\/a>&nbsp;o escriure&#8217;ns a&nbsp;<a href=\"mailto:formacio.isp.catalunya@uab.cat\" target=\"_blank\" rel=\"noopener\">formacio.isp.catalunya@uab.cat<\/a><\/p>\n","protected":false},"excerpt":{"rendered":"<p>Curs 2013-2014 Postgrau&nbsp;en Interpretaci\u00f3 als serveis p\u00fablics a Catalunya El grup MIRAS es complau&nbsp;en presentar la primera edici\u00f3 del&nbsp;Postgrau&nbsp;en Interpretaci\u00f3 als serveis p\u00fablics a Catalunya, un curs que pret\u00e9n formar a professionals perqu\u00e8&nbsp;puguin treballar com a int\u00e8rprets en els diferents \u00e0mbits dels serveis p\u00fablics (sanitat, educaci\u00f3, serveis socials, just\u00edcia, policia). El&nbsp;postgrau&nbsp;presenta canvis respecte l&#8217;edici\u00f3 del [&hellip;]<\/p>\n","protected":false},"author":20,"featured_media":0,"parent":0,"menu_order":0,"comment_status":"closed","ping_status":"closed","template":"","meta":{"footnotes":""},"class_list":["post-817","page","type-page","status-publish","hentry"],"_links":{"self":[{"href":"https:\/\/webs.uab.cat\/miras\/en\/wp-json\/wp\/v2\/pages\/817","targetHints":{"allow":["GET"]}}],"collection":[{"href":"https:\/\/webs.uab.cat\/miras\/en\/wp-json\/wp\/v2\/pages"}],"about":[{"href":"https:\/\/webs.uab.cat\/miras\/en\/wp-json\/wp\/v2\/types\/page"}],"author":[{"embeddable":true,"href":"https:\/\/webs.uab.cat\/miras\/en\/wp-json\/wp\/v2\/users\/20"}],"replies":[{"embeddable":true,"href":"https:\/\/webs.uab.cat\/miras\/en\/wp-json\/wp\/v2\/comments?post=817"}],"version-history":[{"count":0,"href":"https:\/\/webs.uab.cat\/miras\/en\/wp-json\/wp\/v2\/pages\/817\/revisions"}],"wp:attachment":[{"href":"https:\/\/webs.uab.cat\/miras\/en\/wp-json\/wp\/v2\/media?parent=817"}],"curies":[{"name":"wp","href":"https:\/\/api.w.org\/{rel}","templated":true}]}}