{"id":1304,"date":"2023-04-14T08:50:37","date_gmt":"2023-04-14T06:50:37","guid":{"rendered":"https:\/\/webs.uab.cat\/miras\/dr-albert-branchadell\/"},"modified":"2023-04-14T08:55:20","modified_gmt":"2023-04-14T06:55:20","slug":"dr-albert-branchadell","status":"publish","type":"page","link":"https:\/\/webs.uab.cat\/miras\/dr-albert-branchadell\/","title":{"rendered":"Dr. Albert Branchadell"},"content":{"rendered":"\n<figure class=\"wp-block-image size-full is-resized\"><img loading=\"lazy\" decoding=\"async\" src=\"https:\/\/webs.uab.cat\/miras\/wp-content\/uploads\/sites\/300\/2023\/04\/0-albert-branchadell-pyc.png\" alt=\"\" class=\"wp-image-1300\" width=\"189\" height=\"226\" srcset=\"https:\/\/webs.uab.cat\/miras\/wp-content\/uploads\/sites\/300\/2023\/04\/0-albert-branchadell-pyc.png 357w, https:\/\/webs.uab.cat\/miras\/wp-content\/uploads\/sites\/300\/2023\/04\/0-albert-branchadell-pyc-251x300.png 251w\" sizes=\"auto, (max-width: 189px) 100vw, 189px\" \/><\/figure>\n\n\n\n<p><strong>Contacto:<em>\u00a0<\/em><\/strong><a href=\"mailto:albert.branchadell@uab.cat\"><em><strong>albert.branchadell@uab.cat<\/strong><\/em><\/a> <\/p>\n\n\n\n<hr class=\"wp-block-separator has-alpha-channel-opacity\" \/>\n\n\n\n<p>Es doctor en Filolog\u00eda Catalana por la Universitat Aut\u00f2noma de Barcelona y en Ciencias Pol\u00edticas por la Universitat Pompeu Fabra, donde curs\u00f3 el programa de doctorado en Teor\u00eda Pol\u00edtica y Social.<\/p>\n\n\n\n<p>Actualmente es profesor agregado del Departamento de Filolog\u00eda Catalana de la UAB e imparte socioling\u00fc\u00edstica en el grado de Filolog\u00eda Catalana: Estudios de Literatura y Ling\u00fc\u00edstica. Tambi\u00e9n colabora con el m\u00e1ster universitario en Interpretaci\u00f3n de Conferencias (MUIC) de la Facultad de Traducci\u00f3n e Interpretaci\u00f3n, de la que fue decano entre 2016 y 2022, as\u00ed como con el programa de doctorado en Traducci\u00f3n y Estudios Interculturales del Departamento de Traducci\u00f3n y de Interpretaci\u00f3n y de Estudios de Asia Oriental.<\/p>\n\n\n\n<p>Ha investigado en ling\u00fc\u00edstica te\u00f3rica, socioling\u00fc\u00edstica, Estudios de traducci\u00f3n y filosof\u00eda pol\u00edtica aplicada a la pol\u00edtica ling\u00fc\u00edstica, especialmente en relaci\u00f3n con lenguas regionales o minoritarias. Es socio de la Sociedad Catalana de Socioling\u00fc\u00edstica (SOCS), filial del Institut d&#8217;Estudis Catalans, y actualmente es el miembro respecto a Espa\u00f1a del Comit\u00e9 de Expertos de la Carta Europea de Lenguas Regionales o Minoritarias del Consejo de Europa.<\/p>\n","protected":false},"excerpt":{"rendered":"<p>Contacto:\u00a0albert.branchadell@uab.cat Es doctor en Filolog\u00eda Catalana por la Universitat Aut\u00f2noma de Barcelona y en Ciencias Pol\u00edticas por la Universitat Pompeu Fabra, donde curs\u00f3 el programa de doctorado en Teor\u00eda Pol\u00edtica y Social. Actualmente es profesor agregado del Departamento de Filolog\u00eda Catalana de la UAB e imparte socioling\u00fc\u00edstica en el grado de Filolog\u00eda Catalana: Estudios de [&hellip;]<\/p>\n","protected":false},"author":103,"featured_media":0,"parent":0,"menu_order":0,"comment_status":"closed","ping_status":"closed","template":"","meta":{"footnotes":""},"class_list":["post-1304","page","type-page","status-publish","hentry"],"_links":{"self":[{"href":"https:\/\/webs.uab.cat\/miras\/wp-json\/wp\/v2\/pages\/1304","targetHints":{"allow":["GET"]}}],"collection":[{"href":"https:\/\/webs.uab.cat\/miras\/wp-json\/wp\/v2\/pages"}],"about":[{"href":"https:\/\/webs.uab.cat\/miras\/wp-json\/wp\/v2\/types\/page"}],"author":[{"embeddable":true,"href":"https:\/\/webs.uab.cat\/miras\/wp-json\/wp\/v2\/users\/103"}],"replies":[{"embeddable":true,"href":"https:\/\/webs.uab.cat\/miras\/wp-json\/wp\/v2\/comments?post=1304"}],"version-history":[{"count":2,"href":"https:\/\/webs.uab.cat\/miras\/wp-json\/wp\/v2\/pages\/1304\/revisions"}],"predecessor-version":[{"id":1309,"href":"https:\/\/webs.uab.cat\/miras\/wp-json\/wp\/v2\/pages\/1304\/revisions\/1309"}],"wp:attachment":[{"href":"https:\/\/webs.uab.cat\/miras\/wp-json\/wp\/v2\/media?parent=1304"}],"curies":[{"name":"wp","href":"https:\/\/api.w.org\/{rel}","templated":true}]}}