{"id":1421,"date":"2023-04-14T10:17:39","date_gmt":"2023-04-14T08:17:39","guid":{"rendered":"https:\/\/webs.uab.cat\/miras\/2022-2\/"},"modified":"2023-04-14T10:29:07","modified_gmt":"2023-04-14T08:29:07","slug":"2022-2","status":"publish","type":"page","link":"https:\/\/webs.uab.cat\/miras\/2022-2\/","title":{"rendered":"2022"},"content":{"rendered":"\n<p>Curso en Interpretaci\u00f3n en los Servicios P\u00fablicos y \u00c1mbitos Comunitarios: Formaci\u00f3n Aplicada&nbsp;<br>Cr\u00e9ditos:&nbsp;3 ECTS.&nbsp;18\/10\/2021-&nbsp;07\/02\/2022&nbsp;<br>Coordinadoras: Sof\u00eda Garc\u00eda Beyaert y Anna Suades Vall&nbsp;<\/p>\n\n\n\n<p>Bestu\u00e9, Carmen (2022). Seminario impartido en el Curso de formaci\u00f3n continua \u201cLa protecci\u00f3n de las personas investigadas y acusadas vulnerables\u201d (CU22070), organizado en l\u00ednea por el Consejo General del Poder Judicial, del 28 de septiembre al 6 de octubre de 2022. T\u00edtulo de la ponencia presentada \u201cLa garant\u00eda de acceso a la Justicia de las personas que no hablan la lengua del proceso\u201d.&nbsp;<\/p>\n\n\n\n<p>Bestu\u00e9, Carmen (2022). Sesi\u00f3n formativa sobre lenguaje jur\u00eddico franc\u00e9s, impartida dentro del programa Erasmus organizado por el Col\u00b7legi de l\u2019Advocacia Catalana, de una duraci\u00f3n de dos horas, el 5 de julio de 2022.&nbsp;<\/p>\n","protected":false},"excerpt":{"rendered":"<p>Curso en Interpretaci\u00f3n en los Servicios P\u00fablicos y \u00c1mbitos Comunitarios: Formaci\u00f3n Aplicada&nbsp;Cr\u00e9ditos:&nbsp;3 ECTS.&nbsp;18\/10\/2021-&nbsp;07\/02\/2022&nbsp;Coordinadoras: Sof\u00eda Garc\u00eda Beyaert y Anna Suades Vall&nbsp; Bestu\u00e9, Carmen (2022). Seminario impartido en el Curso de formaci\u00f3n continua \u201cLa protecci\u00f3n de las personas investigadas y acusadas vulnerables\u201d (CU22070), organizado en l\u00ednea por el Consejo General del Poder Judicial, del 28 de septiembre [&hellip;]<\/p>\n","protected":false},"author":103,"featured_media":0,"parent":0,"menu_order":0,"comment_status":"closed","ping_status":"closed","template":"","meta":{"footnotes":""},"class_list":["post-1421","page","type-page","status-publish","hentry"],"_links":{"self":[{"href":"https:\/\/webs.uab.cat\/miras\/wp-json\/wp\/v2\/pages\/1421","targetHints":{"allow":["GET"]}}],"collection":[{"href":"https:\/\/webs.uab.cat\/miras\/wp-json\/wp\/v2\/pages"}],"about":[{"href":"https:\/\/webs.uab.cat\/miras\/wp-json\/wp\/v2\/types\/page"}],"author":[{"embeddable":true,"href":"https:\/\/webs.uab.cat\/miras\/wp-json\/wp\/v2\/users\/103"}],"replies":[{"embeddable":true,"href":"https:\/\/webs.uab.cat\/miras\/wp-json\/wp\/v2\/comments?post=1421"}],"version-history":[{"count":3,"href":"https:\/\/webs.uab.cat\/miras\/wp-json\/wp\/v2\/pages\/1421\/revisions"}],"predecessor-version":[{"id":1442,"href":"https:\/\/webs.uab.cat\/miras\/wp-json\/wp\/v2\/pages\/1421\/revisions\/1442"}],"wp:attachment":[{"href":"https:\/\/webs.uab.cat\/miras\/wp-json\/wp\/v2\/media?parent=1421"}],"curies":[{"name":"wp","href":"https:\/\/api.w.org\/{rel}","templated":true}]}}