{"id":1539,"date":"2023-04-18T10:03:58","date_gmt":"2023-04-18T08:03:58","guid":{"rendered":"https:\/\/webs.uab.cat\/miras\/valeria-tonioli-2\/"},"modified":"2023-04-18T10:05:52","modified_gmt":"2023-04-18T08:05:52","slug":"valeria-tonioli-2","status":"publish","type":"page","link":"https:\/\/webs.uab.cat\/miras\/valeria-tonioli-2\/","title":{"rendered":"Valeria Tonioli"},"content":{"rendered":"\n<figure class=\"wp-block-image size-full is-resized\"><img loading=\"lazy\" decoding=\"async\" src=\"https:\/\/webs.uab.cat\/miras\/wp-content\/uploads\/sites\/300\/2023\/04\/1-profilo.jpg\" alt=\"\" class=\"wp-image-1536\" width=\"228\" height=\"334\" srcset=\"https:\/\/webs.uab.cat\/miras\/wp-content\/uploads\/sites\/300\/2023\/04\/1-profilo.jpg 300w, https:\/\/webs.uab.cat\/miras\/wp-content\/uploads\/sites\/300\/2023\/04\/1-profilo-205x300.jpg 205w\" sizes=\"auto, (max-width: 228px) 100vw, 228px\" \/><\/figure>\n\n\n\n<hr class=\"wp-block-separator has-alpha-channel-opacity\" \/>\n\n\n\n<p>Valeria Tonioli es doctora en cotutela de tesis en Ciencias del Lenguaje, con una especializaci\u00f3n en ling\u00fc\u00edstica educativa, por la Universidad Ca&#8217; Foscari de Venecia y en Traducci\u00f3n, Interpretaci\u00f3n y Estudios Interculturales por la Universidad Aut\u00f2noma de Barcelona.<\/p>\n\n\n\n<p>Actualmente es investigadora postdoctoral en el Departamento de Traducci\u00f3n e Interpretaci\u00f3n\u00a0y Estudios de Asia Oriental de la Universitat Aut\u00f2noma de Barcelona, donde trabaja en el proyecto Horizon New Abc acerca de la educaci\u00f3n de menores con background migratorio.<\/p>\n\n\n\n<p>Anteriormente trabaj\u00f3 como investigadora postdoctoral en la Universidad Ca&#8217; Foscari de Venecia en diferentes proyectos nacionales e internacionales.<br>Sus intereses de investigaci\u00f3n se centran en la comunicaci\u00f3n intercultural, la mediaci\u00f3n ling\u00fc\u00edstica y cultural, la educaci\u00f3n intercultural y pluriling\u00fce\u00a0y la did\u00e1ctica de las lenguas.<\/p>\n","protected":false},"excerpt":{"rendered":"<p>Valeria Tonioli es doctora en cotutela de tesis en Ciencias del Lenguaje, con una especializaci\u00f3n en ling\u00fc\u00edstica educativa, por la Universidad Ca&#8217; Foscari de Venecia y en Traducci\u00f3n, Interpretaci\u00f3n y Estudios Interculturales por la Universidad Aut\u00f2noma de Barcelona. Actualmente es investigadora postdoctoral en el Departamento de Traducci\u00f3n e Interpretaci\u00f3n\u00a0y Estudios de Asia Oriental de la [&hellip;]<\/p>\n","protected":false},"author":103,"featured_media":0,"parent":0,"menu_order":0,"comment_status":"closed","ping_status":"closed","template":"","meta":{"footnotes":""},"class_list":["post-1539","page","type-page","status-publish","hentry"],"_links":{"self":[{"href":"https:\/\/webs.uab.cat\/miras\/wp-json\/wp\/v2\/pages\/1539","targetHints":{"allow":["GET"]}}],"collection":[{"href":"https:\/\/webs.uab.cat\/miras\/wp-json\/wp\/v2\/pages"}],"about":[{"href":"https:\/\/webs.uab.cat\/miras\/wp-json\/wp\/v2\/types\/page"}],"author":[{"embeddable":true,"href":"https:\/\/webs.uab.cat\/miras\/wp-json\/wp\/v2\/users\/103"}],"replies":[{"embeddable":true,"href":"https:\/\/webs.uab.cat\/miras\/wp-json\/wp\/v2\/comments?post=1539"}],"version-history":[{"count":3,"href":"https:\/\/webs.uab.cat\/miras\/wp-json\/wp\/v2\/pages\/1539\/revisions"}],"predecessor-version":[{"id":1546,"href":"https:\/\/webs.uab.cat\/miras\/wp-json\/wp\/v2\/pages\/1539\/revisions\/1546"}],"wp:attachment":[{"href":"https:\/\/webs.uab.cat\/miras\/wp-json\/wp\/v2\/media?parent=1539"}],"curies":[{"name":"wp","href":"https:\/\/api.w.org\/{rel}","templated":true}]}}