{"id":195,"date":"2009-05-25T13:54:03","date_gmt":"2009-05-25T11:54:03","guid":{"rendered":"https:\/\/webs.uab.cat\/miras\/dra-marta-arumi\/"},"modified":"2023-04-17T08:54:15","modified_gmt":"2023-04-17T06:54:15","slug":"dra-marta-arumi","status":"publish","type":"page","link":"https:\/\/webs.uab.cat\/miras\/dra-marta-arumi\/","title":{"rendered":"Dra. Marta Arum\u00ed"},"content":{"rendered":"<p><img loading=\"lazy\" decoding=\"async\" class=\"alignnone wp-image-1487 size-medium\" src=\"https:\/\/webs.uab.cat\/miras\/wp-content\/uploads\/sites\/300\/2023\/04\/Marta-Arumi_IMG_4166-256x300.jpg\" alt=\"\" width=\"256\" height=\"300\" srcset=\"https:\/\/webs.uab.cat\/miras\/wp-content\/uploads\/sites\/300\/2023\/04\/Marta-Arumi_IMG_4166-256x300.jpg 256w, https:\/\/webs.uab.cat\/miras\/wp-content\/uploads\/sites\/300\/2023\/04\/Marta-Arumi_IMG_4166.jpg 300w\" sizes=\"auto, (max-width: 256px) 100vw, 256px\" \/><\/p>\n<p><strong>Contacto:<em>\u00a0<a href=\"mailto:marta.arumi@uab.cat\" target=\"_parent\" rel=\"noopener\">marta.arumi@uab.cat<\/a><\/em><\/strong><\/p>\n<p class=\"rtejustify\">\n<hr \/>\n<p>Marta Arum\u00ed es catedr\u00e1tica del Departamento de Traducci\u00f3n e Interpretaci\u00f3n y de Estudios de Asia Oriental de la Universitat Aut\u00f2noma de Barcelona. Es Doctora en Traducci\u00f3n e Interpretaci\u00f3n por la Universidad Pompeu Fabra, donde obtuvo el premio extraordinario de doctorado. Tambi\u00e9n es Licenciada en Traducci\u00f3n e Interpretaci\u00f3n por la Universidad Aut\u00f3noma de Barcelona. Curs\u00f3 el M\u00e1ster en Interpretaci\u00f3n de Conferencias de la Universidad de La Laguna y el M\u00e1ster en Formaci\u00f3n de Formadores en Interpretaci\u00f3n de Conferencias de la Escuela de Traducci\u00f3n e Interpretaci\u00f3n de la Universidad de Ginebra.<\/p>\n<p>Es profesora de interpretaci\u00f3n de conferencias en la Facultad de Traducci\u00f3n e Interpretaci\u00f3n de la UAB y es la coordinadora del M\u00e1ster Universitario en Interpretaci\u00f3n de Conferencias (MUIC).<\/p>\n<p>Es la investigadora principal del grupo de investigaci\u00f3n MIRAS desde su creaci\u00f3n en 2009 y ha dirigido varios proyectos de investigaci\u00f3n competitivos. Su inter\u00e9s investigador se centra en la did\u00e1ctica de la interpretaci\u00f3n de conferencias y la interpretaci\u00f3n en los servicios p\u00fablicos, temas sobre los que ha escrito muchos art\u00edculos especializados en revistas nacionales e internacionales y ha dirigido diversas tesis doctorales.<\/p>\n","protected":false},"excerpt":{"rendered":"<p>Contacto:\u00a0marta.arumi@uab.cat Marta Arum\u00ed es catedr\u00e1tica del Departamento de Traducci\u00f3n e Interpretaci\u00f3n y de Estudios de Asia Oriental de la Universitat Aut\u00f2noma de Barcelona. Es Doctora en Traducci\u00f3n e Interpretaci\u00f3n por la Universidad Pompeu Fabra, donde obtuvo el premio extraordinario de doctorado. Tambi\u00e9n es Licenciada en Traducci\u00f3n e Interpretaci\u00f3n por la Universidad Aut\u00f3noma de Barcelona. Curs\u00f3 [&hellip;]<\/p>\n","protected":false},"author":20,"featured_media":0,"parent":0,"menu_order":0,"comment_status":"closed","ping_status":"closed","template":"","meta":{"footnotes":""},"class_list":["post-195","page","type-page","status-publish","hentry"],"_links":{"self":[{"href":"https:\/\/webs.uab.cat\/miras\/wp-json\/wp\/v2\/pages\/195","targetHints":{"allow":["GET"]}}],"collection":[{"href":"https:\/\/webs.uab.cat\/miras\/wp-json\/wp\/v2\/pages"}],"about":[{"href":"https:\/\/webs.uab.cat\/miras\/wp-json\/wp\/v2\/types\/page"}],"author":[{"embeddable":true,"href":"https:\/\/webs.uab.cat\/miras\/wp-json\/wp\/v2\/users\/20"}],"replies":[{"embeddable":true,"href":"https:\/\/webs.uab.cat\/miras\/wp-json\/wp\/v2\/comments?post=195"}],"version-history":[{"count":3,"href":"https:\/\/webs.uab.cat\/miras\/wp-json\/wp\/v2\/pages\/195\/revisions"}],"predecessor-version":[{"id":1505,"href":"https:\/\/webs.uab.cat\/miras\/wp-json\/wp\/v2\/pages\/195\/revisions\/1505"}],"wp:attachment":[{"href":"https:\/\/webs.uab.cat\/miras\/wp-json\/wp\/v2\/media?parent=195"}],"curies":[{"name":"wp","href":"https:\/\/api.w.org\/{rel}","templated":true}]}}