{"id":214,"date":"2010-01-20T12:49:18","date_gmt":"2010-01-20T11:49:18","guid":{"rendered":"https:\/\/webs.uab.cat\/miras\/inicio\/"},"modified":"2023-12-07T08:33:15","modified_gmt":"2023-12-07T07:33:15","slug":"inicio","status":"publish","type":"page","link":"https:\/\/webs.uab.cat\/miras\/","title":{"rendered":"GRUPO MIRAS"},"content":{"rendered":"\n<p>Creado en 2009, el grupo de investigaci\u00f3n MIRAS (Mediaci\u00f3n e Interpretaci\u00f3n: Investigaci\u00f3n en el \u00c1mbito Social) tiene como objeto de estudio la Interpretaci\u00f3n en los Servicios P\u00fablicos (ISP). El grupo nace de la iniciativa de un grupo de investigadoras del Departamento de Traducci\u00f3n e Interpretaci\u00f3n y Estudios del Asia Oriental de la UAB, ante la creciente demanda de traductores e int\u00e9rpretes cualificados por parte de diferentes servicios de atenci\u00f3n a los inmigrantes de la administraci\u00f3n p\u00fablica catalana. La formaci\u00f3n y acreditaci\u00f3n de este perfil profesional, as\u00ed como la investigaci\u00f3n asociada a su actividad, se convierte entonces en un reto acad\u00e9mico y cient\u00edfico que el grupo acabar\u00e1 haciendo suyo.<\/p>\n\n\n\n<p>MIRAS integra investigadores de la UAB, as\u00ed como investigadores de otras universidades nacionales e internacionales y colaboradores vinculados profesionalmente a la ISP y a la mediaci\u00f3n intercultural.<\/p>\n\n\n\n<p>En los \u00faltimos a\u00f1os, y gracias en buena parte al trabajo pionero del grupo en proyectos de investigaci\u00f3n competitivos, la ISP se ha convertido en una actividad reconocida tanto a nivel estatal como auton\u00f3mico, y en una de las l\u00edneas de investigaci\u00f3n con m\u00e1s crecimiento e impacto dentro de los estudios de traducci\u00f3n e interpretaci\u00f3n. La integridad del grupo, as\u00ed como su car\u00e1cter internacional e interdisciplinar, ha propiciado una investigaci\u00f3n innovadora y de calidad, vertebrada en torno a los dos \u00e1mbitos de actuaci\u00f3n tradicionales dentro de la ISP: \u00e1mbito social (formado por los sub\u00e1mbitos educativo, sanitario y de atenci\u00f3n al ciudadano); y \u00e1mbito jur\u00eddico (formado por los sub\u00e1mbitos judicial, administrativo y policial).<\/p>\n\n\n\n<p>&nbsp;<\/p>\n\n\n\n<p><strong>Contacto<\/strong><\/p>\n\n\n\n<p><strong>Departament de Traducci\u00f3 i d&#8217;Interpretaci\u00f3 i d&#8217;Estudis de l&#8217;\u00c0sia Oriental<\/strong><br>Universitat Aut\u00f2noma de Barcelona<br>Edifici K, Campus de la UAB<br>08193 Bellaterra (Cerdanyola del Vall\u00e8s)<\/p>\n\n\n\n<p>Tel:\u00a0 +34 935813368<br>E-mail:\u00a0<a href=\"mailto:Marta.Arumi@uab.cat\">marta.arumi@uab.cat<\/a>\u00a0<\/p>\n\n\n\n<p>&nbsp;<\/p>\n","protected":false},"excerpt":{"rendered":"<p>Creado en 2009, el grupo de investigaci\u00f3n MIRAS (Mediaci\u00f3n e Interpretaci\u00f3n: Investigaci\u00f3n en el \u00c1mbito Social) tiene como objeto de estudio la Interpretaci\u00f3n en los Servicios P\u00fablicos (ISP). El grupo nace de la iniciativa de un grupo de investigadoras del Departamento de Traducci\u00f3n e Interpretaci\u00f3n y Estudios del Asia Oriental de la UAB, ante la [&hellip;]<\/p>\n","protected":false},"author":20,"featured_media":0,"parent":0,"menu_order":0,"comment_status":"closed","ping_status":"closed","template":"","meta":{"footnotes":""},"class_list":["post-214","page","type-page","status-publish","hentry"],"_links":{"self":[{"href":"https:\/\/webs.uab.cat\/miras\/wp-json\/wp\/v2\/pages\/214","targetHints":{"allow":["GET"]}}],"collection":[{"href":"https:\/\/webs.uab.cat\/miras\/wp-json\/wp\/v2\/pages"}],"about":[{"href":"https:\/\/webs.uab.cat\/miras\/wp-json\/wp\/v2\/types\/page"}],"author":[{"embeddable":true,"href":"https:\/\/webs.uab.cat\/miras\/wp-json\/wp\/v2\/users\/20"}],"replies":[{"embeddable":true,"href":"https:\/\/webs.uab.cat\/miras\/wp-json\/wp\/v2\/comments?post=214"}],"version-history":[{"count":3,"href":"https:\/\/webs.uab.cat\/miras\/wp-json\/wp\/v2\/pages\/214\/revisions"}],"predecessor-version":[{"id":1895,"href":"https:\/\/webs.uab.cat\/miras\/wp-json\/wp\/v2\/pages\/214\/revisions\/1895"}],"wp:attachment":[{"href":"https:\/\/webs.uab.cat\/miras\/wp-json\/wp\/v2\/media?parent=214"}],"curies":[{"name":"wp","href":"https:\/\/api.w.org\/{rel}","templated":true}]}}