{"id":219,"date":"2009-05-25T13:20:37","date_gmt":"2009-05-25T11:20:37","guid":{"rendered":"https:\/\/webs.uab.cat\/miras\/investigacion\/"},"modified":"2022-12-01T12:09:31","modified_gmt":"2022-12-01T10:09:31","slug":"investigacion","status":"publish","type":"page","link":"https:\/\/webs.uab.cat\/miras\/investigacion\/","title":{"rendered":"INVESTIGACI\u00d3N"},"content":{"rendered":"\n<p><strong><a href=\"https:\/\/webs.uab.cat\/miras\/lineas-de-investigacion\/\" data-type=\"page\" data-id=\"301\">L\u00edneas de investigaci\u00f3n<\/a><\/strong><\/p>\n\n\n\n<p><strong><a href=\"https:\/\/webs.uab.cat\/miras\/proyectos-financiados\/\" data-type=\"page\" data-id=\"302\">Proyectos financiados<\/a><\/strong><\/p>\n\n\n\n<p><strong><a href=\"https:\/\/webs.uab.cat\/miras\/tesinas-y-trabajos-de-master\/\" data-type=\"page\" data-id=\"303\">Tesinas y trabajos de M\u00e1ster<\/a><\/strong><\/p>\n\n\n\n<p><strong><a href=\"https:\/\/webs.uab.cat\/miras\/tesis\/\" data-type=\"page\" data-id=\"304\">Tesis<\/a><\/strong><\/p>\n","protected":false},"excerpt":{"rendered":"<p>L\u00edneas de investigaci\u00f3n Proyectos financiados Tesinas y trabajos de M\u00e1ster Tesis<\/p>\n","protected":false},"author":20,"featured_media":0,"parent":0,"menu_order":0,"comment_status":"closed","ping_status":"closed","template":"","meta":{"footnotes":""},"class_list":["post-219","page","type-page","status-publish","hentry"],"_links":{"self":[{"href":"https:\/\/webs.uab.cat\/miras\/wp-json\/wp\/v2\/pages\/219","targetHints":{"allow":["GET"]}}],"collection":[{"href":"https:\/\/webs.uab.cat\/miras\/wp-json\/wp\/v2\/pages"}],"about":[{"href":"https:\/\/webs.uab.cat\/miras\/wp-json\/wp\/v2\/types\/page"}],"author":[{"embeddable":true,"href":"https:\/\/webs.uab.cat\/miras\/wp-json\/wp\/v2\/users\/20"}],"replies":[{"embeddable":true,"href":"https:\/\/webs.uab.cat\/miras\/wp-json\/wp\/v2\/comments?post=219"}],"version-history":[{"count":1,"href":"https:\/\/webs.uab.cat\/miras\/wp-json\/wp\/v2\/pages\/219\/revisions"}],"predecessor-version":[{"id":1244,"href":"https:\/\/webs.uab.cat\/miras\/wp-json\/wp\/v2\/pages\/219\/revisions\/1244"}],"wp:attachment":[{"href":"https:\/\/webs.uab.cat\/miras\/wp-json\/wp\/v2\/media?parent=219"}],"curies":[{"name":"wp","href":"https:\/\/api.w.org\/{rel}","templated":true}]}}