{"id":220,"date":"2010-01-26T12:41:05","date_gmt":"2010-01-26T10:41:05","guid":{"rendered":"https:\/\/webs.uab.cat\/miras\/formacion\/"},"modified":"2023-04-14T10:21:31","modified_gmt":"2023-04-14T08:21:31","slug":"formacion","status":"publish","type":"page","link":"https:\/\/webs.uab.cat\/miras\/formacion\/","title":{"rendered":"FORMACI\u00d3N"},"content":{"rendered":"\n<p>Los miembros del grupo MIRAS se dedican a distintas actividades, entre las cuales destaca la organizaci\u00f3n de cursos de&nbsp;<strong>formaci\u00f3n en traducci\u00f3n-mediaci\u00f3n-interpretaci\u00f3n para los servicios p\u00fablicos<\/strong>:<\/p>\n\n\n\n<p><a href=\"https:\/\/webs.uab.cat\/miras\/anos-anteriores\/\" data-type=\"page\" data-id=\"693\">A\u00f1os anteriores<\/a>\u00a0&#8211;\u00a0<a href=\"https:\/\/webs.uab.cat\/miras\/2010-2\/\" data-type=\"page\" data-id=\"813\">2010<\/a>\u00a0&#8211;\u00a0<a href=\"https:\/\/webs.uab.cat\/miras\/2011-3\/\" data-type=\"page\" data-id=\"816\">2011<\/a> &#8211;<a href=\"https:\/\/webs.uab.cat\/miras\/2013-2\/\" data-type=\"page\" data-id=\"818\">\u00a02013<\/a>\u00a0&#8211;\u00a0<a href=\"https:\/\/webs.uab.cat\/miras\/2014-2\/\" data-type=\"page\" data-id=\"820\">2014<\/a>\u00a0&#8211;\u00a0<a href=\"https:\/\/webs.uab.cat\/miras\/2016-3\/\" data-type=\"page\" data-id=\"822\">2016<\/a> &#8211;\u00a0<a href=\"https:\/\/webs.uab.cat\/miras\/2017-3\/\" data-type=\"page\" data-id=\"824\">2017<\/a>\u00a0&#8211; <a href=\"https:\/\/webs.uab.cat\/miras\/2018-2\/\" data-type=\"page\" data-id=\"827\">2018<\/a> &#8211; <a href=\"https:\/\/webs.uab.cat\/miras\/2019-2\/\" data-type=\"page\" data-id=\"811\">2019<\/a> &#8211; <a href=\"https:\/\/webs.uab.cat\/miras\/2020-2\/\" data-type=\"page\" data-id=\"831\">2020<\/a> &#8211; <a href=\"https:\/\/webs.uab.cat\/miras\/2021-2\/\" data-type=\"page\" data-id=\"835\">2021<\/a> &#8211; <a href=\"https:\/\/webs.uab.cat\/miras\/2022-2\/\">2022<\/a><\/p>\n","protected":false},"excerpt":{"rendered":"<p>Los miembros del grupo MIRAS se dedican a distintas actividades, entre las cuales destaca la organizaci\u00f3n de cursos de&nbsp;formaci\u00f3n en traducci\u00f3n-mediaci\u00f3n-interpretaci\u00f3n para los servicios p\u00fablicos: A\u00f1os anteriores\u00a0&#8211;\u00a02010\u00a0&#8211;\u00a02011 &#8211;\u00a02013\u00a0&#8211;\u00a02014\u00a0&#8211;\u00a02016 &#8211;\u00a02017\u00a0&#8211; 2018 &#8211; 2019 &#8211; 2020 &#8211; 2021 &#8211; 2022<\/p>\n","protected":false},"author":20,"featured_media":0,"parent":0,"menu_order":0,"comment_status":"closed","ping_status":"closed","template":"","meta":{"footnotes":""},"class_list":["post-220","page","type-page","status-publish","hentry"],"_links":{"self":[{"href":"https:\/\/webs.uab.cat\/miras\/wp-json\/wp\/v2\/pages\/220","targetHints":{"allow":["GET"]}}],"collection":[{"href":"https:\/\/webs.uab.cat\/miras\/wp-json\/wp\/v2\/pages"}],"about":[{"href":"https:\/\/webs.uab.cat\/miras\/wp-json\/wp\/v2\/types\/page"}],"author":[{"embeddable":true,"href":"https:\/\/webs.uab.cat\/miras\/wp-json\/wp\/v2\/users\/20"}],"replies":[{"embeddable":true,"href":"https:\/\/webs.uab.cat\/miras\/wp-json\/wp\/v2\/comments?post=220"}],"version-history":[{"count":3,"href":"https:\/\/webs.uab.cat\/miras\/wp-json\/wp\/v2\/pages\/220\/revisions"}],"predecessor-version":[{"id":1428,"href":"https:\/\/webs.uab.cat\/miras\/wp-json\/wp\/v2\/pages\/220\/revisions\/1428"}],"wp:attachment":[{"href":"https:\/\/webs.uab.cat\/miras\/wp-json\/wp\/v2\/media?parent=220"}],"curies":[{"name":"wp","href":"https:\/\/api.w.org\/{rel}","templated":true}]}}