{"id":2489,"date":"2025-02-26T12:23:53","date_gmt":"2025-02-26T11:23:53","guid":{"rendered":"https:\/\/webs.uab.cat\/miras\/ruth-leon-pinilla\/"},"modified":"2025-02-26T12:34:34","modified_gmt":"2025-02-26T11:34:34","slug":"ruth-leon-pinilla","status":"publish","type":"page","link":"https:\/\/webs.uab.cat\/miras\/ruth-leon-pinilla\/","title":{"rendered":"Ruth Le\u00f3n Pinilla"},"content":{"rendered":"\n<figure class=\"wp-block-image size-full is-resized\"><img loading=\"lazy\" decoding=\"async\" width=\"120\" height=\"120\" src=\"https:\/\/webs.uab.cat\/miras\/wp-content\/uploads\/sites\/300\/2025\/02\/e2d4dd7f-4df4-4c8d-bec8-0a71406f85a2.jpg\" alt=\"Ruth Le\u00f3n Pinilla\" class=\"wp-image-2480\" style=\"width:149px;height:auto\" \/><\/figure>\n\n\n\n<p><strong>Contacto:<em> <a href=\"mailto:ruth.leon@uab.cat\">ruth.leon@uab.cat<\/a><\/em><\/strong><\/p>\n\n\n\n<hr class=\"wp-block-separator has-alpha-channel-opacity\" \/>\n\n\n\n<p>Ruth Le\u00f3n Pinilla es profesora lectora en el Departamento de Traducci\u00f3n, Interpretaci\u00f3n y Estudios de Asia Oriental de la Universitat Aut\u00f2noma de Barcelona, donde imparte asignaturas de interpretaci\u00f3n desde 2024.<\/p>\n\n\n\n<p>Durante 12 a\u00f1os, fue profesora adjunta en el \u00c1rea de Traducci\u00f3n y Lenguas de la Universidad Europea de Valencia, donde impart\u00eda asignaturas de interpretaci\u00f3n consecutiva, traducci\u00f3n directa del ingl\u00e9s y franc\u00e9s al espa\u00f1ol, as\u00ed como ingl\u00e9s y espa\u00f1ol como lenguas extranjeras, adem\u00e1s de ser la fundadora y directora de UBUNTU \u2013 Agencia de Traducci\u00f3n Solidaria. Asimismo, ha colaborado como profesora en la Universitat Oberta de Catalunya y la Universitat de Val\u00e8ncia. Adem\u00e1s, ha trabajado como t\u00e9cnica superior de investigaci\u00f3n en el Departamento de Psicolog\u00eda Social de la Universitat de Val\u00e8ncia en un proyecto sobre danza y bienestar.<\/p>\n\n\n\n<p>Ruth es doctora en Estudios Internacionales de Paz, Conflictos y Desarrollo por la Universitat Jaume I de Castell\u00f3, con una tesis titulada <em>La interpretaci\u00f3n en el contexto de refugiados: camino hacia el bienestar<\/em>. Tambi\u00e9n cuenta con un <em>Magister Artium<\/em> en Estudios Ingleses y Rom\u00e1nicos por la Albert-Ludwigs-Universit\u00e4t Freiburg, un posgrado en Interpretaci\u00f3n de Conferencias por la Universidad de Leeds, un posgrado en Traducci\u00f3n Audiovisual por la Universitat Aut\u00f2noma de Barcelona y una especializaci\u00f3n en Estudios de Conflicto por la C\u00e1tedra UNESCO de Filosof\u00eda para la Paz de la Universitat Jaume I.<\/p>\n\n\n\n<p>Sus intereses de investigaci\u00f3n se centran en la interpretaci\u00f3n en contextos de asilo y refugio, el bienestar y la educaci\u00f3n corporeizada aplicada a la formaci\u00f3n de interpretaci\u00f3n. Ha participado en proyectos de investigaci\u00f3n sobre interpretaci\u00f3n en contextos de asilo y refugio, interpretaci\u00f3n en los servicios p\u00fablicos, bienestar, emociones, actividad f\u00edsica, danza e innovaci\u00f3n educativa.<\/p>\n\n\n\n<p><\/p>\n","protected":false},"excerpt":{"rendered":"<p>Contacto: ruth.leon@uab.cat Ruth Le\u00f3n Pinilla es profesora lectora en el Departamento de Traducci\u00f3n, Interpretaci\u00f3n y Estudios de Asia Oriental de la Universitat Aut\u00f2noma de Barcelona, donde imparte asignaturas de interpretaci\u00f3n desde 2024. Durante 12 a\u00f1os, fue profesora adjunta en el \u00c1rea de Traducci\u00f3n y Lenguas de la Universidad Europea de Valencia, donde impart\u00eda asignaturas de [&hellip;]<\/p>\n","protected":false},"author":103,"featured_media":0,"parent":0,"menu_order":0,"comment_status":"closed","ping_status":"closed","template":"","meta":{"footnotes":""},"class_list":["post-2489","page","type-page","status-publish","hentry"],"_links":{"self":[{"href":"https:\/\/webs.uab.cat\/miras\/wp-json\/wp\/v2\/pages\/2489","targetHints":{"allow":["GET"]}}],"collection":[{"href":"https:\/\/webs.uab.cat\/miras\/wp-json\/wp\/v2\/pages"}],"about":[{"href":"https:\/\/webs.uab.cat\/miras\/wp-json\/wp\/v2\/types\/page"}],"author":[{"embeddable":true,"href":"https:\/\/webs.uab.cat\/miras\/wp-json\/wp\/v2\/users\/103"}],"replies":[{"embeddable":true,"href":"https:\/\/webs.uab.cat\/miras\/wp-json\/wp\/v2\/comments?post=2489"}],"version-history":[{"count":4,"href":"https:\/\/webs.uab.cat\/miras\/wp-json\/wp\/v2\/pages\/2489\/revisions"}],"predecessor-version":[{"id":2497,"href":"https:\/\/webs.uab.cat\/miras\/wp-json\/wp\/v2\/pages\/2489\/revisions\/2497"}],"wp:attachment":[{"href":"https:\/\/webs.uab.cat\/miras\/wp-json\/wp\/v2\/media?parent=2489"}],"curies":[{"name":"wp","href":"https:\/\/api.w.org\/{rel}","templated":true}]}}