{"id":2602,"date":"2025-05-21T13:07:18","date_gmt":"2025-05-21T11:07:18","guid":{"rendered":"https:\/\/webs.uab.cat\/miras\/?page_id=2602"},"modified":"2025-05-21T13:12:48","modified_gmt":"2025-05-21T11:12:48","slug":"se-celebra-el-primer-congreso-de-etica-y-bioetica-de-la-uab","status":"publish","type":"page","link":"https:\/\/webs.uab.cat\/miras\/se-celebra-el-primer-congreso-de-etica-y-bioetica-de-la-uab\/","title":{"rendered":"Se celebra el primer Congreso de \u00c9tica y Bio\u00e9tica de la UAB"},"content":{"rendered":"\n<figure class=\"wp-block-image size-large\"><img loading=\"lazy\" decoding=\"async\" width=\"1024\" height=\"576\" src=\"https:\/\/webs.uab.cat\/miras\/wp-content\/uploads\/sites\/300\/2025\/05\/WhatsApp-Image-2025-05-19-at-20.29.25-1024x576.jpeg\" alt=\"\" class=\"wp-image-2571\" srcset=\"https:\/\/webs.uab.cat\/miras\/wp-content\/uploads\/sites\/300\/2025\/05\/WhatsApp-Image-2025-05-19-at-20.29.25-1024x576.jpeg 1024w, https:\/\/webs.uab.cat\/miras\/wp-content\/uploads\/sites\/300\/2025\/05\/WhatsApp-Image-2025-05-19-at-20.29.25-300x169.jpeg 300w, https:\/\/webs.uab.cat\/miras\/wp-content\/uploads\/sites\/300\/2025\/05\/WhatsApp-Image-2025-05-19-at-20.29.25-768x432.jpeg 768w, https:\/\/webs.uab.cat\/miras\/wp-content\/uploads\/sites\/300\/2025\/05\/WhatsApp-Image-2025-05-19-at-20.29.25-1536x864.jpeg 1536w, https:\/\/webs.uab.cat\/miras\/wp-content\/uploads\/sites\/300\/2025\/05\/WhatsApp-Image-2025-05-19-at-20.29.25-1200x675.jpeg 1200w, https:\/\/webs.uab.cat\/miras\/wp-content\/uploads\/sites\/300\/2025\/05\/WhatsApp-Image-2025-05-19-at-20.29.25-1980x1114.jpeg 1980w, https:\/\/webs.uab.cat\/miras\/wp-content\/uploads\/sites\/300\/2025\/05\/WhatsApp-Image-2025-05-19-at-20.29.25.jpeg 2016w\" sizes=\"auto, (max-width: 1024px) 100vw, 1024px\" \/><\/figure>\n\n\n\n<p>\u00bfQu\u00e9 es la neutralidad? \u00bfD\u00f3nde est\u00e1n los l\u00edmites de la \u00e9tica? \u00bfExiste una correspondencia directa entre la teor\u00eda de la \u00e9tica y los estudios que realizan los investigadores en su d\u00eda a d\u00eda? Con estas reflexiones se inaugur\u00f3 el primer Congreso de \u00c9tica y Bio\u00e9tica de la UAB, el pasado 19 de mayo, en la Sala de Grados de la Facultad de Biociencias.<\/p>\n\n\n\n<p>La bienvenida corri\u00f3 a cargo de Isidre Gibert, decano de la Facultad de Biociencias, y de Esther Torres, coordinadora del Grado en Estudios de Asia Oriental de la Facultad de Traducci\u00f3n e Interpretaci\u00f3n. Mientras Gibert destac\u00f3 que el Comit\u00e9 de \u00c9tica de la UAB celebra treinta a\u00f1os este 2025 poniendo su labor en valor, Torres subray\u00f3 que el congreso ofrec\u00eda al alumnado la oportunidad de tratar con dilemas reales que complementan su formaci\u00f3n acad\u00e9mica. A su vez, Marta Martin, coordinadora del proyecto, puso en valor la interdisciplinariedad y la necesidad de realizar proyectos de estas caracter\u00edsticas.<\/p>\n\n\n<div class=\"wp-block-image\">\n<figure class=\"aligncenter size-large is-resized\"><img loading=\"lazy\" decoding=\"async\" width=\"1024\" height=\"576\" src=\"https:\/\/webs.uab.cat\/miras\/wp-content\/uploads\/sites\/300\/2025\/05\/WhatsApp-Image-2025-05-19-at-20.29.21-1-1024x576.jpeg\" alt=\"\" class=\"wp-image-2579\" style=\"width:558px;height:auto\" srcset=\"https:\/\/webs.uab.cat\/miras\/wp-content\/uploads\/sites\/300\/2025\/05\/WhatsApp-Image-2025-05-19-at-20.29.21-1-1024x576.jpeg 1024w, https:\/\/webs.uab.cat\/miras\/wp-content\/uploads\/sites\/300\/2025\/05\/WhatsApp-Image-2025-05-19-at-20.29.21-1-300x169.jpeg 300w, https:\/\/webs.uab.cat\/miras\/wp-content\/uploads\/sites\/300\/2025\/05\/WhatsApp-Image-2025-05-19-at-20.29.21-1-768x432.jpeg 768w, https:\/\/webs.uab.cat\/miras\/wp-content\/uploads\/sites\/300\/2025\/05\/WhatsApp-Image-2025-05-19-at-20.29.21-1-1536x864.jpeg 1536w, https:\/\/webs.uab.cat\/miras\/wp-content\/uploads\/sites\/300\/2025\/05\/WhatsApp-Image-2025-05-19-at-20.29.21-1-1200x675.jpeg 1200w, https:\/\/webs.uab.cat\/miras\/wp-content\/uploads\/sites\/300\/2025\/05\/WhatsApp-Image-2025-05-19-at-20.29.21-1-1980x1114.jpeg 1980w, https:\/\/webs.uab.cat\/miras\/wp-content\/uploads\/sites\/300\/2025\/05\/WhatsApp-Image-2025-05-19-at-20.29.21-1.jpeg 2016w\" sizes=\"auto, (max-width: 1024px) 100vw, 1024px\" \/><\/figure>\n<\/div>\n\n\n<p>A continuaci\u00f3n, Paula Sub\u00edas, investigadora postdoctoral del Observatorio de Bio\u00e9tica y Derecho de la Universidad de Barcelona, \u200b\u200bofreci\u00f3 una ponencia sobre la irrupci\u00f3n de la IA en cuestiones de \u00e9tica. En primer lugar, introdujo algunos aspectos clave sobre la \u00e9tica y la bio\u00e9tica, como el tratamiento y la cesi\u00f3n de datos confidenciales en investigaciones acad\u00e9micas, y lo contrast\u00f3 con algunas tendencias y pr\u00e1cticas propiciadas por el tecnosolucionismo y la inteligencia artificial.<\/p>\n\n\n<div class=\"wp-block-image\">\n<figure class=\"aligncenter size-large is-resized\"><img loading=\"lazy\" decoding=\"async\" width=\"979\" height=\"1024\" src=\"https:\/\/webs.uab.cat\/miras\/wp-content\/uploads\/sites\/300\/2025\/05\/WhatsApp-Image-2025-05-19-at-20.29.24-1-979x1024.jpeg\" alt=\"\" class=\"wp-image-2599\" style=\"width:272px;height:auto\" srcset=\"https:\/\/webs.uab.cat\/miras\/wp-content\/uploads\/sites\/300\/2025\/05\/WhatsApp-Image-2025-05-19-at-20.29.24-1-979x1024.jpeg 979w, https:\/\/webs.uab.cat\/miras\/wp-content\/uploads\/sites\/300\/2025\/05\/WhatsApp-Image-2025-05-19-at-20.29.24-1-287x300.jpeg 287w, https:\/\/webs.uab.cat\/miras\/wp-content\/uploads\/sites\/300\/2025\/05\/WhatsApp-Image-2025-05-19-at-20.29.24-1-768x803.jpeg 768w, https:\/\/webs.uab.cat\/miras\/wp-content\/uploads\/sites\/300\/2025\/05\/WhatsApp-Image-2025-05-19-at-20.29.24-1.jpeg 1134w\" sizes=\"auto, (max-width: 979px) 100vw, 979px\" \/><\/figure>\n<\/div>\n\n\n<p>Por \u00faltimo, los alumnos de la asignatura de Mediaci\u00f3n Social e Institucional para Traductores e Int\u00e9rpretes del grado en Traducci\u00f3n e Interpretaci\u00f3n y de la asignatura de Bio\u00e9tica del grado en Microbiolog\u00eda defendieron ante un tribunal evaluador los posters en los que plasmaban su trabajo conjunto en la resoluci\u00f3n de casos que presentaban dilemas \u00e9ticos desde una vertiente cient\u00edfica. La experiencia les sirvi\u00f3 para exponer, de forma acad\u00e9mica y razonada, sus argumentos y sus conclusiones frente a dilemas que pueden encontrarse en su d\u00eda de ma\u00f1ana profesional.<\/p>\n\n\n\n<figure class=\"wp-block-image size-large\"><img loading=\"lazy\" decoding=\"async\" width=\"1024\" height=\"576\" src=\"https:\/\/webs.uab.cat\/miras\/wp-content\/uploads\/sites\/300\/2025\/05\/WhatsApp-Image-2025-05-19-at-20.29.26-1024x576.jpeg\" alt=\"\" class=\"wp-image-2587\" srcset=\"https:\/\/webs.uab.cat\/miras\/wp-content\/uploads\/sites\/300\/2025\/05\/WhatsApp-Image-2025-05-19-at-20.29.26-1024x576.jpeg 1024w, https:\/\/webs.uab.cat\/miras\/wp-content\/uploads\/sites\/300\/2025\/05\/WhatsApp-Image-2025-05-19-at-20.29.26-300x169.jpeg 300w, https:\/\/webs.uab.cat\/miras\/wp-content\/uploads\/sites\/300\/2025\/05\/WhatsApp-Image-2025-05-19-at-20.29.26-768x432.jpeg 768w, https:\/\/webs.uab.cat\/miras\/wp-content\/uploads\/sites\/300\/2025\/05\/WhatsApp-Image-2025-05-19-at-20.29.26-1536x864.jpeg 1536w, https:\/\/webs.uab.cat\/miras\/wp-content\/uploads\/sites\/300\/2025\/05\/WhatsApp-Image-2025-05-19-at-20.29.26-1200x675.jpeg 1200w, https:\/\/webs.uab.cat\/miras\/wp-content\/uploads\/sites\/300\/2025\/05\/WhatsApp-Image-2025-05-19-at-20.29.26-1980x1114.jpeg 1980w, https:\/\/webs.uab.cat\/miras\/wp-content\/uploads\/sites\/300\/2025\/05\/WhatsApp-Image-2025-05-19-at-20.29.26.jpeg 2016w\" sizes=\"auto, (max-width: 1024px) 100vw, 1024px\" \/><\/figure>\n","protected":false},"excerpt":{"rendered":"<p>\u00bfQu\u00e9 es la neutralidad? \u00bfD\u00f3nde est\u00e1n los l\u00edmites de la \u00e9tica? \u00bfExiste una correspondencia directa entre la teor\u00eda de la \u00e9tica y los estudios que realizan los investigadores en su d\u00eda a d\u00eda? Con estas reflexiones se inaugur\u00f3 el primer Congreso de \u00c9tica y Bio\u00e9tica de la UAB, el pasado 19 de mayo, en la [&hellip;]<\/p>\n","protected":false},"author":955,"featured_media":0,"parent":0,"menu_order":0,"comment_status":"closed","ping_status":"closed","template":"","meta":{"footnotes":""},"class_list":["post-2602","page","type-page","status-publish","hentry"],"_links":{"self":[{"href":"https:\/\/webs.uab.cat\/miras\/wp-json\/wp\/v2\/pages\/2602","targetHints":{"allow":["GET"]}}],"collection":[{"href":"https:\/\/webs.uab.cat\/miras\/wp-json\/wp\/v2\/pages"}],"about":[{"href":"https:\/\/webs.uab.cat\/miras\/wp-json\/wp\/v2\/types\/page"}],"author":[{"embeddable":true,"href":"https:\/\/webs.uab.cat\/miras\/wp-json\/wp\/v2\/users\/955"}],"replies":[{"embeddable":true,"href":"https:\/\/webs.uab.cat\/miras\/wp-json\/wp\/v2\/comments?post=2602"}],"version-history":[{"count":1,"href":"https:\/\/webs.uab.cat\/miras\/wp-json\/wp\/v2\/pages\/2602\/revisions"}],"predecessor-version":[{"id":2603,"href":"https:\/\/webs.uab.cat\/miras\/wp-json\/wp\/v2\/pages\/2602\/revisions\/2603"}],"wp:attachment":[{"href":"https:\/\/webs.uab.cat\/miras\/wp-json\/wp\/v2\/media?parent=2602"}],"curies":[{"name":"wp","href":"https:\/\/api.w.org\/{rel}","templated":true}]}}