{"id":2621,"date":"2025-07-07T17:39:46","date_gmt":"2025-07-07T15:39:46","guid":{"rendered":"https:\/\/webs.uab.cat\/miras\/?page_id=2621"},"modified":"2025-07-10T13:45:45","modified_gmt":"2025-07-10T11:45:45","slug":"investigadoras-de-miras-participan-en-el-congreso-est","status":"publish","type":"page","link":"https:\/\/webs.uab.cat\/miras\/investigadoras-de-miras-participan-en-el-congreso-est\/","title":{"rendered":"Investigadoras de MIRAS participan en el congreso EST"},"content":{"rendered":"\n<figure class=\"wp-block-image size-large\"><img loading=\"lazy\" decoding=\"async\" width=\"1024\" height=\"628\" src=\"https:\/\/webs.uab.cat\/miras\/wp-content\/uploads\/sites\/300\/2025\/07\/Congres-EST-MIRAS_Foto-grupal-1024x628.jpeg\" alt=\"\" class=\"wp-image-2622\" srcset=\"https:\/\/webs.uab.cat\/miras\/wp-content\/uploads\/sites\/300\/2025\/07\/Congres-EST-MIRAS_Foto-grupal-1024x628.jpeg 1024w, https:\/\/webs.uab.cat\/miras\/wp-content\/uploads\/sites\/300\/2025\/07\/Congres-EST-MIRAS_Foto-grupal-300x184.jpeg 300w, https:\/\/webs.uab.cat\/miras\/wp-content\/uploads\/sites\/300\/2025\/07\/Congres-EST-MIRAS_Foto-grupal-768x471.jpeg 768w, https:\/\/webs.uab.cat\/miras\/wp-content\/uploads\/sites\/300\/2025\/07\/Congres-EST-MIRAS_Foto-grupal-1200x736.jpeg 1200w, https:\/\/webs.uab.cat\/miras\/wp-content\/uploads\/sites\/300\/2025\/07\/Congres-EST-MIRAS_Foto-grupal.jpeg 1357w\" sizes=\"auto, (max-width: 1024px) 100vw, 1024px\" \/><\/figure>\n\n\n\n<p>Varias investigadoras de MIRAS han participado en la und\u00e9cima edici\u00f3n del <a href=\"https:\/\/est-translationstudies.org\/resources\/events\/\">EST, el congreso de la Sociedad Europea de Estudios de Traducci\u00f3n<\/a>, celebrado en Leeds del 30 de junio al 4 de julio de 2025. El EST est\u00e1 considerado como un congreso de referencia por la comunidad acad\u00e9mica y esta edici\u00f3n se ha centrado en los cambios de la traducci\u00f3n, la interpretaci\u00f3n y las disciplinas que las estudian.<\/p>\n\n\n\n<p>Las investigadoras Sof\u00eda Garc\u00eda-Beyaert y Ruth Le\u00f3n-Pinilla, en colaboraci\u00f3n con Monika Chawlczuk (University of East Anglia), presentaron el estudio <em>Gesturing interpreters: research-based teaching innovaci\u00f3n<\/em>. Paralelamente, las investigadoras Ana Isabel P\u00e9rez-Real, Marc Miranda y Mireia Vargas-Urp\u00ed compartieron algunos resultados del proyecto CIMAS con la presentaci\u00f3n <em><a href=\"https:\/\/ddd.uab.cat\/record\/313578?ln=ca\">Bridging the Gap: Enhancing Intercultural Communication in Catalonia&#8217;s Healthcare Through Evidence-Based Insights<\/a><\/em>.<\/p>\n\n\n\n<p>Por \u00faltimo, la investigadora predoctoral Ana Isabel P\u00e9rez-Real mostr\u00f3 algunos resultados de su investigaci\u00f3n en comunicaci\u00f3n <em>Voice Matters: Addressing the Essential Role of Voice Training for Conference Interpreteros <\/em>y el tambi\u00e9n doctorando Marc Miranda hizo lo propio con <em>Encoding Miscommunication: A Proposal of Indicators for Non-Professional Healthcare Interpreting.<\/em><\/p>\n","protected":false},"excerpt":{"rendered":"<p>Varias investigadoras de MIRAS han participado en la und\u00e9cima edici\u00f3n del EST, el congreso de la Sociedad Europea de Estudios de Traducci\u00f3n, celebrado en Leeds del 30 de junio al 4 de julio de 2025. El EST est\u00e1 considerado como un congreso de referencia por la comunidad acad\u00e9mica y esta edici\u00f3n se ha centrado en [&hellip;]<\/p>\n","protected":false},"author":955,"featured_media":0,"parent":0,"menu_order":0,"comment_status":"closed","ping_status":"closed","template":"","meta":{"footnotes":""},"class_list":["post-2621","page","type-page","status-publish","hentry"],"_links":{"self":[{"href":"https:\/\/webs.uab.cat\/miras\/wp-json\/wp\/v2\/pages\/2621","targetHints":{"allow":["GET"]}}],"collection":[{"href":"https:\/\/webs.uab.cat\/miras\/wp-json\/wp\/v2\/pages"}],"about":[{"href":"https:\/\/webs.uab.cat\/miras\/wp-json\/wp\/v2\/types\/page"}],"author":[{"embeddable":true,"href":"https:\/\/webs.uab.cat\/miras\/wp-json\/wp\/v2\/users\/955"}],"replies":[{"embeddable":true,"href":"https:\/\/webs.uab.cat\/miras\/wp-json\/wp\/v2\/comments?post=2621"}],"version-history":[{"count":1,"href":"https:\/\/webs.uab.cat\/miras\/wp-json\/wp\/v2\/pages\/2621\/revisions"}],"predecessor-version":[{"id":2626,"href":"https:\/\/webs.uab.cat\/miras\/wp-json\/wp\/v2\/pages\/2621\/revisions\/2626"}],"wp:attachment":[{"href":"https:\/\/webs.uab.cat\/miras\/wp-json\/wp\/v2\/media?parent=2621"}],"curies":[{"name":"wp","href":"https:\/\/api.w.org\/{rel}","templated":true}]}}