{"id":2941,"date":"2025-12-11T18:21:16","date_gmt":"2025-12-11T17:21:16","guid":{"rendered":"https:\/\/webs.uab.cat\/miras\/?page_id=2941"},"modified":"2025-12-11T18:27:43","modified_gmt":"2025-12-11T17:27:43","slug":"investigadoras-de-miras-participan-en-diversas-actividades-de-universidades-de-japon","status":"publish","type":"page","link":"https:\/\/webs.uab.cat\/miras\/investigadoras-de-miras-participan-en-diversas-actividades-de-universidades-de-japon\/","title":{"rendered":"Investigadoras de MIRAS participan en diversas actividades de universidades de Jap\u00f3n"},"content":{"rendered":"\n<figure class=\"wp-block-image size-large\"><img loading=\"lazy\" decoding=\"async\" width=\"2560\" height=\"1920\" src=\"https:\/\/webs.uab.cat\/miras\/wp-content\/uploads\/sites\/300\/2025\/12\/IMG_4452-edited-scaled.jpg\" alt=\"\" class=\"wp-image-2919\" srcset=\"https:\/\/webs.uab.cat\/miras\/wp-content\/uploads\/sites\/300\/2025\/12\/IMG_4452-edited-scaled.jpg 2560w, https:\/\/webs.uab.cat\/miras\/wp-content\/uploads\/sites\/300\/2025\/12\/IMG_4452-edited-300x225.jpg 300w, https:\/\/webs.uab.cat\/miras\/wp-content\/uploads\/sites\/300\/2025\/12\/IMG_4452-edited-1024x768.jpg 1024w, https:\/\/webs.uab.cat\/miras\/wp-content\/uploads\/sites\/300\/2025\/12\/IMG_4452-edited-768x576.jpg 768w, https:\/\/webs.uab.cat\/miras\/wp-content\/uploads\/sites\/300\/2025\/12\/IMG_4452-edited-1536x1152.jpg 1536w, https:\/\/webs.uab.cat\/miras\/wp-content\/uploads\/sites\/300\/2025\/12\/IMG_4452-edited-2048x1536.jpg 2048w, https:\/\/webs.uab.cat\/miras\/wp-content\/uploads\/sites\/300\/2025\/12\/IMG_4452-edited-1200x900.jpg 1200w, https:\/\/webs.uab.cat\/miras\/wp-content\/uploads\/sites\/300\/2025\/12\/IMG_4452-edited-1980x1485.jpg 1980w\" sizes=\"auto, (max-width: 2560px) 100vw, 2560px\" \/><\/figure>\n\n\n\n<p>En el marco del <a href=\"https:\/\/www.mext.go.jp\/en\/policy\/education\/highered\/title02\/detail02\/1373922.html\">proyecto MEXT<\/a>, en el que participa el grupo MIRAS, tres investigadoras del grupo han viajado a Jap\u00f3n durante unos d\u00edas para participar en diversas conferencias acad\u00e9micas y actividades de divulgaci\u00f3n de la investigaci\u00f3n del grupo.<\/p>\n\n\n\n<p>La <a href=\"https:\/\/webs.uab.cat\/miras\/dra-marta-arumi\/\">Dra. Marta Arum\u00ed<\/a> dio una conferencia en la <a href=\"https:\/\/www.aichi-pu.ac.jp\/eng\/\">Universidad de la Prefectura de Aichi<\/a> en Nagoya, titulada <em>Revisiting the Roles of Interpreter and Mediator en Public Services through the lens of Trust and Professionalizaci\u00f3n: Examples from the Spanish Healthcare System<\/em>, en unas jornadas dedicadas a reflexionar sobre el papel de la mediaci\u00f3n en las sociedades multiling\u00fces. <a href=\"https:\/\/portalrecerca.uab.cat\/es\/persons\/anabel-p%C3%A9rez-real\/\">Anabel P\u00e9rez-Real<\/a>, investigadora predoctoral, present\u00f3 los avances de su tesis en un coloquio con estudiantes de la misma universidad.<\/p>\n\n\n\n<figure class=\"wp-block-image size-large\"><img loading=\"lazy\" decoding=\"async\" width=\"1024\" height=\"448\" src=\"https:\/\/webs.uab.cat\/miras\/wp-content\/uploads\/sites\/300\/2025\/12\/IMG_67263-1024x448.jpg\" alt=\"\" class=\"wp-image-2927\" srcset=\"https:\/\/webs.uab.cat\/miras\/wp-content\/uploads\/sites\/300\/2025\/12\/IMG_67263-1024x448.jpg 1024w, https:\/\/webs.uab.cat\/miras\/wp-content\/uploads\/sites\/300\/2025\/12\/IMG_67263-300x131.jpg 300w, https:\/\/webs.uab.cat\/miras\/wp-content\/uploads\/sites\/300\/2025\/12\/IMG_67263-768x336.jpg 768w, https:\/\/webs.uab.cat\/miras\/wp-content\/uploads\/sites\/300\/2025\/12\/IMG_67263-1536x672.jpg 1536w, https:\/\/webs.uab.cat\/miras\/wp-content\/uploads\/sites\/300\/2025\/12\/IMG_67263-2048x896.jpg 2048w, https:\/\/webs.uab.cat\/miras\/wp-content\/uploads\/sites\/300\/2025\/12\/IMG_67263-1200x525.jpg 1200w, https:\/\/webs.uab.cat\/miras\/wp-content\/uploads\/sites\/300\/2025\/12\/IMG_67263-1980x867.jpg 1980w\" sizes=\"auto, (max-width: 1024px) 100vw, 1024px\" \/><\/figure>\n\n\n\n<p>Ambas investigadoras presentaron <a href=\"https:\/\/webs.uab.cat\/cimas\/es\/\">el proyecto CIMAS<\/a> en el congreso <em><a href=\"https:\/\/criticallink.org\/second-international-conference-onlegal-and-healthcare-interpreting\/\">Second International Conference on Legal and Healthcare Interpreting<\/a> <\/em>de la <a href=\"https:\/\/www.icu.ac.jp\/en\/\">International Christian University de Tokio<\/a> con la ponencia <em>Mediated Intercultural Communication in the Spanish Health System: The CIMAS Project <\/em>.<\/p>\n\n\n\n<p>Seguidamente, la Dra. Arum\u00ed present\u00f3 <em>Stakeholders &#8216;Perspectivas and Attitudes Towards Mediated Intercultural Communication In the Spanish Healthcare System: En Focus Group and Interviews Study<\/em>, cuyos datos tambi\u00e9n provienen del proyecto CIMAS. De forma paralela, P\u00e9rez-Real realiz\u00f3 las ponencias <em>Mediated Intercultural Communication in Catalonia&#8217;s Healthcare System: Exploring the Perspectives of Intercultural Mediators and Healthcare Providers<\/em>, con datos que provienen del mismo proyecto, <em>y Vocal challenges en Legal and Healthcare Settings: How Interpreting Modality and Context Shape Interpreter\u2019s Vocal Needs<\/em>, a partir de datos derivados de su tesis doctoral.<\/p>\n\n\n\n<figure class=\"wp-block-gallery has-nested-images columns-default is-cropped wp-block-gallery-1 is-layout-flex wp-block-gallery-is-layout-flex\">\n<figure class=\"wp-block-image size-large\"><img loading=\"lazy\" decoding=\"async\" width=\"1024\" height=\"538\" data-id=\"2945\" src=\"https:\/\/webs.uab.cat\/miras\/wp-content\/uploads\/sites\/300\/2025\/12\/IMG_20491-2-1024x538.jpg\" alt=\"\" class=\"wp-image-2945\" srcset=\"https:\/\/webs.uab.cat\/miras\/wp-content\/uploads\/sites\/300\/2025\/12\/IMG_20491-2-1024x538.jpg 1024w, https:\/\/webs.uab.cat\/miras\/wp-content\/uploads\/sites\/300\/2025\/12\/IMG_20491-2-300x158.jpg 300w, https:\/\/webs.uab.cat\/miras\/wp-content\/uploads\/sites\/300\/2025\/12\/IMG_20491-2-768x403.jpg 768w, https:\/\/webs.uab.cat\/miras\/wp-content\/uploads\/sites\/300\/2025\/12\/IMG_20491-2-1536x807.jpg 1536w, https:\/\/webs.uab.cat\/miras\/wp-content\/uploads\/sites\/300\/2025\/12\/IMG_20491-2-2048x1075.jpg 2048w, https:\/\/webs.uab.cat\/miras\/wp-content\/uploads\/sites\/300\/2025\/12\/IMG_20491-2-1200x630.jpg 1200w, https:\/\/webs.uab.cat\/miras\/wp-content\/uploads\/sites\/300\/2025\/12\/IMG_20491-2-1980x1040.jpg 1980w\" sizes=\"auto, (max-width: 1024px) 100vw, 1024px\" \/><\/figure>\n\n\n\n<figure class=\"wp-block-image size-large\"><img loading=\"lazy\" decoding=\"async\" width=\"1024\" height=\"768\" data-id=\"2953\" src=\"https:\/\/webs.uab.cat\/miras\/wp-content\/uploads\/sites\/300\/2025\/12\/IMG_6701-2-1024x768.jpg\" alt=\"\" class=\"wp-image-2953\" srcset=\"https:\/\/webs.uab.cat\/miras\/wp-content\/uploads\/sites\/300\/2025\/12\/IMG_6701-2-1024x768.jpg 1024w, https:\/\/webs.uab.cat\/miras\/wp-content\/uploads\/sites\/300\/2025\/12\/IMG_6701-2-300x225.jpg 300w, https:\/\/webs.uab.cat\/miras\/wp-content\/uploads\/sites\/300\/2025\/12\/IMG_6701-2-768x576.jpg 768w, https:\/\/webs.uab.cat\/miras\/wp-content\/uploads\/sites\/300\/2025\/12\/IMG_6701-2-1536x1152.jpg 1536w, https:\/\/webs.uab.cat\/miras\/wp-content\/uploads\/sites\/300\/2025\/12\/IMG_6701-2-2048x1536.jpg 2048w, https:\/\/webs.uab.cat\/miras\/wp-content\/uploads\/sites\/300\/2025\/12\/IMG_6701-2-1200x900.jpg 1200w, https:\/\/webs.uab.cat\/miras\/wp-content\/uploads\/sites\/300\/2025\/12\/IMG_6701-2-1980x1485.jpg 1980w\" sizes=\"auto, (max-width: 1024px) 100vw, 1024px\" \/><\/figure>\n<\/figure>\n\n\n\n<p>La Dra. Sof\u00eda Garc\u00eda- Beyaert present\u00f3 la ponencia <em>Situated Dialogues for Healthcare Interpreting Practice and Training: The APU-UAB Experience<\/em>, donde expuso un proyecto de colaboraci\u00f3n para desarrollar materiales formativos basados en di\u00e1logos situados para mejorar la formaci\u00f3n de int\u00e9rpretes en el \u00e1mbito sanitario, destacando sus fundamentos pedag\u00f3gicos, sus ventajas educativas y sus aplicaciones dentro y fuera del aula.<\/p>\n\n\n\n<p>Por \u00faltimo, la Dra. Arum\u00ed particip\u00f3 como panelista en el simposio <em>Public Symposium on Legal Interpreting <\/em>organizado por la Aichi Prefectural University, celebrado en la International Christian University de Tokio para cerrar el congreso.<\/p>\n","protected":false},"excerpt":{"rendered":"<p>En el marco del proyecto MEXT, en el que participa el grupo MIRAS, tres investigadoras del grupo han viajado a Jap\u00f3n durante unos d\u00edas para participar en diversas conferencias acad\u00e9micas y actividades de divulgaci\u00f3n de la investigaci\u00f3n del grupo. La Dra. Marta Arum\u00ed dio una conferencia en la Universidad de la Prefectura de Aichi en [&hellip;]<\/p>\n","protected":false},"author":955,"featured_media":0,"parent":0,"menu_order":0,"comment_status":"closed","ping_status":"closed","template":"","meta":{"footnotes":""},"class_list":["post-2941","page","type-page","status-publish","hentry"],"_links":{"self":[{"href":"https:\/\/webs.uab.cat\/miras\/wp-json\/wp\/v2\/pages\/2941","targetHints":{"allow":["GET"]}}],"collection":[{"href":"https:\/\/webs.uab.cat\/miras\/wp-json\/wp\/v2\/pages"}],"about":[{"href":"https:\/\/webs.uab.cat\/miras\/wp-json\/wp\/v2\/types\/page"}],"author":[{"embeddable":true,"href":"https:\/\/webs.uab.cat\/miras\/wp-json\/wp\/v2\/users\/955"}],"replies":[{"embeddable":true,"href":"https:\/\/webs.uab.cat\/miras\/wp-json\/wp\/v2\/comments?post=2941"}],"version-history":[{"count":1,"href":"https:\/\/webs.uab.cat\/miras\/wp-json\/wp\/v2\/pages\/2941\/revisions"}],"predecessor-version":[{"id":2954,"href":"https:\/\/webs.uab.cat\/miras\/wp-json\/wp\/v2\/pages\/2941\/revisions\/2954"}],"wp:attachment":[{"href":"https:\/\/webs.uab.cat\/miras\/wp-json\/wp\/v2\/media?parent=2941"}],"curies":[{"name":"wp","href":"https:\/\/api.w.org\/{rel}","templated":true}]}}