{"id":301,"date":"2009-05-25T13:26:58","date_gmt":"2009-05-25T11:26:58","guid":{"rendered":"https:\/\/webs.uab.cat\/miras\/lineas-de-investigacion\/"},"modified":"2010-02-03T13:20:04","modified_gmt":"2010-02-03T11:20:04","slug":"lineas-de-investigacion","status":"publish","type":"page","link":"https:\/\/webs.uab.cat\/miras\/lineas-de-investigacion\/","title":{"rendered":"L\u00edneas de investigaci\u00f3n"},"content":{"rendered":"<p>El grupo MIRAS desarrolla su actividad en las siguientes l\u00edneas de investigaci\u00f3n:<\/p>\n<ol>\n<li>Traducci\u00f3n, interpretaci\u00f3n y estudios interculturales<\/li>\n<li>Formaci\u00f3n de traductores e int\u00e9rpretes para los servicios p\u00fablicos<\/li>\n<li>Elaboraci\u00f3n de gu\u00edas para los colectivos inmigrantes de Catalu\u00f1a <\/li>\n<\/ol>\n","protected":false},"excerpt":{"rendered":"<p>El grupo MIRAS desarrolla su actividad en las siguientes l\u00edneas de investigaci\u00f3n: Traducci\u00f3n, interpretaci\u00f3n y estudios interculturales Formaci\u00f3n de traductores e int\u00e9rpretes para los servicios p\u00fablicos Elaboraci\u00f3n de gu\u00edas para los colectivos inmigrantes de Catalu\u00f1a<\/p>\n","protected":false},"author":20,"featured_media":0,"parent":0,"menu_order":0,"comment_status":"closed","ping_status":"closed","template":"","meta":{"footnotes":""},"class_list":["post-301","page","type-page","status-publish","hentry"],"_links":{"self":[{"href":"https:\/\/webs.uab.cat\/miras\/wp-json\/wp\/v2\/pages\/301","targetHints":{"allow":["GET"]}}],"collection":[{"href":"https:\/\/webs.uab.cat\/miras\/wp-json\/wp\/v2\/pages"}],"about":[{"href":"https:\/\/webs.uab.cat\/miras\/wp-json\/wp\/v2\/types\/page"}],"author":[{"embeddable":true,"href":"https:\/\/webs.uab.cat\/miras\/wp-json\/wp\/v2\/users\/20"}],"replies":[{"embeddable":true,"href":"https:\/\/webs.uab.cat\/miras\/wp-json\/wp\/v2\/comments?post=301"}],"version-history":[{"count":0,"href":"https:\/\/webs.uab.cat\/miras\/wp-json\/wp\/v2\/pages\/301\/revisions"}],"wp:attachment":[{"href":"https:\/\/webs.uab.cat\/miras\/wp-json\/wp\/v2\/media?parent=301"}],"curies":[{"name":"wp","href":"https:\/\/api.w.org\/{rel}","templated":true}]}}