{"id":315,"date":"2009-05-25T13:54:57","date_gmt":"2009-05-25T11:54:57","guid":{"rendered":"https:\/\/webs.uab.cat\/miras\/dra-xus-ugarte\/"},"modified":"2022-12-01T11:23:12","modified_gmt":"2022-12-01T09:23:12","slug":"dra-xus-ugarte","status":"publish","type":"page","link":"https:\/\/webs.uab.cat\/miras\/dra-xus-ugarte\/","title":{"rendered":"Dra. Xus Ugarte"},"content":{"rendered":"<p><img loading=\"lazy\" decoding=\"async\" class=\" size-full wp-image-166\" alt=\"foto_xus.jpg\" height=\"183\" src=\"https:\/\/webs.uab.cat\/miras\/wp-content\/uploads\/sites\/300\/2009\/05\/foto_xus.jpg\" width=\"191\" srcset=\"https:\/\/webs.uab.cat\/miras\/wp-content\/uploads\/sites\/300\/2009\/05\/foto_xus.jpg 592w, https:\/\/webs.uab.cat\/miras\/wp-content\/uploads\/sites\/300\/2009\/05\/foto_xus-300x288.jpg 300w\" sizes=\"auto, (max-width: 191px) 100vw, 191px\" \/><\/p>\n<hr>\n<p class=\"rtejustify\">Xus Ugarte Ballester es doctora en Traducci\u00f3n e Interpretaci\u00f3n y profesora titular del departamento de Traducci\u00f3n, Interpretaci\u00f3n y Lenguas Aplicadas de la Universitat de Vic- Universitat Central de Catalunya. Imparte interpretaci\u00f3n&nbsp; online del ingl\u00e9s al catal\u00e1n y al espa\u00f1ol (grado de Traducci\u00f3n, Interpretaci\u00f3n y Lenguas Aplicadas, M\u00e1ster Universitario online de Traducci\u00f3n Especializada); traducci\u00f3n del franc\u00e9s.<\/p>\n<p class=\"rtejustify\">Sus l\u00edneas de investigaci\u00f3n se centran en: interpretaci\u00f3n para los servicios p\u00fablicos, did\u00e1ctica de la interpretaci\u00f3n, paremiolog\u00eda desde la perspectiva traductol\u00f3gica, historia de la traducci\u00f3n en Catalu\u00f1a y censura y traducci\u00f3n. Es miembro de los grupos de investigaci\u00f3n consolidados TEXLICO (Textos literarios contempor\u00e1neos) de la UVic- UCC y MIRAS (Mediaci\u00f3n, Interpretaci\u00f3n e Investigaci\u00f3n en el \u00c1mbito Social) de la Universitat Aut\u00f2noma de Barcelona.<\/p>\n<p class=\"rtejustify\">Publicaciones:&nbsp;<\/p>\n<p class=\"rtejustify\">&#8211; Ugarte, X; Perramon, M. (2020) \u201c<a href=\"https:\/\/doi.org\/10.1075\/ttmc.00052.per\">Teaching Interpreting Online for the Translation and Interpreting Degree at the University of Vic: A Nonstop Challenge Since 2001<\/a>\u201d en Rodr\u00edguez, P; Flores, E (eds) <em>Teaching and practising interpreting: From traditional to new remote approaches <\/em>[Translation and Translanguaging in Multilingual Contexts 6:2], p. 172\u2013182.<\/p>\n<p class=\"rtejustify\">&nbsp;<\/p>\n","protected":false},"excerpt":{"rendered":"<p>Xus Ugarte Ballester es doctora en Traducci\u00f3n e Interpretaci\u00f3n y profesora titular del departamento de Traducci\u00f3n, Interpretaci\u00f3n y Lenguas Aplicadas de la Universitat de Vic- Universitat Central de Catalunya. Imparte interpretaci\u00f3n&nbsp; online del ingl\u00e9s al catal\u00e1n y al espa\u00f1ol (grado de Traducci\u00f3n, Interpretaci\u00f3n y Lenguas Aplicadas, M\u00e1ster Universitario online de Traducci\u00f3n Especializada); traducci\u00f3n del franc\u00e9s. [&hellip;]<\/p>\n","protected":false},"author":20,"featured_media":0,"parent":0,"menu_order":0,"comment_status":"closed","ping_status":"closed","template":"","meta":{"footnotes":""},"class_list":["post-315","page","type-page","status-publish","hentry"],"_links":{"self":[{"href":"https:\/\/webs.uab.cat\/miras\/wp-json\/wp\/v2\/pages\/315","targetHints":{"allow":["GET"]}}],"collection":[{"href":"https:\/\/webs.uab.cat\/miras\/wp-json\/wp\/v2\/pages"}],"about":[{"href":"https:\/\/webs.uab.cat\/miras\/wp-json\/wp\/v2\/types\/page"}],"author":[{"embeddable":true,"href":"https:\/\/webs.uab.cat\/miras\/wp-json\/wp\/v2\/users\/20"}],"replies":[{"embeddable":true,"href":"https:\/\/webs.uab.cat\/miras\/wp-json\/wp\/v2\/comments?post=315"}],"version-history":[{"count":1,"href":"https:\/\/webs.uab.cat\/miras\/wp-json\/wp\/v2\/pages\/315\/revisions"}],"predecessor-version":[{"id":1205,"href":"https:\/\/webs.uab.cat\/miras\/wp-json\/wp\/v2\/pages\/315\/revisions\/1205"}],"wp:attachment":[{"href":"https:\/\/webs.uab.cat\/miras\/wp-json\/wp\/v2\/media?parent=315"}],"curies":[{"name":"wp","href":"https:\/\/api.w.org\/{rel}","templated":true}]}}