{"id":390,"date":"2010-06-14T16:36:02","date_gmt":"2010-06-14T14:36:02","guid":{"rendered":"https:\/\/webs.uab.cat\/miras\/i-jornada-de-traduccion-e-interpretacion-para-los-servicios-publicos-practica-profesional\/"},"modified":"2024-04-15T09:14:17","modified_gmt":"2024-04-15T07:14:17","slug":"i-jornada-de-traduccion-e-interpretacion-para-los-servicios-publicos-practica-profesional","status":"publish","type":"page","link":"https:\/\/webs.uab.cat\/miras\/i-jornada-de-traduccion-e-interpretacion-para-los-servicios-publicos-practica-profesional\/","title":{"rendered":"I Jornada de traducci\u00f3n e interpretaci\u00f3n para los Servicios P\u00fablicos: Pr\u00e1ctica profesional, investigaci\u00f3n y formaci\u00f3n"},"content":{"rendered":"<p><strong><a href=\"https:\/\/webs.uab.cat\/miras\/wp-content\/uploads\/sites\/300\/2016\/11\/I-JORNADA-TISP-UAB-7-junio-2010.pdf\" target=\"_blank\" rel=\"noopener\">PROGRAMA<\/a><br \/>\n<\/strong><\/p>\n<p><strong>Fecha<\/strong>: 7 de junio de 2010<\/p>\n<p><strong>Lugar<\/strong>: Facultad de Traducci\u00f3n e Interpretaci\u00f3n de la Universidad Aut\u00f3noma de Barcelona<\/p>\n<p>Aula 1, edificio K, campus Bellaterra (Cerdanyola del Vall\u00e8s)<\/p>\n<p><strong>Ponencias<br \/>\n<\/strong><\/p>\n<p><strong>Dra. Marta Arum\u00ed y Dra. Anna Gil<\/strong>, UAB: <a href=\"https:\/\/webs.uab.cat\/miras\/wp-content\/uploads\/sites\/300\/2016\/11\/Situacio_TISP_Catalunya_0.pdf\">La situaci\u00f3 de la TISP a Catalunya avui: resultats del projecte ARAFI.\u00a0<\/a><\/p>\n<p><strong>Dra. Xus U\/garte<\/strong>, Universidad de Vic:<a href=\"https:\/\/webs.uab.cat\/miras\/wp-content\/uploads\/sites\/300\/2016\/11\/Pinzellada_Codis_Deontologics_0.pdf\"> Pinzellada sobre codis \u00e8tics en la professi\u00f3 d\u00b4ISP.<\/a><\/p>\n<p><strong>Mireia Vargas Urpi<\/strong>, UAB:<a href=\"https:\/\/webs.uab.cat\/miras\/wp-content\/uploads\/sites\/300\/2016\/11\/Formacio_Traductors_Interprets_0.pdf\"> La formaci\u00f3 per a traductors i int\u00e8rprets per als serveis p\u00fablics: un pas clau en la professionalitzaci\u00f3 d&#8217;aquest nou perfil emergent<\/a><\/p>\n<p><strong>Sof\u00eda Garc\u00eda Beyaert<\/strong>, IGOP, UAB:<a href=\"https:\/\/webs.uab.cat\/miras\/wp-content\/uploads\/sites\/300\/2016\/11\/Comunicacion_Efectiva_0.pps\"> La &#8216;comunicaci\u00f3n efectiva&#8217;: herramienta de reflexi\u00f3n para el desarrollo de la ISP.<\/a><\/p>\n","protected":false},"excerpt":{"rendered":"<p>PROGRAMA Fecha: 7 de junio de 2010 Lugar: Facultad de Traducci\u00f3n e Interpretaci\u00f3n de la Universidad Aut\u00f3noma de Barcelona Aula 1, edificio K, campus Bellaterra (Cerdanyola del Vall\u00e8s) Ponencias Dra. Marta Arum\u00ed y Dra. Anna Gil, UAB: La situaci\u00f3 de la TISP a Catalunya avui: resultats del projecte ARAFI.\u00a0 Dra. Xus U\/garte, Universidad de Vic: [&hellip;]<\/p>\n","protected":false},"author":20,"featured_media":0,"parent":0,"menu_order":0,"comment_status":"closed","ping_status":"closed","template":"","meta":{"footnotes":""},"class_list":["post-390","page","type-page","status-publish","hentry"],"_links":{"self":[{"href":"https:\/\/webs.uab.cat\/miras\/wp-json\/wp\/v2\/pages\/390","targetHints":{"allow":["GET"]}}],"collection":[{"href":"https:\/\/webs.uab.cat\/miras\/wp-json\/wp\/v2\/pages"}],"about":[{"href":"https:\/\/webs.uab.cat\/miras\/wp-json\/wp\/v2\/types\/page"}],"author":[{"embeddable":true,"href":"https:\/\/webs.uab.cat\/miras\/wp-json\/wp\/v2\/users\/20"}],"replies":[{"embeddable":true,"href":"https:\/\/webs.uab.cat\/miras\/wp-json\/wp\/v2\/comments?post=390"}],"version-history":[{"count":2,"href":"https:\/\/webs.uab.cat\/miras\/wp-json\/wp\/v2\/pages\/390\/revisions"}],"predecessor-version":[{"id":2034,"href":"https:\/\/webs.uab.cat\/miras\/wp-json\/wp\/v2\/pages\/390\/revisions\/2034"}],"wp:attachment":[{"href":"https:\/\/webs.uab.cat\/miras\/wp-json\/wp\/v2\/media?parent=390"}],"curies":[{"name":"wp","href":"https:\/\/api.w.org\/{rel}","templated":true}]}}