{"id":520,"date":"2011-04-11T16:29:01","date_gmt":"2011-04-11T14:29:01","guid":{"rendered":"https:\/\/webs.uab.cat\/miras\/noelia-burdeus\/"},"modified":"2011-04-11T16:29:01","modified_gmt":"2011-04-11T14:29:01","slug":"noelia-burdeus","status":"publish","type":"page","link":"https:\/\/webs.uab.cat\/miras\/noelia-burdeus\/","title":{"rendered":"Noelia Burdeus"},"content":{"rendered":"<p><img loading=\"lazy\" decoding=\"async\" src=\"http:\/\/grupsderecerca.uab.cat\/miras\/sites\/grupsderecerca.uab.cat.miras\/files\/Noelia_Burdeus_Domingo_2.jpg\" alt=\"\" width=\"85\" height=\"113\" \/><\/p>\n<hr \/>\n<p><span style=\"line-height: 20px;\">Es licenciada en Traducci\u00f3n e Interpretaci\u00f3n (ingl\u00e9s y franc\u00e9s) por la Universitat Jaume I (Castell\u00f3n). Realiz\u00f3 el M\u00e1ster Oficial en traducci\u00f3n, interpretaci\u00f3n y estudios interculturales de la Universitat Aut\u00f2noma de Barcelona, en la especialidad de traductolog\u00eda, elaborando en el marco del mismo la tesina titulada \u201cLa interpretaci\u00f3n en los servicios p\u00fablicos en el \u00e1mbito sanitario en el \u00e1rea metropolitana de Barcelona\u201d.<\/span><\/p>\n<p>Su actividad investigadora se centra en el estudio de la traducci\u00f3n e interpretaci\u00f3n en los servicios p\u00fablicos, concretamente en el \u00e1mbito sanitario.<\/p>\n<p>Participaciones en congresos:<\/p>\n<p><em>Interpretaci\u00f3n en los servicios p\u00fablicos en el \u00e1mbito sanitario en el \u00e1rea metropolitana de Barcelona<\/em>. 4 Congreso Internacional sobre Traducci\u00f3n e Interpretaci\u00f3n en los Servicios P\u00fablicos, Universidad de Alcal\u00e1 de Henares, 13-15 de abril de 2011.<\/p>\n<p>Ha participado como becaria contratada en el proyecto de investigaci\u00f3n ARAFI de AGAUR: <em>Traducci\u00f3n e inmigraci\u00f3n: la formaci\u00f3n de traductores e int\u00e9rpretes para los servicios p\u00fablicos. Nuevas soluciones para nuevas realidades<\/em>.<\/p>\n","protected":false},"excerpt":{"rendered":"<p>Es licenciada en Traducci\u00f3n e Interpretaci\u00f3n (ingl\u00e9s y franc\u00e9s) por la Universitat Jaume I (Castell\u00f3n). Realiz\u00f3 el M\u00e1ster Oficial en traducci\u00f3n, interpretaci\u00f3n y estudios interculturales de la Universitat Aut\u00f2noma de Barcelona, en la especialidad de traductolog\u00eda, elaborando en el marco del mismo la tesina titulada \u201cLa interpretaci\u00f3n en los servicios p\u00fablicos en el \u00e1mbito sanitario [&hellip;]<\/p>\n","protected":false},"author":20,"featured_media":521,"parent":0,"menu_order":0,"comment_status":"closed","ping_status":"closed","template":"","meta":{"footnotes":""},"class_list":["post-520","page","type-page","status-publish","has-post-thumbnail","hentry"],"_links":{"self":[{"href":"https:\/\/webs.uab.cat\/miras\/wp-json\/wp\/v2\/pages\/520","targetHints":{"allow":["GET"]}}],"collection":[{"href":"https:\/\/webs.uab.cat\/miras\/wp-json\/wp\/v2\/pages"}],"about":[{"href":"https:\/\/webs.uab.cat\/miras\/wp-json\/wp\/v2\/types\/page"}],"author":[{"embeddable":true,"href":"https:\/\/webs.uab.cat\/miras\/wp-json\/wp\/v2\/users\/20"}],"replies":[{"embeddable":true,"href":"https:\/\/webs.uab.cat\/miras\/wp-json\/wp\/v2\/comments?post=520"}],"version-history":[{"count":0,"href":"https:\/\/webs.uab.cat\/miras\/wp-json\/wp\/v2\/pages\/520\/revisions"}],"wp:featuredmedia":[{"embeddable":true,"href":"https:\/\/webs.uab.cat\/miras\/wp-json\/wp\/v2\/media\/521"}],"wp:attachment":[{"href":"https:\/\/webs.uab.cat\/miras\/wp-json\/wp\/v2\/media?parent=520"}],"curies":[{"name":"wp","href":"https:\/\/api.w.org\/{rel}","templated":true}]}}