{"id":597,"date":"2011-05-23T09:09:12","date_gmt":"2011-05-23T07:09:12","guid":{"rendered":"https:\/\/webs.uab.cat\/miras\/ii-jornada-de-traduccion-e-interpretacion-en-los-servicios-publicos-de-catalun-formacion\/"},"modified":"2011-05-23T09:09:12","modified_gmt":"2011-05-23T07:09:12","slug":"ii-jornada-de-traduccion-e-interpretacion-en-los-servicios-publicos-de-catalun-formacion","status":"publish","type":"page","link":"https:\/\/webs.uab.cat\/miras\/ii-jornada-de-traduccion-e-interpretacion-en-los-servicios-publicos-de-catalun-formacion\/","title":{"rendered":"II Jornada de Traducci\u00f3n e Interpretaci\u00f3n en los Servicios P\u00fablicos de Catalu\u00f1a: Formaci\u00f3n, an\u00e1lisis y reflexi\u00f3n"},"content":{"rendered":"<p style=\"font-family: Arial, Tahoma, Helvetica, sans-serif; font: normal normal normal 13px\/160% Arial, Tahoma, Helvetica, sans-serif;\"><strong><a href=\"\/\/grupsderecerca.uab.cat\/miras\/sites\/grupsderecerca.uab.cat.miras\/files\/II_jornada_MIRAS_cast_0.pdf\" target=\"_blank\" rel=\"noopener\">PROGRAMA<\/a><br \/><\/strong><\/p>\n<p style=\"font-family: Arial, Tahoma, Helvetica, sans-serif; font: normal normal normal 13px\/160% Arial, Tahoma, Helvetica, sans-serif;\">Fecha: 20 de mayo de 2011<\/p>\n<p style=\"font-family: Arial, Tahoma, Helvetica, sans-serif; font: normal normal normal 13px\/160% Arial, Tahoma, Helvetica, sans-serif;\">Lugar: Facultad de Traducci\u00f3n e Interpretaci\u00f3n de la Universidad Aut\u00f3noma de Barcelona<\/p>\n<p style=\"font-family: Arial, Tahoma, Helvetica, sans-serif; font: normal normal normal 13px\/160% Arial, Tahoma, Helvetica, sans-serif;\">&nbsp;&nbsp;&nbsp;&nbsp;&nbsp;&nbsp;&nbsp;&nbsp;&nbsp; Aula 2, edificio K, campus de Bellaterra (Cerdanyola del Vall\u00e8s)&nbsp;&nbsp;&nbsp;&nbsp;&nbsp;&nbsp;&nbsp;&nbsp;&nbsp;&nbsp;&nbsp;&nbsp;&nbsp;&nbsp;&nbsp;&nbsp;&nbsp;&nbsp;&nbsp;&nbsp;&nbsp;&nbsp;&nbsp;&nbsp;&nbsp;&nbsp;&nbsp;&nbsp;&nbsp;&nbsp;&nbsp;&nbsp;&nbsp;&nbsp;&nbsp;&nbsp;&nbsp;&nbsp;&nbsp;&nbsp;&nbsp; <br \/>&nbsp;&nbsp;&nbsp;&nbsp;&nbsp;&nbsp;&nbsp;&nbsp;&nbsp; <img decoding=\"async\" src=\"%20\t%20http:\/\/grupsderecerca.uab.cat\/miras\/sites\/grupsderecerca.uab.cat.miras\/files\/II%20Jornada_imatge%20sala.jpg\" alt=\"\" width=\"177,5\" height=\"114,5\" \/><\/p>\n<p style=\"font-family: Arial, Tahoma, Helvetica, sans-serif; font: normal normal normal 13px\/160% Arial, Tahoma, Helvetica, sans-serif;\"><strong>Dra. Mar\u00eda Isabel Abril Mart\u00ed<\/strong>, Universidad de Granada:&nbsp;<a href=\"http:\/\/grupsderecerca.uab.cat\/miras\/sites\/grupsderecerca.uab.cat.miras\/files\/AbrilMart\u00edBarcelona2011.ppsx\" target=\"_blank\" rel=\"noopener\">La formaci\u00f3n en ISP: Retos espec\u00edficos para el dise\u00f1o curricular.<\/a><\/p>\n<p><strong>Dra. Anna Gil Bardaj\u00ed<\/strong>, UAB: <a href=\"http:\/\/grupsderecerca.uab.cat\/miras\/sites\/grupsderecerca.uab.cat.miras\/files\/PRESENTACIO CURS II JORNADES.pptx\" target=\"_blank\" rel=\"noopener\">Presentaci\u00f3 del Curs d\u2019Especialitzaci\u00f3 en Interpretaci\u00f3 als Serveis P\u00fablics (\u00e0rab, roman\u00e8s, xin\u00e8s, angl\u00e8s i franc\u00e8s)<\/a>.<\/p>\n<p><strong>Dra. Carme Bestu\u00e9<\/strong>, UAB: <a href=\"http:\/\/grupsderecerca.uab.cat\/miras\/sites\/grupsderecerca.uab.cat.miras\/files\/marcelo-presentacio-jornada20-05.pdf\" target=\"_blank\" rel=\"noopener\">El Dret civil: els conceptes i la seva aplicaci\u00f3 en l&#8217;\u00e0mbit de la traducci\u00f3 i la interpretaci\u00f3 davant dels tribunals.<\/a><\/p>\n<p style=\"font-family: Arial, Tahoma, Helvetica, sans-serif; font: normal normal normal 13px\/160% Arial, Tahoma, Helvetica, sans-serif;\"><strong>Mireia Vargas Urpi<\/strong>, UAB:&nbsp;<a href=\"http:\/\/grupsderecerca.uab.cat\/miras\/sites\/grupsderecerca.uab.cat.miras\/files\/jornada_2_taller.pdf\">L&#8217;int\u00e8rpret en l&#8217;\u00e0mbit sociosanitari: q\u00fcestions de rol i dilemes \u00e8tics.<\/a><\/p>\n<p style=\"font-family: Arial, Tahoma, Helvetica, sans-serif; font: normal normal normal 13px\/160% Arial, Tahoma, Helvetica, sans-serif;\">&nbsp;<\/p>\n<p style=\"margin-top: 15px; margin-bottom: 0.8em; color: #333333; font-family: Arial, Tahoma, Helvetica, sans-serif; font: normal normal normal 13px\/160% Arial, Tahoma, Helvetica, sans-serif;\"><span style=\"color: #000000;\"><strong>V\u00eddeos de la Jornada:<\/strong><\/span><\/p>\n<p style=\"margin-top: 15px; margin-bottom: 0.8em; color: #333333; font-family: Arial, Tahoma, Helvetica, sans-serif; font: normal normal normal 13px\/160% Arial, Tahoma, Helvetica, sans-serif;\"><a href=\"http:\/\/fmstream.uab.es\/serim\/conferencies\/JornadaMIRAS20mayo2011parte1.html\" target=\"_blank\" style=\"text-decoration: none; font-weight: bold; color: #bb3d00;\" rel=\"noopener\">Parte 1: presentaci\u00f3n de la Jornada y conferencia de Mar\u00eda Isabel Abril Mart\u00ed<\/a>&nbsp;&nbsp;&nbsp;<\/p>\n<p style=\"margin-top: 15px; margin-bottom: 0.8em; color: #333333; font-family: Arial, Tahoma, Helvetica, sans-serif; font: normal normal normal 13px\/160% Arial, Tahoma, Helvetica, sans-serif;\"><img loading=\"lazy\" decoding=\"async\" src=\"%20\t%20http:\/\/grupsderecerca.uab.cat\/miras\/sites\/grupsderecerca.uab.cat.miras\/files\/II%20Jornada_%20Video%20pon\u00e8ncia%2001_Mabel%20Abril.jpg\" alt=\"Mabel Abril\" width=\"102\" height=\"102\" \/><\/p>\n<p style=\"margin-top: 15px; margin-bottom: 0.8em; color: #333333; font-family: Arial, Tahoma, Helvetica, sans-serif; font: normal normal normal 13px\/160% Arial, Tahoma, Helvetica, sans-serif;\"><a href=\"http:\/\/fmstream.uab.es\/serim\/conferencies\/JornadaMIRAS20mayo2011parte2.html\" target=\"_blank\" style=\"text-decoration: none; font-weight: bold; color: #bb3d00;\" rel=\"noopener\">Parte 2: ponencias de Anna Gil Bardaj\u00ed, Merc\u00e8 Sol\u00e9 i Sanosa y Montse Sol\u00e9<\/a><\/p>\n<p style=\"margin-top: 15px; margin-bottom: 0.8em; color: #333333; font-family: Arial, Tahoma, Helvetica, sans-serif; font: normal normal normal 13px\/160% Arial, Tahoma, Helvetica, sans-serif;\"><a href=\"http:\/\/fmstream.uab.es\/serim\/conferencies\/JornadaMIRAS20mayo2011parte2.html%20\" target=\"_blank\" title=\"Ponencia Anna Gil-Bardaj\u00ed\" rel=\"noopener\"><img decoding=\"async\" src=\"%20\t%20http:\/\/grupsderecerca.uab.cat\/miras\/sites\/grupsderecerca.uab.cat.miras\/files\/II%20Jornada_%20Video%20pon\u00e8ncia%2002_Anna%20Gil-Bardaj\u00ed.jpg\" alt=\"Ponencia Anna Gil-Bardaj\u00ed\" width=\"102,5\" height=\"101,7\" \/><\/a>&nbsp;&nbsp;&nbsp; <a href=\"http:\/\/fmstream.uab.es\/serim\/conferencies\/JornadaMIRAS20mayo2011parte2.html%20\" target=\"_blank\" title=\"Ponencia Anna Gil-Bardaj\u00ed\" rel=\"noopener\"><img decoding=\"async\" src=\"%20\t%20http:\/\/grupsderecerca.uab.cat\/miras\/sites\/grupsderecerca.uab.cat.miras\/files\/II%20Jornada_%20Video%20pon\u00e8ncia%2002_Merc\u00e8%20Sol\u00e8%20i%20Sanosa.jpg\" alt=\"\" width=\"102,5\" height=\"102\" \/><\/a>&nbsp;&nbsp;&nbsp; <img decoding=\"async\" src=\"%20\t%20http:\/\/grupsderecerca.uab.cat\/miras\/sites\/grupsderecerca.uab.cat.miras\/files\/II%20Jornada_%20Video%20pon\u00e8ncia%2002_Montse%20Sol\u00e8.jpg\" alt=\"\" width=\"102,2\" height=\"102\" \/><\/p>\n<p style=\"margin-top: 15px; margin-bottom: 0.8em; color: #333333; font-family: Arial, Tahoma, Helvetica, sans-serif; font: normal normal normal 13px\/160% Arial, Tahoma, Helvetica, sans-serif;\"><a href=\"http:\/\/fmstream.uab.es\/serim\/conferencies\/JornadaMIRAS20mayo2011parte3.html\" target=\"_blank\" style=\"text-decoration: none; font-weight: bold; color: #bb3d00;\" rel=\"noopener\">Parte 3: talleres de Mireia Vargas, de Carmen Bestu\u00e9 Salinas, de Xus Ugarte Ballester y Jacqueline Minett y de Bego\u00f1a Ruiz de Infante<\/a><\/p>\n<p style=\"margin-top: 15px; margin-bottom: 0.8em; color: #333333; font-family: Arial, Tahoma, Helvetica, sans-serif; font: normal normal normal 13px\/160% Arial, Tahoma, Helvetica, sans-serif;\"><a href=\"http:\/\/fmstream.uab.es\/serim\/conferencies\/JornadaMIRAS20mayo2011parte3.html\" target=\"_blank\" title=\"Taller Mireia Vargas\" rel=\"noopener\"><img decoding=\"async\" src=\"%20\t%20http:\/\/grupsderecerca.uab.cat\/miras\/sites\/grupsderecerca.uab.cat.miras\/files\/II%20Jornada_%20Video%2001_Mireia%20Vargas%20Urpi.jpg\" alt=\"Taller Mireia Vargas\" width=\"102,5\" height=\"103\" \/><\/a>&nbsp;&nbsp;<\/p>\n","protected":false},"excerpt":{"rendered":"<p>PROGRAMA Fecha: 20 de mayo de 2011 Lugar: Facultad de Traducci\u00f3n e Interpretaci\u00f3n de la Universidad Aut\u00f3noma de Barcelona &nbsp;&nbsp;&nbsp;&nbsp;&nbsp;&nbsp;&nbsp;&nbsp;&nbsp; Aula 2, edificio K, campus de Bellaterra (Cerdanyola del Vall\u00e8s)&nbsp;&nbsp;&nbsp;&nbsp;&nbsp;&nbsp;&nbsp;&nbsp;&nbsp;&nbsp;&nbsp;&nbsp;&nbsp;&nbsp;&nbsp;&nbsp;&nbsp;&nbsp;&nbsp;&nbsp;&nbsp;&nbsp;&nbsp;&nbsp;&nbsp;&nbsp;&nbsp;&nbsp;&nbsp;&nbsp;&nbsp;&nbsp;&nbsp;&nbsp;&nbsp;&nbsp;&nbsp;&nbsp;&nbsp;&nbsp;&nbsp; &nbsp;&nbsp;&nbsp;&nbsp;&nbsp;&nbsp;&nbsp;&nbsp;&nbsp; Dra. Mar\u00eda Isabel Abril Mart\u00ed, Universidad de Granada:&nbsp;La formaci\u00f3n en ISP: Retos espec\u00edficos para el dise\u00f1o curricular. Dra. Anna Gil Bardaj\u00ed, UAB: Presentaci\u00f3 del [&hellip;]<\/p>\n","protected":false},"author":20,"featured_media":0,"parent":0,"menu_order":0,"comment_status":"closed","ping_status":"closed","template":"","meta":{"footnotes":""},"class_list":["post-597","page","type-page","status-publish","hentry"],"_links":{"self":[{"href":"https:\/\/webs.uab.cat\/miras\/wp-json\/wp\/v2\/pages\/597","targetHints":{"allow":["GET"]}}],"collection":[{"href":"https:\/\/webs.uab.cat\/miras\/wp-json\/wp\/v2\/pages"}],"about":[{"href":"https:\/\/webs.uab.cat\/miras\/wp-json\/wp\/v2\/types\/page"}],"author":[{"embeddable":true,"href":"https:\/\/webs.uab.cat\/miras\/wp-json\/wp\/v2\/users\/20"}],"replies":[{"embeddable":true,"href":"https:\/\/webs.uab.cat\/miras\/wp-json\/wp\/v2\/comments?post=597"}],"version-history":[{"count":0,"href":"https:\/\/webs.uab.cat\/miras\/wp-json\/wp\/v2\/pages\/597\/revisions"}],"wp:attachment":[{"href":"https:\/\/webs.uab.cat\/miras\/wp-json\/wp\/v2\/media?parent=597"}],"curies":[{"name":"wp","href":"https:\/\/api.w.org\/{rel}","templated":true}]}}