{"id":615,"date":"2012-07-05T19:10:38","date_gmt":"2012-07-05T17:10:38","guid":{"rendered":"https:\/\/webs.uab.cat\/miras\/iii-jornada-de-traduccion-e-interpretacion-en-los-servicios-publicos-de-catalun-regulacion\/"},"modified":"2012-07-05T19:10:38","modified_gmt":"2012-07-05T17:10:38","slug":"iii-jornada-de-traduccion-e-interpretacion-en-los-servicios-publicos-de-catalun-regulacion","status":"publish","type":"page","link":"https:\/\/webs.uab.cat\/miras\/iii-jornada-de-traduccion-e-interpretacion-en-los-servicios-publicos-de-catalun-regulacion\/","title":{"rendered":"III Jornada de Traducci\u00f3n e Interpretaci\u00f3n en los Servicios P\u00fablicos de Catalu\u00f1a: Regulaci\u00f3n profesional; cuesti\u00f3n social"},"content":{"rendered":"<p><strong>Liudmila Onos, UAB<\/strong>: <strong><a href=\"http:\/\/grupsderecerca.uab.cat\/miras\/sites\/grupsderecerca.uab.cat.miras\/files\/PRESENTACION_III_JORNADA_MIRAS%20[Compatibility%20Mode].pdf\">Panorama de los sistemas de acreditaci\u00f3n en TISP en el mundo<\/a><\/strong><\/p>\n<p><strong><br \/><\/strong><\/p>\n<p><strong>Videos de la Jornada:<\/strong><\/p>\n<p>Parte 1: presentaci\u00f3n de la Jornada<\/p>\n<p>Parte 2: ponencia Liudmila Onos<\/p>\n<p>Parte 3: ponencia Marjory Bancroft<\/p>\n<p>Parte 4: mesa redonda de debate<\/p>\n<p>Parte 5: entrega de diplomas del I Curso de Especializaci\u00f3n en Interpretaci\u00f3n en los Servicios P\u00fablicos de Catalu\u00f1a<\/p>\n","protected":false},"excerpt":{"rendered":"<p>Liudmila Onos, UAB: Panorama de los sistemas de acreditaci\u00f3n en TISP en el mundo Videos de la Jornada: Parte 1: presentaci\u00f3n de la Jornada Parte 2: ponencia Liudmila Onos Parte 3: ponencia Marjory Bancroft Parte 4: mesa redonda de debate Parte 5: entrega de diplomas del I Curso de Especializaci\u00f3n en Interpretaci\u00f3n en los Servicios [&hellip;]<\/p>\n","protected":false},"author":20,"featured_media":0,"parent":0,"menu_order":0,"comment_status":"closed","ping_status":"closed","template":"","meta":{"footnotes":""},"class_list":["post-615","page","type-page","status-publish","hentry"],"_links":{"self":[{"href":"https:\/\/webs.uab.cat\/miras\/wp-json\/wp\/v2\/pages\/615","targetHints":{"allow":["GET"]}}],"collection":[{"href":"https:\/\/webs.uab.cat\/miras\/wp-json\/wp\/v2\/pages"}],"about":[{"href":"https:\/\/webs.uab.cat\/miras\/wp-json\/wp\/v2\/types\/page"}],"author":[{"embeddable":true,"href":"https:\/\/webs.uab.cat\/miras\/wp-json\/wp\/v2\/users\/20"}],"replies":[{"embeddable":true,"href":"https:\/\/webs.uab.cat\/miras\/wp-json\/wp\/v2\/comments?post=615"}],"version-history":[{"count":0,"href":"https:\/\/webs.uab.cat\/miras\/wp-json\/wp\/v2\/pages\/615\/revisions"}],"wp:attachment":[{"href":"https:\/\/webs.uab.cat\/miras\/wp-json\/wp\/v2\/media?parent=615"}],"curies":[{"name":"wp","href":"https:\/\/api.w.org\/{rel}","templated":true}]}}