{"id":692,"date":"2017-03-28T10:04:54","date_gmt":"2017-03-28T08:04:54","guid":{"rendered":"https:\/\/webs.uab.cat\/miras\/vii-jornada-tisp-2017\/"},"modified":"2017-03-28T10:04:54","modified_gmt":"2017-03-28T08:04:54","slug":"vii-jornada-tisp-2017","status":"publish","type":"page","link":"https:\/\/webs.uab.cat\/miras\/vii-jornada-tisp-2017\/","title":{"rendered":"VII Jornada TISP (2017)"},"content":{"rendered":"<h3><strong>Traducci\u00f3n e Interpretaci\u00f3n en los procesos penales: el derecho de informaci\u00f3n y la calidad de la interpretaci\u00f3n como factores de garant\u00eda del proceso penal<\/strong><\/h3>\n<p>El M\u00e1ster de Traducci\u00f3n jur\u00eddica e Interpretaci\u00f3n judicial y el grupo MIRAS organizan la <strong>VII Jornada de Traducci\u00f3n e Interpretaci\u00f3n en los Servicios P\u00fablicos en Catalu\u00f1a<\/strong>. Traducci\u00f3n e Interpretaci\u00f3n en los procesos penales: el derecho de informaci\u00f3n y la calidad de la interpretaci\u00f3n como factores de garant\u00eda del proceso penal, el viernes 7 de julio de 2017, en la Sala de actos del Centro de Estudios Jur\u00eddicos y Formaci\u00f3n Especializada del Departament de Just\u00edcia, Calle Ausi\u00e0s March, 40, Barcelona.<\/p>\n<p align=\"justify\">Intervendr\u00e1n el Ilustr\u00edsimo D. Javier Hern\u00e1ndez Garc\u00eda, Presidente de la Audiencia Provincial de Tarragona, la Dra. Sandra Hale, de la Universidad de New South Wales, Australia y los investigadores del proyecto TIPp (Traducci\u00f3n e Interpretaci\u00f3n en los procesos penales), que presentar\u00e1n los resultados del proyecto de investigaci\u00f3n.<\/p>\n<p align=\"justify\">Ver el v\u00eddeo completo de la Jornada&nbsp;<a href=\"http:\/\/grupsderecerca.uab.cat\/miras\/es\/node\/245\"><u>aqu\u00ed<\/u><\/a>.<\/p>\n<p>&nbsp;<\/p>\n","protected":false},"excerpt":{"rendered":"<p>Traducci\u00f3n e Interpretaci\u00f3n en los procesos penales: el derecho de informaci\u00f3n y la calidad de la interpretaci\u00f3n como factores de garant\u00eda del proceso penal El M\u00e1ster de Traducci\u00f3n jur\u00eddica e Interpretaci\u00f3n judicial y el grupo MIRAS organizan la VII Jornada de Traducci\u00f3n e Interpretaci\u00f3n en los Servicios P\u00fablicos en Catalu\u00f1a. Traducci\u00f3n e Interpretaci\u00f3n en los [&hellip;]<\/p>\n","protected":false},"author":20,"featured_media":0,"parent":0,"menu_order":0,"comment_status":"closed","ping_status":"closed","template":"","meta":{"footnotes":""},"class_list":["post-692","page","type-page","status-publish","hentry"],"_links":{"self":[{"href":"https:\/\/webs.uab.cat\/miras\/wp-json\/wp\/v2\/pages\/692","targetHints":{"allow":["GET"]}}],"collection":[{"href":"https:\/\/webs.uab.cat\/miras\/wp-json\/wp\/v2\/pages"}],"about":[{"href":"https:\/\/webs.uab.cat\/miras\/wp-json\/wp\/v2\/types\/page"}],"author":[{"embeddable":true,"href":"https:\/\/webs.uab.cat\/miras\/wp-json\/wp\/v2\/users\/20"}],"replies":[{"embeddable":true,"href":"https:\/\/webs.uab.cat\/miras\/wp-json\/wp\/v2\/comments?post=692"}],"version-history":[{"count":0,"href":"https:\/\/webs.uab.cat\/miras\/wp-json\/wp\/v2\/pages\/692\/revisions"}],"wp:attachment":[{"href":"https:\/\/webs.uab.cat\/miras\/wp-json\/wp\/v2\/media?parent=692"}],"curies":[{"name":"wp","href":"https:\/\/api.w.org\/{rel}","templated":true}]}}