{"id":701,"date":"2017-09-08T10:38:07","date_gmt":"2017-09-08T08:38:07","guid":{"rendered":"https:\/\/webs.uab.cat\/miras\/videos-vii-jornada-de-traduccion-e-interpretacion-en-los-servicios-publicos-en-cataluna\/"},"modified":"2017-09-08T10:38:07","modified_gmt":"2017-09-08T08:38:07","slug":"videos-vii-jornada-de-traduccion-e-interpretacion-en-los-servicios-publicos-en-cataluna","status":"publish","type":"page","link":"https:\/\/webs.uab.cat\/miras\/videos-vii-jornada-de-traduccion-e-interpretacion-en-los-servicios-publicos-en-cataluna\/","title":{"rendered":"VIDEOS VII Jornada de Traducci\u00f3n e Interpretaci\u00f3n en los Servicios P\u00fablicos en Catalu\u00f1a"},"content":{"rendered":"<p><strong>Inauguraci\u00f3n<\/strong><\/p>\n<p class=\"rtecenter\"><iframe loading=\"lazy\" allowfullscreen=\"\" frameborder=\"0\" height=\"315\" src=\"https:\/\/www.youtube.com\/embed\/u2zoDs5OhD0\" width=\"560\"><\/iframe><\/p>\n<p>&nbsp;<\/p>\n<p>&nbsp;<\/p>\n<p><strong>Conferencia del Ilustr\u00edsimo D. Javier Hern\u00e1ndez Garc\u00eda, Presidente de la Audiencia Provincial de Tarragona.<\/strong><\/p>\n<p class=\"rtecenter\"><iframe loading=\"lazy\" allowfullscreen=\"\" frameborder=\"0\" height=\"315\" src=\"https:\/\/www.youtube.com\/embed\/pQOFTMmFw3M\" width=\"560\"><\/iframe><\/p>\n<p>&nbsp;<\/p>\n<p><strong>Conferencia de la Dra. Sandra Hale, University of New South Wales, Australia.<\/strong><\/p>\n<p class=\"rtecenter\"><iframe loading=\"lazy\" allowfullscreen=\"\" frameborder=\"0\" height=\"315\" src=\"https:\/\/www.youtube.com\/embed\/_wtrM2hCzOM\" width=\"560\"><\/iframe><\/p>\n<p>&nbsp;<\/p>\n<p><strong>Conferencia de las Dras. Carmen Bestu\u00e9 y Mariana Orozco, Universitat Aut\u00f2noma de Barcelona y clausura.<\/strong><\/p>\n<p class=\"rtecenter\"><iframe loading=\"lazy\" allowfullscreen=\"\" frameborder=\"0\" height=\"315\" src=\"https:\/\/www.youtube.com\/embed\/55kQjOyiedo\" width=\"560\"><\/iframe><\/p>\n","protected":false},"excerpt":{"rendered":"<p>Inauguraci\u00f3n &nbsp; &nbsp; Conferencia del Ilustr\u00edsimo D. Javier Hern\u00e1ndez Garc\u00eda, Presidente de la Audiencia Provincial de Tarragona. &nbsp; Conferencia de la Dra. Sandra Hale, University of New South Wales, Australia. &nbsp; Conferencia de las Dras. Carmen Bestu\u00e9 y Mariana Orozco, Universitat Aut\u00f2noma de Barcelona y clausura.<\/p>\n","protected":false},"author":20,"featured_media":0,"parent":0,"menu_order":0,"comment_status":"closed","ping_status":"closed","template":"","meta":{"footnotes":""},"class_list":["post-701","page","type-page","status-publish","hentry"],"_links":{"self":[{"href":"https:\/\/webs.uab.cat\/miras\/wp-json\/wp\/v2\/pages\/701","targetHints":{"allow":["GET"]}}],"collection":[{"href":"https:\/\/webs.uab.cat\/miras\/wp-json\/wp\/v2\/pages"}],"about":[{"href":"https:\/\/webs.uab.cat\/miras\/wp-json\/wp\/v2\/types\/page"}],"author":[{"embeddable":true,"href":"https:\/\/webs.uab.cat\/miras\/wp-json\/wp\/v2\/users\/20"}],"replies":[{"embeddable":true,"href":"https:\/\/webs.uab.cat\/miras\/wp-json\/wp\/v2\/comments?post=701"}],"version-history":[{"count":0,"href":"https:\/\/webs.uab.cat\/miras\/wp-json\/wp\/v2\/pages\/701\/revisions"}],"wp:attachment":[{"href":"https:\/\/webs.uab.cat\/miras\/wp-json\/wp\/v2\/media?parent=701"}],"curies":[{"name":"wp","href":"https:\/\/api.w.org\/{rel}","templated":true}]}}