{"id":738,"date":"2018-01-25T10:53:50","date_gmt":"2018-01-25T08:53:50","guid":{"rendered":"https:\/\/webs.uab.cat\/miras\/lara-dominguez\/"},"modified":"2018-01-25T10:53:50","modified_gmt":"2018-01-25T08:53:50","slug":"lara-dominguez","status":"publish","type":"page","link":"https:\/\/webs.uab.cat\/miras\/lara-dominguez\/","title":{"rendered":"Lara Dominguez"},"content":{"rendered":"<p class=\"rtejustify\">Lara Dom\u00ednguez Ara\u00fajo es licenciada en Traducci\u00f3n e Interpretaci\u00f3n por la Universidad de Vigo y doctora en Traducci\u00f3n y Estudios Interculturales por la Universidad Aut\u00f3noma de Barcelona. Traductora e int\u00e9rprete jurada de ingl\u00e9s a castellano, se posgradu\u00f3 en interpretaci\u00f3n de conferencias por la Universidad de Lisboa (EMCI) y obtuvo el DEA en Traducci\u00f3n y Paratraducci\u00f3n por la Universidad de Vigo, en la que es profesora asociada de interpretaci\u00f3n desde 2006.<\/p>\n<p class=\"rtejustify\">Sus \u00e1mbitos de investigaci\u00f3n son la evaluaci\u00f3n para el aprendizaje y la pedagog\u00eda de la interpretaci\u00f3n de conferencias, sobre los que ha escrito en revistas y n\u00fameros colectivos de \u00e1mbito nacional e internacional. Ha participado como investigadora o formadora en proyectos de investigaci\u00f3n financiados a nivel estatal y proyectos interdisciplinares de innovaci\u00f3n docente financiados a nivel local y europeo. Asimismo, ha sido invitada como ponente a seminarios y mesas redondas sobre evaluaci\u00f3n formativa y a m\u00e1steres europeos en interpretaci\u00f3n de conferencias como docente y evaluadora externa.<\/p>\n","protected":false},"excerpt":{"rendered":"<p>Lara Dom\u00ednguez Ara\u00fajo es licenciada en Traducci\u00f3n e Interpretaci\u00f3n por la Universidad de Vigo y doctora en Traducci\u00f3n y Estudios Interculturales por la Universidad Aut\u00f3noma de Barcelona. Traductora e int\u00e9rprete jurada de ingl\u00e9s a castellano, se posgradu\u00f3 en interpretaci\u00f3n de conferencias por la Universidad de Lisboa (EMCI) y obtuvo el DEA en Traducci\u00f3n y Paratraducci\u00f3n [&hellip;]<\/p>\n","protected":false},"author":20,"featured_media":0,"parent":0,"menu_order":0,"comment_status":"closed","ping_status":"closed","template":"","meta":{"footnotes":""},"class_list":["post-738","page","type-page","status-publish","hentry"],"_links":{"self":[{"href":"https:\/\/webs.uab.cat\/miras\/wp-json\/wp\/v2\/pages\/738","targetHints":{"allow":["GET"]}}],"collection":[{"href":"https:\/\/webs.uab.cat\/miras\/wp-json\/wp\/v2\/pages"}],"about":[{"href":"https:\/\/webs.uab.cat\/miras\/wp-json\/wp\/v2\/types\/page"}],"author":[{"embeddable":true,"href":"https:\/\/webs.uab.cat\/miras\/wp-json\/wp\/v2\/users\/20"}],"replies":[{"embeddable":true,"href":"https:\/\/webs.uab.cat\/miras\/wp-json\/wp\/v2\/comments?post=738"}],"version-history":[{"count":0,"href":"https:\/\/webs.uab.cat\/miras\/wp-json\/wp\/v2\/pages\/738\/revisions"}],"wp:attachment":[{"href":"https:\/\/webs.uab.cat\/miras\/wp-json\/wp\/v2\/media?parent=738"}],"curies":[{"name":"wp","href":"https:\/\/api.w.org\/{rel}","templated":true}]}}