{"id":752,"date":"2019-07-15T10:44:43","date_gmt":"2019-07-15T08:44:43","guid":{"rendered":"https:\/\/webs.uab.cat\/miras\/viii-jornada-sobre-isp-2019\/"},"modified":"2019-07-15T10:44:43","modified_gmt":"2019-07-15T08:44:43","slug":"viii-jornada-sobre-isp-2019","status":"publish","type":"page","link":"https:\/\/webs.uab.cat\/miras\/viii-jornada-sobre-isp-2019\/","title":{"rendered":"VIII Jornada sobre ISP 2019"},"content":{"rendered":"<p><strong>VIII Jornada sobre ISP 2019. 10 anys del grup MIRAS.&nbsp;<\/strong><\/p>\n<p>Amb motiu dels 10 anys d\u2019exist\u00e8ncia del grup,&nbsp;la jornada del 2019&nbsp;l\u2019hem volgut dedicar a presentar els \u00faltims treballs del grup. Les dues primeres comunicacions, a c\u00e0rrec de Carme&nbsp;Bestu\u00e9&nbsp;i Mariona Orozco i Anna Gil-Bardaj\u00ed, respectivament,&nbsp;presenten&nbsp;els \u00faltims dos projectes de recerca del grup. Tamb\u00e9 hem volgut que es present\u00e9s l\u2019\u00faltima tesi que s\u2019ha defensat al grup, un estudi sobre les dones paquistaneses a Barcelona, elaborada per Marina Arrasate. Les int\u00e8rprets Bego\u00f1a Ruiz de Infante i Eva&nbsp;Maciocco, de comunitat xinesa i paquistanesa, a la ciutat de Barcelona, presenten&nbsp;la seva feina durant aquests 10 anys.&nbsp;I hem deixat un espai perqu\u00e8 les doctorandes presentin els seus treballs en curs que abasten tem\u00e0tiques molt diverses. I, finalment, a la taula rodona, hem volgut convidar-hi a persones de l\u2019\u00e0mbit professional amb les quals al llarg d\u2019aquests anys hem coincidit i&nbsp;col.laborat. D\u2019una banda, al magistrat Carlos Pascual, dels jutjats de viol\u00e8ncia de g\u00e8nere. El psiquiatra Paco&nbsp;Collazos, de la Unitat de Psiquiatria Transcultural de la Vall d\u2019Hebron. I tamb\u00e9 ens semblava que hi havia de ser els int\u00e8rprets i els gestors d\u2019int\u00e8rprets. Per aix\u00f2 hi hem convidat la coordinadora d\u2019int\u00e8rprets de CEAR, Carmen Las Heras, i una int\u00e8rpret de l\u2019\u00e0mbit judicial,&nbsp;Rocio&nbsp;Fernandez.&nbsp;<\/p>\n<p><a href=\"https:\/\/www.youtube.com\/playlist?list=PL8-Z3P3HDVn6eHf37D1dHv3K-csjyD6NG\" target=\"_blank\" rel=\"noopener\">Video de la jornada<\/a><\/p>\n","protected":false},"excerpt":{"rendered":"<p>VIII Jornada sobre ISP 2019. 10 anys del grup MIRAS.&nbsp; Amb motiu dels 10 anys d\u2019exist\u00e8ncia del grup,&nbsp;la jornada del 2019&nbsp;l\u2019hem volgut dedicar a presentar els \u00faltims treballs del grup. Les dues primeres comunicacions, a c\u00e0rrec de Carme&nbsp;Bestu\u00e9&nbsp;i Mariona Orozco i Anna Gil-Bardaj\u00ed, respectivament,&nbsp;presenten&nbsp;els \u00faltims dos projectes de recerca del grup. Tamb\u00e9 hem volgut que [&hellip;]<\/p>\n","protected":false},"author":20,"featured_media":0,"parent":0,"menu_order":0,"comment_status":"closed","ping_status":"closed","template":"","meta":{"footnotes":""},"class_list":["post-752","page","type-page","status-publish","hentry"],"_links":{"self":[{"href":"https:\/\/webs.uab.cat\/miras\/wp-json\/wp\/v2\/pages\/752","targetHints":{"allow":["GET"]}}],"collection":[{"href":"https:\/\/webs.uab.cat\/miras\/wp-json\/wp\/v2\/pages"}],"about":[{"href":"https:\/\/webs.uab.cat\/miras\/wp-json\/wp\/v2\/types\/page"}],"author":[{"embeddable":true,"href":"https:\/\/webs.uab.cat\/miras\/wp-json\/wp\/v2\/users\/20"}],"replies":[{"embeddable":true,"href":"https:\/\/webs.uab.cat\/miras\/wp-json\/wp\/v2\/comments?post=752"}],"version-history":[{"count":0,"href":"https:\/\/webs.uab.cat\/miras\/wp-json\/wp\/v2\/pages\/752\/revisions"}],"wp:attachment":[{"href":"https:\/\/webs.uab.cat\/miras\/wp-json\/wp\/v2\/media?parent=752"}],"curies":[{"name":"wp","href":"https:\/\/api.w.org\/{rel}","templated":true}]}}