{"id":811,"date":"2021-03-08T08:43:52","date_gmt":"2021-03-08T06:43:52","guid":{"rendered":"https:\/\/webs.uab.cat\/miras\/2019-2\/"},"modified":"2021-03-08T08:43:52","modified_gmt":"2021-03-08T06:43:52","slug":"2019-2","status":"publish","type":"page","link":"https:\/\/webs.uab.cat\/miras\/2019-2\/","title":{"rendered":"2019"},"content":{"rendered":"<p class=\"rtejustify\"><strong>El paper de l&#8217;int\u00e8rpret en l&#8217;atenci\u00f3 psicol\u00f2gica, codi de bones pr\u00e0ctiques.&nbsp;<\/strong><\/p>\n<p class=\"rtejustify\"><strong>Profesorado:&nbsp;<\/strong>Dra. Anna Gil-Bardaj\u00ed y&nbsp;Dra. Carmen Bestu\u00e9&nbsp;<\/p>\n<p class=\"rtejustify\"><strong>Fechas y duraci\u00f3n: <\/strong>15 y&nbsp;29 de noviembre de 2019&nbsp;<\/p>\n<p class=\"rtejustify\"><strong>Lugar:<\/strong> Sede&nbsp;del SAIER (Servei d&#8217;Atenci\u00f3 a Immigrants Estrangers i Refugiats), Barcelona&nbsp;<\/p>\n<p class=\"rtejustify\"><strong>Organizaci\u00f3n: <\/strong>Asociaci\u00f3n de utilidad&nbsp;p\u00fablica ABD (Associaci\u00f3 Benestar i Desenvolupament)&nbsp;<\/p>\n<p class=\"rtejustify\">&nbsp;<\/p>\n<p class=\"rtejustify\"><strong>Cursos de formaci\u00f3n sobre traducci\u00f3n especializada,&nbsp;traducci\u00f3n jur\u00eddica, interpretaci\u00f3n judicial y&nbsp;did\u00e1ctica de la traducci\u00f3n jur\u00eddica y de la interpretaci\u00f3n judicial para formadores&nbsp;y&nbsp;estudiantes.&nbsp;<\/strong><\/p>\n<p class=\"rtejustify\"><strong>Profesorado:<\/strong>&nbsp; Dra. Carmen Bestu\u00e9&nbsp;<\/p>\n<p class=\"rtejustify\"><strong>Fechas y duraci\u00f3n:<\/strong> Octubre y&nbsp;noviembre de 2019 (12 horas)<\/p>\n<p class=\"rtejustify\"><strong>Lugar: <\/strong>Ciudad de M\u00e9xico<\/p>\n<p class=\"rtejustify\"><strong>Organizaci\u00f3n:&nbsp;&nbsp;<\/strong>Universidad Aut\u00f3noma de M\u00e9xico<\/p>\n<p class=\"rtejustify\">&nbsp;<\/p>\n<p class=\"rtejustify\"><strong>La mediaci\u00f3n ling\u00fc\u00edstica&nbsp;y cultural haitiano-chilena. Programa piloto de formaci\u00f3n y&nbsp;concienciaci\u00f3n dirigido&nbsp;a profesionals del \u00e1rea de la salud. Seminario Internacional de Migraci\u00f3n y&nbsp;Mediaci\u00f3n Ling\u00fc\u00edstica.&nbsp;&nbsp;&nbsp;<\/strong><\/p>\n<p class=\"rtejustify\"><strong>Profesorado:<\/strong>&nbsp; Dra. Marta Arum\u00ed y&nbsp;Macarena Dehnhardt<\/p>\n<p class=\"rtejustify\"><strong>Fechas:<\/strong> 25 y&nbsp;26&nbsp;de juny&nbsp;de 2019<\/p>\n<p class=\"rtejustify\"><strong>Lugar: <\/strong>Santiago de Chile<\/p>\n<p class=\"rtejustify\"><strong>Organizaci\u00f3n:&nbsp; <\/strong>Dra. Marta Arum\u00ed.&nbsp;Departament de Traducci\u00f3, Interpretaci\u00f3 i Estudis de l&#8217;\u00c0sia Oriental. Universitat Aut\u00f2noma de Barcelona y&nbsp;Movimiento de Acci\u00f3n Migrante (MAM).&nbsp;<\/p>\n<p class=\"rtejustify\">&nbsp;<\/p>\n<p class=\"rtejustify\">&nbsp;<\/p>\n","protected":false},"excerpt":{"rendered":"<p>El paper de l&#8217;int\u00e8rpret en l&#8217;atenci\u00f3 psicol\u00f2gica, codi de bones pr\u00e0ctiques.&nbsp; Profesorado:&nbsp;Dra. Anna Gil-Bardaj\u00ed y&nbsp;Dra. Carmen Bestu\u00e9&nbsp; Fechas y duraci\u00f3n: 15 y&nbsp;29 de noviembre de 2019&nbsp; Lugar: Sede&nbsp;del SAIER (Servei d&#8217;Atenci\u00f3 a Immigrants Estrangers i Refugiats), Barcelona&nbsp; Organizaci\u00f3n: Asociaci\u00f3n de utilidad&nbsp;p\u00fablica ABD (Associaci\u00f3 Benestar i Desenvolupament)&nbsp; &nbsp; Cursos de formaci\u00f3n sobre traducci\u00f3n especializada,&nbsp;traducci\u00f3n jur\u00eddica, interpretaci\u00f3n [&hellip;]<\/p>\n","protected":false},"author":20,"featured_media":0,"parent":0,"menu_order":0,"comment_status":"closed","ping_status":"closed","template":"","meta":{"footnotes":""},"class_list":["post-811","page","type-page","status-publish","hentry"],"_links":{"self":[{"href":"https:\/\/webs.uab.cat\/miras\/wp-json\/wp\/v2\/pages\/811","targetHints":{"allow":["GET"]}}],"collection":[{"href":"https:\/\/webs.uab.cat\/miras\/wp-json\/wp\/v2\/pages"}],"about":[{"href":"https:\/\/webs.uab.cat\/miras\/wp-json\/wp\/v2\/types\/page"}],"author":[{"embeddable":true,"href":"https:\/\/webs.uab.cat\/miras\/wp-json\/wp\/v2\/users\/20"}],"replies":[{"embeddable":true,"href":"https:\/\/webs.uab.cat\/miras\/wp-json\/wp\/v2\/comments?post=811"}],"version-history":[{"count":0,"href":"https:\/\/webs.uab.cat\/miras\/wp-json\/wp\/v2\/pages\/811\/revisions"}],"wp:attachment":[{"href":"https:\/\/webs.uab.cat\/miras\/wp-json\/wp\/v2\/media?parent=811"}],"curies":[{"name":"wp","href":"https:\/\/api.w.org\/{rel}","templated":true}]}}