{"id":816,"date":"2021-03-08T08:48:07","date_gmt":"2021-03-08T06:48:07","guid":{"rendered":"https:\/\/webs.uab.cat\/miras\/2011-3\/"},"modified":"2021-03-08T08:48:07","modified_gmt":"2021-03-08T06:48:07","slug":"2011-3","status":"publish","type":"page","link":"https:\/\/webs.uab.cat\/miras\/2011-3\/","title":{"rendered":"2011"},"content":{"rendered":"<ul>\n<li><strong><span>Curs d&#8217;especialitzaci\u00f3 en Interpretaci\u00f3 als Serveis P\u00fablics de Catalunya<\/span><\/strong><\/li>\n<\/ul>\n<p><span>La primera edici\u00f3 del&nbsp;<\/span><em><strong>Curs d&#8217;Especialitzaci\u00f3 en Interpretaci\u00f3 als Serveis P\u00fablics de Catalunya<\/strong><\/em><span style=\"line-height: 20px;\">&nbsp;s&#8217;ha impartit durant el curs 2011-2012. Enlla\u00e7 a la p\u00e0gina web del curs:&nbsp;<\/span><a href=\"http:\/\/pagines.uab.cat\/formacio_isp_catalunya\" target=\"_blank\" rel=\"noopener\">http:\/\/pagines.uab.cat\/formacio_isp_catalunya<\/a><\/p>\n<p>&nbsp;<\/p>\n<ul>\n<li align=\"justify\"><strong>Curs per a Traductors i Int\u00e8rprets als Serveis P\u00fablics<\/strong> \u200b<\/li>\n<\/ul>\n<p>Ofert per la Universitat Aut\u00f2noma de Barcelona a l&#8217;Escola Helduak de Sant Sebasti\u00e0. El curs, de 16 hores de durada, es va organitzar el gener 2011. Consta de les pon\u00e8ncies seg\u00fcents:<\/p>\n<p><strong>Dra. Marta Arum\u00ed, UAB<\/strong><\/p>\n<p><strong><a href=\"http:\/\/grupsderecerca.uab.cat\/miras\/sites\/grupsderecerca.uab.cat.miras\/files\/MODALIDADES_2.ppt\">Modalitats d&#8217;interpretaci\u00f3<\/a><\/strong><br \/>\n<strong><a href=\"http:\/\/grupsderecerca.uab.cat\/miras\/sites\/grupsderecerca.uab.cat.miras\/files\/COMPETENCIAS Y T\u00c9CNICAS_0.ppt\">De les compet\u00e8ncies de l&#8217;int\u00e8rpret al per qu\u00e8 de les t\u00e8cniques<\/a><\/strong><br \/>\n<strong><a href=\"http:\/\/grupsderecerca.uab.cat\/miras\/sites\/grupsderecerca.uab.cat.miras\/files\/LA TOMA DE NOTAS_0.ppt\">La presa de notes<\/a><\/strong><\/p>\n<p>&nbsp;<\/p>\n<p><strong>Dra. Anna Gil Bardaj\u00ed, UAB<\/strong><\/p>\n<p><strong><a href=\"http:\/\/grupsderecerca.uab.cat\/miras\/sites\/grupsderecerca.uab.cat.miras\/files\/1_0.ppt\">Estat de la q\u00fcesti\u00f3 de la TISSPP a Espanya<\/a><\/strong><br \/>\n<strong><a href=\"http:\/\/grupsderecerca.uab.cat\/miras\/sites\/grupsderecerca.uab.cat.miras\/files\/2_0.ppt\">Context laboral dels traductors i int\u00e8rprets per als serveis p\u00fablics a Espanya<\/a><\/strong><br \/>\n<strong><a href=\"http:\/\/grupsderecerca.uab.cat\/miras\/sites\/grupsderecerca.uab.cat.miras\/files\/3_0.ppt\">Eines de documentaci\u00f3 per al traductor i int\u00e8rpret als serveis p\u00fablics a Espanya<\/a><\/strong><\/p>\n","protected":false},"excerpt":{"rendered":"<p>Curs d&#8217;especialitzaci\u00f3 en Interpretaci\u00f3 als Serveis P\u00fablics de Catalunya La primera edici\u00f3 del&nbsp;Curs d&#8217;Especialitzaci\u00f3 en Interpretaci\u00f3 als Serveis P\u00fablics de Catalunya&nbsp;s&#8217;ha impartit durant el curs 2011-2012. Enlla\u00e7 a la p\u00e0gina web del curs:&nbsp;http:\/\/pagines.uab.cat\/formacio_isp_catalunya &nbsp; Curs per a Traductors i Int\u00e8rprets als Serveis P\u00fablics \u200b Ofert per la Universitat Aut\u00f2noma de Barcelona a l&#8217;Escola Helduak de [&hellip;]<\/p>\n","protected":false},"author":20,"featured_media":0,"parent":0,"menu_order":0,"comment_status":"closed","ping_status":"closed","template":"","meta":{"footnotes":""},"class_list":["post-816","page","type-page","status-publish","hentry"],"_links":{"self":[{"href":"https:\/\/webs.uab.cat\/miras\/wp-json\/wp\/v2\/pages\/816","targetHints":{"allow":["GET"]}}],"collection":[{"href":"https:\/\/webs.uab.cat\/miras\/wp-json\/wp\/v2\/pages"}],"about":[{"href":"https:\/\/webs.uab.cat\/miras\/wp-json\/wp\/v2\/types\/page"}],"author":[{"embeddable":true,"href":"https:\/\/webs.uab.cat\/miras\/wp-json\/wp\/v2\/users\/20"}],"replies":[{"embeddable":true,"href":"https:\/\/webs.uab.cat\/miras\/wp-json\/wp\/v2\/comments?post=816"}],"version-history":[{"count":0,"href":"https:\/\/webs.uab.cat\/miras\/wp-json\/wp\/v2\/pages\/816\/revisions"}],"wp:attachment":[{"href":"https:\/\/webs.uab.cat\/miras\/wp-json\/wp\/v2\/media?parent=816"}],"curies":[{"name":"wp","href":"https:\/\/api.w.org\/{rel}","templated":true}]}}