{"id":822,"date":"2021-03-08T08:49:34","date_gmt":"2021-03-08T06:49:34","guid":{"rendered":"https:\/\/webs.uab.cat\/miras\/2016-3\/"},"modified":"2021-03-08T08:49:34","modified_gmt":"2021-03-08T06:49:34","slug":"2016-3","status":"publish","type":"page","link":"https:\/\/webs.uab.cat\/miras\/2016-3\/","title":{"rendered":"2016"},"content":{"rendered":"<p><strong>\u7ffb\u8bd1<\/strong> <strong>(<em>fanyi<\/em>) tambi\u00e9n es interpretar. Taller de interpretaci\u00f3n de enlace&nbsp;chino-espa\u00f1ol<\/strong><\/p>\n<p><strong>Profesorado: <\/strong>Mireia Vargas-Urpi, miembro&nbsp;del grupo MIRAS y profesora visitante en&nbsp;la Universitat Pompeu Fabra; Bego\u00f1a Ruiz de Infante, mediadora intercultural con la comunidad&nbsp;china en&nbsp;Barcelona; Xianghong Qu Lu, profesora de chino de la Facultat de Traducci\u00f3 i Interpretaci\u00f3 de la Universitat Aut\u00f2noma de Barcelona; N\u00faria Barber\u00e0, traductora e&nbsp;int\u00e9rprete del chino&nbsp;y&nbsp;cofundadora de la consultoria Baidewei.<\/p>\n<p class=\"rtejustify\"><strong>Fechas y duraci\u00f3n : <\/strong>4-7 de julio de 2016, de 10.00 a 14.00. (20 horas)<\/p>\n<p class=\"rtejustify\"><strong>Fecha l\u00edmite de inscripci\u00f3n: <\/strong>19 de junio&nbsp;de 2016<\/p>\n<p class=\"rtejustify\"><strong>Lugar<\/strong>: Facultat de Traducci\u00f3 i d\u2019Interpretaci\u00f3 de la UAB<\/p>\n<p class=\"rtejustify\"><strong>Inscripci\u00f3n<\/strong>: la inscripci\u00f3n es gratuita, pero&nbsp;las plazas son limitadas, solo hay que inscribirse&nbsp;en el formulario siguiente: <a href=\"http:\/\/goo.gl\/forms\/DVOY39Kh3E\">http:\/\/goo.gl\/forms\/DVOY39Kh3E<\/a><\/p>\n<p class=\"rtejustify\">&nbsp;<\/p>\n<p class=\"rtejustify\"><strong>Note-taking for Interpreters \u2013 Workshop Series<\/strong><\/p>\n<p class=\"rtejustify\"><strong>Profesorado:<\/strong> Dra. Sof\u00eda Garc\u00eda&nbsp;<\/p>\n<p class=\"rtejustify\"><strong>Fecha:<\/strong> 2016<\/p>\n<p class=\"rtejustify\"><strong>Lugar:&nbsp;<\/strong>Seattle, Washington, Estados Unidos<\/p>\n<p class=\"rtejustify\"><strong>Organizaci\u00f3n:<\/strong> Northwest Translators and Interpreters Society<\/p>\n","protected":false},"excerpt":{"rendered":"<p>\u7ffb\u8bd1 (fanyi) tambi\u00e9n es interpretar. Taller de interpretaci\u00f3n de enlace&nbsp;chino-espa\u00f1ol Profesorado: Mireia Vargas-Urpi, miembro&nbsp;del grupo MIRAS y profesora visitante en&nbsp;la Universitat Pompeu Fabra; Bego\u00f1a Ruiz de Infante, mediadora intercultural con la comunidad&nbsp;china en&nbsp;Barcelona; Xianghong Qu Lu, profesora de chino de la Facultat de Traducci\u00f3 i Interpretaci\u00f3 de la Universitat Aut\u00f2noma de Barcelona; N\u00faria Barber\u00e0, traductora [&hellip;]<\/p>\n","protected":false},"author":20,"featured_media":0,"parent":0,"menu_order":0,"comment_status":"closed","ping_status":"closed","template":"","meta":{"footnotes":""},"class_list":["post-822","page","type-page","status-publish","hentry"],"_links":{"self":[{"href":"https:\/\/webs.uab.cat\/miras\/wp-json\/wp\/v2\/pages\/822","targetHints":{"allow":["GET"]}}],"collection":[{"href":"https:\/\/webs.uab.cat\/miras\/wp-json\/wp\/v2\/pages"}],"about":[{"href":"https:\/\/webs.uab.cat\/miras\/wp-json\/wp\/v2\/types\/page"}],"author":[{"embeddable":true,"href":"https:\/\/webs.uab.cat\/miras\/wp-json\/wp\/v2\/users\/20"}],"replies":[{"embeddable":true,"href":"https:\/\/webs.uab.cat\/miras\/wp-json\/wp\/v2\/comments?post=822"}],"version-history":[{"count":0,"href":"https:\/\/webs.uab.cat\/miras\/wp-json\/wp\/v2\/pages\/822\/revisions"}],"wp:attachment":[{"href":"https:\/\/webs.uab.cat\/miras\/wp-json\/wp\/v2\/media?parent=822"}],"curies":[{"name":"wp","href":"https:\/\/api.w.org\/{rel}","templated":true}]}}