{"id":824,"date":"2021-03-08T08:49:57","date_gmt":"2021-03-08T06:49:57","guid":{"rendered":"https:\/\/webs.uab.cat\/miras\/2017-3\/"},"modified":"2021-03-08T08:49:57","modified_gmt":"2021-03-08T06:49:57","slug":"2017-3","status":"publish","type":"page","link":"https:\/\/webs.uab.cat\/miras\/2017-3\/","title":{"rendered":"2017"},"content":{"rendered":"<p class=\"rtejustify\"><strong><em>An\u00e1lise dos problemas<\/em>&nbsp;<em>de comunicaci\u00f3n nun coprus anotado de xu\u00edzos con int\u00e9rprete e a s\u00faa explotaci\u00f3n nos casos de violencia de x\u00e9nero<\/em><\/strong>. <strong>Comunicaci\u00f3n plenaria invitada en la&nbsp;II <em>Xornada de Investigaci\u00f3n en traduccion e interpretaci\u00f3n: novas olladas dende a perspectiva de x\u00e9nero<\/em>&nbsp;<\/strong><\/p>\n<p class=\"rtejustify\"><strong>Impartida por:&nbsp;<\/strong>Dra. Carmen Bestu\u00e9<\/p>\n<p class=\"rtejustify\"><strong>Fecha:&nbsp;<\/strong>19 de octubre de 2017<\/p>\n<p class=\"rtejustify\"><strong>Lugar: <\/strong>Vigo&nbsp;<\/p>\n<p class=\"rtejustify\"><strong>Organizaci\u00f3n:&nbsp;<\/strong><em>Unidade de Igualdade<\/em> del Gobierno de Galicia y&nbsp;Universidad de Vigo<\/p>\n<p class=\"rtejustify\">&nbsp;<\/p>\n<p><strong>\u00abLa calidad de la interpretaci\u00f3n en los tribunales de lo penal en Barcelona\u00bb. Ponencia para&nbsp;int\u00e9rpretes judiciales.&nbsp;<\/strong><\/p>\n<p><strong>Impartida por:&nbsp;<\/strong>Dra. Carmen Bestu\u00e9<\/p>\n<p><strong>Fecha:<\/strong> 2 de agosto de 2017&nbsp;<\/p>\n<p><strong>Lugar&nbsp;y&nbsp;organizaci\u00f3n:&nbsp;<\/strong>Tribunal inferior de lo penal de Manhattan (EE. UU)<\/p>\n<p>&nbsp;<\/p>\n<p><a href=\"http:\/\/www.uab.cat\/web\/sala-de-premsa\/detall-de-noticia\/2a-edicio-del-curs-32763-35793-fanyi-tambe-es-interpretar-1345667174054.html?noticiaid=1345722450515\"><strong>\u7ffb\u8bd1<\/strong> <strong>(<em>fanyi<\/em>) tambi\u00e9n es interpretar. Taller de interpretaci\u00f3n de enlace&nbsp;chino-espa\u00f1ol&nbsp;(2\u00aa&nbsp;edici\u00f3n)<\/strong><\/a><\/p>\n<ul>\n<\/ul>\n<p><strong>Coordinaci\u00f3n:<\/strong> Mireia Vargas-Urpi, profesora visitante en el Departament de Traducci\u00f3 i Ci\u00e8ncies del Llenguatge de la Universitat Pompeu Fabra, miembro&nbsp;de los grupos&nbsp;MIRAS y&nbsp;TXICC (UAB).<\/p>\n<p><strong>Fecha l\u00edmite de inscripci\u00f3n: <\/strong>10 de junio&nbsp;de 2017<\/p>\n<p><strong>Duraci\u00f3n:&nbsp;<\/strong>20 horas<\/p>\n<p><strong>Organizaci\u00f3n<\/strong><\/p>\n<ul>\n<li>Grup&nbsp;de recerca <a href=\"http:\/\/grupsderecerca.uab.cat\/miras\/\">MIRAS<\/a><\/li>\n<li>Grup de recerca <a href=\"http:\/\/grupsderecerca.uab.cat\/txicc\/\">TXICC<\/a><\/li>\n<li>Fundaci\u00f3 Institut Confuci de Barcelona<\/li>\n<li>Facultat de Traducci\u00f3 i Interpretaci\u00f3, Universitat Aut\u00f2noma de Barcelona<\/li>\n<\/ul>\n<p>&nbsp;<\/p>\n<p class=\"rtejustify\"><strong>Taller de interpretaci\u00f3n judicial en la asignatura \u00abInterpretaci\u00f3n bilateral B\/A\/B ingl\u00e9s\u00bb del Doble Grado en Traducci\u00f3n e Interpretaci\u00f3n y Humanidades de la&nbsp;Universidad Pablo de Olavide de Sevilla.<\/strong><\/p>\n<p class=\"rtejustify\"><strong>Profesorado:&nbsp;<\/strong>Mariana Orozco- Jutor\u00e1n<\/p>\n<p><strong>Fecha:&nbsp;<\/strong>24 de abril de 2017&nbsp;<\/p>\n<p><strong>Organizaci\u00f3n: <\/strong>Universidad Pablo Olavide de Sevilla<\/p>\n<p>&nbsp;<\/p>\n<p><strong>Glossary Building for Healthcare Interpreters and Online Resources for Healthcare Interpreters<\/strong><\/p>\n<p><strong>Profesorado:&nbsp;<\/strong>Dra. Sof\u00eda Garc\u00eda- Beyaert<\/p>\n<p><strong>Fecha:<\/strong> 2017&nbsp;<\/p>\n<p><strong>Lugar:<\/strong> Spokane, Washington, Estados Unidos<\/p>\n<p><strong>Organizaci\u00f3n:<\/strong>&nbsp;Northwest Translators and Interpreters Society<\/p>\n<p>&nbsp;<\/p>\n<p><strong>Sight Translation and Glossary Building<\/strong><\/p>\n<p><strong>Profesorado:&nbsp;<\/strong>Dra. Sof\u00eda Garc\u00eda-&nbsp;Beyaert<\/p>\n<p><strong>Fecha:<\/strong> 2017&nbsp;<\/p>\n<p><strong>Lugar:<\/strong> Tacoma, Washington, Estados Unidos<\/p>\n<p><strong>Organizaci\u00f3n:<\/strong>&nbsp;Northwest Translators and Interpreters Society<\/p>\n<p>&nbsp;<\/p>\n<p><strong>Advanced Interpreting Skills&nbsp;&#8211; Translation and Interpretation Certificate Program<\/strong><\/p>\n<p><strong>Profesorado:&nbsp;<\/strong>Dra. Sof\u00eda Garc\u00eda-&nbsp;Beyaert<\/p>\n<p><strong>Fecha:<\/strong> 2017&nbsp;<\/p>\n<p><strong>Lugar:<\/strong>&nbsp;Washington, Estados Unidos<\/p>\n<p><strong>Organizaci\u00f3n:<\/strong>&nbsp;Bellevue College<\/p>\n","protected":false},"excerpt":{"rendered":"<p>An\u00e1lise dos problemas&nbsp;de comunicaci\u00f3n nun coprus anotado de xu\u00edzos con int\u00e9rprete e a s\u00faa explotaci\u00f3n nos casos de violencia de x\u00e9nero. Comunicaci\u00f3n plenaria invitada en la&nbsp;II Xornada de Investigaci\u00f3n en traduccion e interpretaci\u00f3n: novas olladas dende a perspectiva de x\u00e9nero&nbsp; Impartida por:&nbsp;Dra. Carmen Bestu\u00e9 Fecha:&nbsp;19 de octubre de 2017 Lugar: Vigo&nbsp; Organizaci\u00f3n:&nbsp;Unidade de Igualdade del [&hellip;]<\/p>\n","protected":false},"author":20,"featured_media":0,"parent":0,"menu_order":0,"comment_status":"closed","ping_status":"closed","template":"","meta":{"footnotes":""},"class_list":["post-824","page","type-page","status-publish","hentry"],"_links":{"self":[{"href":"https:\/\/webs.uab.cat\/miras\/wp-json\/wp\/v2\/pages\/824","targetHints":{"allow":["GET"]}}],"collection":[{"href":"https:\/\/webs.uab.cat\/miras\/wp-json\/wp\/v2\/pages"}],"about":[{"href":"https:\/\/webs.uab.cat\/miras\/wp-json\/wp\/v2\/types\/page"}],"author":[{"embeddable":true,"href":"https:\/\/webs.uab.cat\/miras\/wp-json\/wp\/v2\/users\/20"}],"replies":[{"embeddable":true,"href":"https:\/\/webs.uab.cat\/miras\/wp-json\/wp\/v2\/comments?post=824"}],"version-history":[{"count":0,"href":"https:\/\/webs.uab.cat\/miras\/wp-json\/wp\/v2\/pages\/824\/revisions"}],"wp:attachment":[{"href":"https:\/\/webs.uab.cat\/miras\/wp-json\/wp\/v2\/media?parent=824"}],"curies":[{"name":"wp","href":"https:\/\/api.w.org\/{rel}","templated":true}]}}