{"id":831,"date":"2021-03-08T09:08:40","date_gmt":"2021-03-08T07:08:40","guid":{"rendered":"https:\/\/webs.uab.cat\/miras\/2020-2\/"},"modified":"2021-03-08T09:08:40","modified_gmt":"2021-03-08T07:08:40","slug":"2020-2","status":"publish","type":"page","link":"https:\/\/webs.uab.cat\/miras\/2020-2\/","title":{"rendered":"2020"},"content":{"rendered":"<p><strong>Formaci\u00f3n para agentes ling\u00fc\u00edsticos e&nbsp;int\u00e9rpretes en los Servicios P\u00fablicos.<\/strong><\/p>\n<ul>\n<\/ul>\n<p><strong>Coordinaci\u00f3n:<\/strong>&nbsp; Dra. Mireia Vargas- Urp\u00ed<\/p>\n<p><strong>Fecha y duraci\u00f3n:&nbsp;<\/strong>Septiembre de 2020&nbsp;(10 horas)<\/p>\n<p><strong>Organizaci\u00f3n:&nbsp;<\/strong>Ajuntament de Vic y Consell Comarcal d&#8217;Osona<\/p>\n<p>&nbsp;<\/p>\n<p class=\"rtejustify\"><strong>\u00abTreballar amb int\u00e8rprets judicials: pautes per a una millora de la comunicaci\u00f3 i del dret de defensa\u00bb. Seminario en formato Webinar WbinCICAC. Programa de formaci\u00f3n del Consell de l&#8217;Advocacia Catalana.<\/strong><\/p>\n<p class=\"rtejustify\"><strong>Impartido&nbsp;por:&nbsp;<\/strong>Dra. Carmen Bestu\u00e9&nbsp;<\/p>\n<p class=\"rtejustify\"><strong>Fecha: <\/strong>25 de marzo&nbsp;de 2020<\/p>\n<p class=\"rtejustify\"><strong>Organizaci\u00f3n:&nbsp;<\/strong>Consell de l&#8217;Advocacia Catalana<\/p>\n<p class=\"rtejustify\">&nbsp;<\/p>\n<p class=\"rtejustify\"><strong>El derecho a la buena traducci\u00f3n en el proceso penal. Seminario incluido en el curso de formaci\u00f3n continua \u00abLa protecci\u00f3n de las personas investigadas y acusadas vulnerables\u00bb (CU20027).&nbsp;<\/strong><\/p>\n<p class=\"rtejustify\"><strong>Impartido por:&nbsp;<\/strong>Dra. Carmen Bestu\u00e9&nbsp;<\/p>\n<p class=\"rtejustify\"><strong>Fecha: <\/strong>4, 5 i 6 de mar\u00e7 de 2020&nbsp;<\/p>\n<p class=\"rtejustify\"><strong>Lugar:<\/strong>&nbsp;Madrid<\/p>\n<p class=\"rtejustify\"><strong>Organizaci\u00f3n:<\/strong>&nbsp;Consejo General del Poder Judicial<\/p>\n<p class=\"rtejustify\">&nbsp;<\/p>\n<p class=\"rtejustify\"><strong>Propuestas y protocolos de actuaci\u00f3n para la plena inclusi\u00f3n en el proceso penal de personas especialmente vulnerables. Mesa redonda&nbsp;incluida en el curso de formaci\u00f3n continua \u00abLa protecci\u00f3n de las personas investigadas y acusadas vulnerables\u00bb (CU20027).&nbsp;<\/strong><\/p>\n<p class=\"rtejustify\"><strong>Participaci\u00f3n:&nbsp;<\/strong>Dra. Carmen Bestu\u00e9&nbsp;<\/p>\n<p class=\"rtejustify\"><strong>Fecha: <\/strong>4, 5 i 6 de mar\u00e7 de 2020&nbsp;<\/p>\n<p class=\"rtejustify\"><strong>Lugar:<\/strong> Madrid<\/p>\n<p class=\"rtejustify\"><strong>Organizaci\u00f3n:<\/strong>&nbsp;Consejo General del Poder Judicial<\/p>\n<p class=\"rtejustify\">&nbsp;<\/p>\n<p><strong>\u00abLa interpretaci\u00f3 als tribunals de just\u00edcia penal: estat actual i recomanacions de futur\u00bb. Conferencia.<\/strong><\/p>\n<p><strong>Impartida por:&nbsp;<\/strong>Dra. Carmen Bestu\u00e9 y&nbsp;Dra. Mariana Orozco-Jutor\u00e1n&nbsp;<\/p>\n<p><strong>Fecha:<\/strong>&nbsp;3 de marzo&nbsp;de 2020<\/p>\n<p><strong>Lugar:<\/strong>&nbsp;Sede de la APTIC, Barcelona<\/p>\n<p><strong>Organizaci\u00f3n:<\/strong>&nbsp;Associaci\u00f3 Professional de Traductors i Int\u00e8rprets de Catalunya&nbsp;<\/p>\n<p>&nbsp;<\/p>\n<p><strong>La interpretaci\u00f3 als Serveis P\u00fablics. Definici\u00f3 i estat de la q\u00fcesti\u00f3<\/strong>.&nbsp;<\/p>\n<ul>\n<\/ul>\n<p><strong>Coordinaci\u00f3n y&nbsp;profesorado:<\/strong>&nbsp;Dra. Mireia Vargas-Urp\u00ed y&nbsp;Dra. Marta Arum\u00ed&nbsp;<\/p>\n<p><strong>Fecha:<\/strong> 20&nbsp;de gener&nbsp;de 2020<\/p>\n<p><strong>Organizaci\u00f3n<\/strong>: APTIC. Associaci\u00f3 Professional de Traductors i Int\u00e8rprets de Catalunya<\/p>\n","protected":false},"excerpt":{"rendered":"<p>Formaci\u00f3n para agentes ling\u00fc\u00edsticos e&nbsp;int\u00e9rpretes en los Servicios P\u00fablicos. Coordinaci\u00f3n:&nbsp; Dra. Mireia Vargas- Urp\u00ed Fecha y duraci\u00f3n:&nbsp;Septiembre de 2020&nbsp;(10 horas) Organizaci\u00f3n:&nbsp;Ajuntament de Vic y Consell Comarcal d&#8217;Osona &nbsp; \u00abTreballar amb int\u00e8rprets judicials: pautes per a una millora de la comunicaci\u00f3 i del dret de defensa\u00bb. Seminario en formato Webinar WbinCICAC. Programa de formaci\u00f3n del Consell [&hellip;]<\/p>\n","protected":false},"author":20,"featured_media":0,"parent":0,"menu_order":0,"comment_status":"closed","ping_status":"closed","template":"","meta":{"footnotes":""},"class_list":["post-831","page","type-page","status-publish","hentry"],"_links":{"self":[{"href":"https:\/\/webs.uab.cat\/miras\/wp-json\/wp\/v2\/pages\/831","targetHints":{"allow":["GET"]}}],"collection":[{"href":"https:\/\/webs.uab.cat\/miras\/wp-json\/wp\/v2\/pages"}],"about":[{"href":"https:\/\/webs.uab.cat\/miras\/wp-json\/wp\/v2\/types\/page"}],"author":[{"embeddable":true,"href":"https:\/\/webs.uab.cat\/miras\/wp-json\/wp\/v2\/users\/20"}],"replies":[{"embeddable":true,"href":"https:\/\/webs.uab.cat\/miras\/wp-json\/wp\/v2\/comments?post=831"}],"version-history":[{"count":0,"href":"https:\/\/webs.uab.cat\/miras\/wp-json\/wp\/v2\/pages\/831\/revisions"}],"wp:attachment":[{"href":"https:\/\/webs.uab.cat\/miras\/wp-json\/wp\/v2\/media?parent=831"}],"curies":[{"name":"wp","href":"https:\/\/api.w.org\/{rel}","templated":true}]}}