{"id":899,"date":"2022-11-08T12:58:10","date_gmt":"2022-11-08T10:58:10","guid":{"rendered":"https:\/\/webs.uab.cat\/miras\/liudmila-navtanovich\/"},"modified":"2022-12-01T11:18:09","modified_gmt":"2022-12-01T09:18:09","slug":"liudmila-navtanovich","status":"publish","type":"page","link":"https:\/\/webs.uab.cat\/miras\/liudmila-navtanovich\/","title":{"rendered":"Liudmila Navtanovich"},"content":{"rendered":"<p><img loading=\"lazy\" decoding=\"async\" class=\" size-full wp-image-892\" alt=\"dsc_0486.jpg\" height=\"167\" src=\"https:\/\/webs.uab.cat\/miras\/wp-content\/uploads\/sites\/300\/2022\/11\/dsc_0486.jpg\" width=\"182\" srcset=\"https:\/\/webs.uab.cat\/miras\/wp-content\/uploads\/sites\/300\/2022\/11\/dsc_0486.jpg 361w, https:\/\/webs.uab.cat\/miras\/wp-content\/uploads\/sites\/300\/2022\/11\/dsc_0486-300x275.jpg 300w\" sizes=\"auto, (max-width: 182px) 100vw, 182px\" \/><\/p>\n<p>Contacto: <a href=\"mailto:liudmila.navtanovich@uab.cat\">liudmila.navtanovich@uab.cat<\/a><\/p>\n<hr>\n<p>Es licenciada en filolog\u00eda rusa y doctora por la Universidad de San Petersburgo. Ha sido profesora de la Universidad de San Petersburgo y profesora visitante de la Universitat de Barcelona. Actualmente es lectora Serra H\u00fanter de la Universitat Aut\u00f2noma de Barcelona y coordinadora de la secci\u00f3n de ruso.<\/p>\n<p>Entre sus l\u00edneas de investigaci\u00f3n destacan los estudios rusos y eslavos, especialmente la historia de las traducciones antiguas rusas y eslavas. Sobre estos temas tiene muchas publicaciones, entre otras, tres libros (como autora y coautora).<\/p>\n<p>Su trayectoria docente incluye 30 asignaturas impartidas, entre ellas varios cursos para estudiantes de diferentes programas de m\u00e1ster y doctorado.<\/p>\n<p>Es traductora e int\u00e9rprete profesional desde 2006. Como int\u00e9rprete voluntaria colabora con la Cruz Roja y otras organizaciones no gubernamentales.<\/p>\n","protected":false},"excerpt":{"rendered":"<p>Contacto: liudmila.navtanovich@uab.cat Es licenciada en filolog\u00eda rusa y doctora por la Universidad de San Petersburgo. Ha sido profesora de la Universidad de San Petersburgo y profesora visitante de la Universitat de Barcelona. Actualmente es lectora Serra H\u00fanter de la Universitat Aut\u00f2noma de Barcelona y coordinadora de la secci\u00f3n de ruso. Entre sus l\u00edneas de investigaci\u00f3n [&hellip;]<\/p>\n","protected":false},"author":20,"featured_media":0,"parent":0,"menu_order":0,"comment_status":"closed","ping_status":"closed","template":"","meta":{"footnotes":""},"class_list":["post-899","page","type-page","status-publish","hentry"],"_links":{"self":[{"href":"https:\/\/webs.uab.cat\/miras\/wp-json\/wp\/v2\/pages\/899","targetHints":{"allow":["GET"]}}],"collection":[{"href":"https:\/\/webs.uab.cat\/miras\/wp-json\/wp\/v2\/pages"}],"about":[{"href":"https:\/\/webs.uab.cat\/miras\/wp-json\/wp\/v2\/types\/page"}],"author":[{"embeddable":true,"href":"https:\/\/webs.uab.cat\/miras\/wp-json\/wp\/v2\/users\/20"}],"replies":[{"embeddable":true,"href":"https:\/\/webs.uab.cat\/miras\/wp-json\/wp\/v2\/comments?post=899"}],"version-history":[{"count":1,"href":"https:\/\/webs.uab.cat\/miras\/wp-json\/wp\/v2\/pages\/899\/revisions"}],"predecessor-version":[{"id":1190,"href":"https:\/\/webs.uab.cat\/miras\/wp-json\/wp\/v2\/pages\/899\/revisions\/1190"}],"wp:attachment":[{"href":"https:\/\/webs.uab.cat\/miras\/wp-json\/wp\/v2\/media?parent=899"}],"curies":[{"name":"wp","href":"https:\/\/api.w.org\/{rel}","templated":true}]}}