{"id":13,"date":"2025-05-15T12:22:53","date_gmt":"2025-05-15T10:22:53","guid":{"rendered":"https:\/\/webs.uab.cat\/mire\/?page_id=13"},"modified":"2026-04-16T13:51:25","modified_gmt":"2026-04-16T11:51:25","slug":"transferencia","status":"publish","type":"page","link":"https:\/\/webs.uab.cat\/mire\/transferencia\/","title":{"rendered":"Transfer\u00e8ncia"},"content":{"rendered":"\n<div class=\"wp-block-columns alignwide are-vertically-aligned-top has-gris-pubilla-background-color has-background is-layout-flex wp-container-core-columns-is-layout-9d6595d7 wp-block-columns-is-layout-flex\">\n<div class=\"wp-block-column is-vertically-aligned-top has-blanc-coco-background-color has-background is-layout-flow wp-block-column-is-layout-flow\" style=\"flex-basis:33.33%\">\n<figure class=\"wp-block-image size-large is-style-default\"><img loading=\"lazy\" decoding=\"async\" width=\"1024\" height=\"768\" src=\"https:\/\/webs.uab.cat\/mire\/wp-content\/uploads\/sites\/657\/2025\/11\/REA2.23-Jornada-RecercAULA-38-1024x768.jpeg\" alt=\"\" class=\"wp-image-308\" srcset=\"https:\/\/webs.uab.cat\/mire\/wp-content\/uploads\/sites\/657\/2025\/11\/REA2.23-Jornada-RecercAULA-38-1024x768.jpeg 1024w, https:\/\/webs.uab.cat\/mire\/wp-content\/uploads\/sites\/657\/2025\/11\/REA2.23-Jornada-RecercAULA-38-300x225.jpeg 300w, https:\/\/webs.uab.cat\/mire\/wp-content\/uploads\/sites\/657\/2025\/11\/REA2.23-Jornada-RecercAULA-38-768x576.jpeg 768w, https:\/\/webs.uab.cat\/mire\/wp-content\/uploads\/sites\/657\/2025\/11\/REA2.23-Jornada-RecercAULA-38-1536x1152.jpeg 1536w, https:\/\/webs.uab.cat\/mire\/wp-content\/uploads\/sites\/657\/2025\/11\/REA2.23-Jornada-RecercAULA-38-1200x900.jpeg 1200w, https:\/\/webs.uab.cat\/mire\/wp-content\/uploads\/sites\/657\/2025\/11\/REA2.23-Jornada-RecercAULA-38.jpeg 1600w\" sizes=\"auto, (max-width: 1024px) 100vw, 1024px\" \/><\/figure>\n\n\n\n<p class=\"has-small-font-size\">Jornada de cloenda 2024-2025<\/p>\n<\/div>\n\n\n\n<div class=\"wp-block-column is-vertically-aligned-top is-layout-flow wp-block-column-is-layout-flow\" style=\"flex-basis:66.66%\">\n<h2 class=\"wp-block-heading\"><strong>Aprenentatge entre iguals: RecercAULA<\/strong><\/h2>\n\n\n\n<p>RecercAULA&nbsp;\u00e9s un<strong>&nbsp;<\/strong><a href=\"https:\/\/xtec.gencat.cat\/ca\/innovacio\/programes_innovacio\/convocatoria-programes-innovacio\/\" target=\"_blank\" rel=\"noreferrer noopener\"><strong>programa d\u2019innovaci\u00f3 pedag\u00f2gica<\/strong><\/a><strong>&nbsp;<\/strong>del Departament d\u2019Educaci\u00f3 i Formaci\u00f3 Professional, que des del 2023 vol contribuir a la millora dels resultats educatius de l\u2019alumnat i la connexi\u00f3 entre la pr\u00e0ctica docent i la recerca educativa; promovent una xarxa de centres que, a trav\u00e9s de l&#8217;enfocament de la recerca acci\u00f3 col\u00b7laborativa, reflexionen conjuntament i generen coneixement per la millora.<\/p>\n\n\n\n<p>M\u00efRE dona suport al programa RecercAULA, en les seves dues edicions actuals, acompanyant als centres en els seus processos de recerca acci\u00f3, des del plantejament de la recerca fins a la disseminaci\u00f3 dels resultats tant dins del centre, com a la comunitat educativa i acad\u00e8mica m\u00e9s \u00e0mplia.<\/p>\n\n\n\n<div class=\"wp-block-buttons is-content-justification-right is-layout-flex wp-container-core-buttons-is-layout-e6df00e8 wp-block-buttons-is-layout-flex\">\n<div class=\"wp-block-button is-style-fill\"><a class=\"wp-block-button__link has-background wp-element-button\" href=\"https:\/\/projectes.xtec.cat\/recerca\/recercaula\/\" style=\"border-radius:0px;background:linear-gradient(135deg,rgb(232,80,29) 0%,rgb(232,80,29) 100%)\" target=\"_blank\" rel=\"noreferrer noopener\">M\u00c9S INFORMACI\u00d3<\/a><\/div>\n<\/div>\n<\/div>\n<\/div>\n\n\n\n<div class=\"wp-block-columns alignwide are-vertically-aligned-top has-gris-pubilla-background-color has-background is-layout-flex wp-container-core-columns-is-layout-9d6595d7 wp-block-columns-is-layout-flex\">\n<div class=\"wp-block-column is-vertically-aligned-top has-blanc-coco-background-color has-background is-layout-flow wp-block-column-is-layout-flow\" style=\"flex-basis:33.33%\">\n<figure class=\"wp-block-image size-large is-style-default\"><img loading=\"lazy\" decoding=\"async\" width=\"1024\" height=\"521\" src=\"https:\/\/webs.uab.cat\/mire\/wp-content\/uploads\/sites\/657\/2025\/11\/Imagen-de-WhatsApp-2025-06-26-a-las-12.20.45_b642e39c-1-1024x521.jpg\" alt=\"\" class=\"wp-image-304\" srcset=\"https:\/\/webs.uab.cat\/mire\/wp-content\/uploads\/sites\/657\/2025\/11\/Imagen-de-WhatsApp-2025-06-26-a-las-12.20.45_b642e39c-1-1024x521.jpg 1024w, https:\/\/webs.uab.cat\/mire\/wp-content\/uploads\/sites\/657\/2025\/11\/Imagen-de-WhatsApp-2025-06-26-a-las-12.20.45_b642e39c-1-300x153.jpg 300w, https:\/\/webs.uab.cat\/mire\/wp-content\/uploads\/sites\/657\/2025\/11\/Imagen-de-WhatsApp-2025-06-26-a-las-12.20.45_b642e39c-1-768x391.jpg 768w, https:\/\/webs.uab.cat\/mire\/wp-content\/uploads\/sites\/657\/2025\/11\/Imagen-de-WhatsApp-2025-06-26-a-las-12.20.45_b642e39c-1-1536x781.jpg 1536w, https:\/\/webs.uab.cat\/mire\/wp-content\/uploads\/sites\/657\/2025\/11\/Imagen-de-WhatsApp-2025-06-26-a-las-12.20.45_b642e39c-1-1200x611.jpg 1200w, https:\/\/webs.uab.cat\/mire\/wp-content\/uploads\/sites\/657\/2025\/11\/Imagen-de-WhatsApp-2025-06-26-a-las-12.20.45_b642e39c-1.jpg 1600w\" sizes=\"auto, (max-width: 1024px) 100vw, 1024px\" \/><\/figure>\n\n\n\n<p class=\"has-small-font-size\">SummerSchool 2025: fieldwork<\/p>\n<\/div>\n\n\n\n<div class=\"wp-block-column is-vertically-aligned-top is-layout-flow wp-block-column-is-layout-flow\" style=\"flex-basis:66.66%\">\n<h2 class=\"wp-block-heading\">Solving SocioEducational Challenges through Research: Hands on Experience (SummerSchool) <\/h2>\n\n\n\n<p>Since academic year 2023\/24, M\u00efRE members design and deliver the course &#8220;Solving SocioEducational Challenges through Research: Hands on Experience&#8221;, within UAB SummerSchool program. The course aims to build foundational research competencies, including data collection, analysis, and communication, using tools such as the Hopscotch Model as a key reference.<\/p>\n\n\n\n<p>The emphasis is on Challenge-Based Learning (CBL), where students engage in real-world scenarios, fostering critical thinking and problem-solving skills. Throughout the course, participants focus on a single educational challenge that serves as the backbone of the course, guiding the students through the various stages of the research process, from identifying the problem to presenting data-driven solutions to key stakeholders.<\/p>\n\n\n\n<div class=\"wp-block-buttons is-content-justification-right is-layout-flex wp-container-core-buttons-is-layout-e6df00e8 wp-block-buttons-is-layout-flex\">\n<div class=\"wp-block-button is-style-fill\"><a class=\"wp-block-button__link has-background wp-element-button\" href=\"https:\/\/www.uab.cat\/web\/cursos\/cursos-de-ciencias-sociales-y-juridicas\/research-methods-in-education-1345905134700.html\" style=\"border-radius:0px;background:linear-gradient(135deg,rgb(232,80,29) 0%,rgb(232,80,29) 100%)\" target=\"_blank\" rel=\"noreferrer noopener\">More information<\/a><\/div>\n<\/div>\n<\/div>\n<\/div>\n\n\n\n<div class=\"wp-block-columns alignwide are-vertically-aligned-top has-gris-pubilla-background-color has-background is-layout-flex wp-container-core-columns-is-layout-9d6595d7 wp-block-columns-is-layout-flex\">\n<div class=\"wp-block-column is-vertically-aligned-top has-blanc-coco-background-color has-background is-layout-flow wp-block-column-is-layout-flow\" style=\"flex-basis:33.33%\">\n<figure class=\"wp-block-image size-full is-style-default\"><img loading=\"lazy\" decoding=\"async\" width=\"872\" height=\"337\" src=\"https:\/\/webs.uab.cat\/mire\/wp-content\/uploads\/sites\/657\/2025\/11\/Captura.jpg\" alt=\"\" class=\"wp-image-306\" srcset=\"https:\/\/webs.uab.cat\/mire\/wp-content\/uploads\/sites\/657\/2025\/11\/Captura.jpg 872w, https:\/\/webs.uab.cat\/mire\/wp-content\/uploads\/sites\/657\/2025\/11\/Captura-300x116.jpg 300w, https:\/\/webs.uab.cat\/mire\/wp-content\/uploads\/sites\/657\/2025\/11\/Captura-768x297.jpg 768w\" sizes=\"auto, (max-width: 872px) 100vw, 872px\" \/><\/figure>\n\n\n\n<p class=\"has-small-font-size\"><\/p>\n<\/div>\n\n\n\n<div class=\"wp-block-column is-vertically-aligned-top is-layout-flow wp-block-column-is-layout-flow\" style=\"flex-basis:66.66%\">\n<h2 class=\"wp-block-heading\">Formaci\u00f3 online en recerca educativa per a professorat<\/h2>\n\n\n\n<p>M\u00efRE col\u00b7labora amb el Servei de Recerca del Departament d&#8217;Educaci\u00f3 i Formaci\u00f3 Professional en diferents accions dirigides al suport de la recerca als centres educatius, impulsada pel propi professorat. Entre aquestes accions, des de l&#8217;any 2023, s&#8217;estan impartint dos cursos en l\u00ednia (<em>Introducci\u00f3 a la Recerca Educativa<\/em> i <em>Disseny de millores educatives informades en l\u2019evid\u00e8ncia<\/em>), aix\u00ed com un cicle de webinars d&#8217;iniciaci\u00f3 a la recerca acci\u00f3 orientada a la millora dels processos i dels resultats educatius.<\/p>\n\n\n\n<div class=\"wp-block-buttons is-content-justification-right is-layout-flex wp-container-core-buttons-is-layout-e6df00e8 wp-block-buttons-is-layout-flex\">\n<div class=\"wp-block-button is-style-fill\"><a class=\"wp-block-button__link has-background wp-element-button\" href=\"https:\/\/projectes.xtec.cat\/recerca\/formacio\/\" style=\"border-radius:0px;background:linear-gradient(135deg,rgb(232,80,29) 0%,rgb(232,80,29) 100%)\" target=\"_blank\" rel=\"noreferrer noopener\">M\u00c9S INFORMACI\u00d3<\/a><\/div>\n<\/div>\n<\/div>\n<\/div>\n\n\n\n<p><\/p>\n","protected":false},"excerpt":{"rendered":"<p>Jornada de cloenda 2024-2025 Aprenentatge entre iguals: RecercAULA RecercAULA&nbsp;\u00e9s un&nbsp;programa d\u2019innovaci\u00f3 pedag\u00f2gica&nbsp;del Departament d\u2019Educaci\u00f3 i Formaci\u00f3 Professional, que des del 2023 vol contribuir a la millora dels resultats educatius de l\u2019alumnat i la connexi\u00f3 entre la pr\u00e0ctica docent i la recerca educativa; promovent una xarxa de centres que, a trav\u00e9s de l&#8217;enfocament de la recerca [&hellip;]<\/p>\n","protected":false},"author":3035,"featured_media":0,"parent":0,"menu_order":0,"comment_status":"closed","ping_status":"closed","template":"","meta":{"footnotes":""},"class_list":["post-13","page","type-page","status-publish","hentry"],"_links":{"self":[{"href":"https:\/\/webs.uab.cat\/mire\/wp-json\/wp\/v2\/pages\/13","targetHints":{"allow":["GET"]}}],"collection":[{"href":"https:\/\/webs.uab.cat\/mire\/wp-json\/wp\/v2\/pages"}],"about":[{"href":"https:\/\/webs.uab.cat\/mire\/wp-json\/wp\/v2\/types\/page"}],"author":[{"embeddable":true,"href":"https:\/\/webs.uab.cat\/mire\/wp-json\/wp\/v2\/users\/3035"}],"replies":[{"embeddable":true,"href":"https:\/\/webs.uab.cat\/mire\/wp-json\/wp\/v2\/comments?post=13"}],"version-history":[{"count":13,"href":"https:\/\/webs.uab.cat\/mire\/wp-json\/wp\/v2\/pages\/13\/revisions"}],"predecessor-version":[{"id":446,"href":"https:\/\/webs.uab.cat\/mire\/wp-json\/wp\/v2\/pages\/13\/revisions\/446"}],"wp:attachment":[{"href":"https:\/\/webs.uab.cat\/mire\/wp-json\/wp\/v2\/media?parent=13"}],"curies":[{"name":"wp","href":"https:\/\/api.w.org\/{rel}","templated":true}]}}