{"id":22,"date":"2025-06-30T10:37:35","date_gmt":"2025-06-30T08:37:35","guid":{"rendered":"https:\/\/webs.uab.cat\/mire\/?page_id=22"},"modified":"2026-03-11T13:27:20","modified_gmt":"2026-03-11T11:27:20","slug":"inici","status":"publish","type":"page","link":"https:\/\/webs.uab.cat\/mire\/","title":{"rendered":""},"content":{"rendered":"\n<div class=\"wp-block-columns alignwide is-layout-flex wp-container-core-columns-is-layout-9d6595d7 wp-block-columns-is-layout-flex\">\n<div class=\"wp-block-column is-layout-flow wp-block-column-is-layout-flow\">\n<p class=\"has-text-color has-link-color has-small-font-size wp-elements-23240f9dad854f5cbdf24ae6d0aa796d\" style=\"color:#e8501d\">CAT<\/p>\n\n\n\n<p><strong>M\u00efRE<\/strong> (M\u00e8todes d\u2019Investigaci\u00f3 i Innovaci\u00f3 en la Recerca Educativa) \u00e9s un grup de recerca format per persones investigadores amb una \u00e0mplia i diversa experi\u00e8ncia en metodologies de recerca educativa (qualitativa, quantitativa, mixta, multi-m\u00e8tode, multimodal), compromeses no nom\u00e9s amb la millora, sin\u00f3 tamb\u00e9 amb la implicaci\u00f3 activa, l\u2019impuls i la reflexi\u00f3 cr\u00edtica sobre els m\u00e8todes de recerca en educaci\u00f3.<\/p>\n\n\n\n<p>Tot i que la recerca educativa \u00e9s \u00e0mpliament present arreu, M\u00efRE posa el focus en una tasca sovint invisibilitzada: contribuir al desenvolupament i a la reflexi\u00f3 cr\u00edtica de les seves metodologies per a la millora de la pr\u00e0ctica educativa.<\/p>\n<\/div>\n\n\n\n<div class=\"wp-block-column is-layout-flow wp-block-column-is-layout-flow\">\n<p class=\"has-text-color has-link-color has-small-font-size wp-elements-65b36b4a8708c5d6c190420d49a041b8\" style=\"color:#e8501d\">ES<\/p>\n\n\n\n<p><strong>M\u00efRE<\/strong> (M\u00e9todos de Investigaci\u00f3n e Innovaci\u00f3n en la Investigaci\u00f3n Educativa) es un grupo formado por personas investigadoras con una amplia y diversa experiencia en metodolog\u00edas de investigaci\u00f3n educativa (cualitativa, cuantitativa, mixta, multi-m\u00e9todo, multimodal), comprometidas no s\u00f3lo con la mejora, sino tambi\u00e9n con la implicaci\u00f3n activa, el impulso y la reflexi\u00f3n cr\u00edtica sobre los m\u00e9todos de investigaci\u00f3n en educaci\u00f3n.<\/p>\n\n\n\n<p>Aunque la investigaci\u00f3n educativa est\u00e1 ampliamente presente en todas partes, M\u00efRE pone el foco en una tarea a menudo invisibilizada: contribuir al desarrollo y a la reflexi\u00f3n cr\u00edtica de sus metodolog\u00edas para la mejora de la pr\u00e1ctica educativa.<\/p>\n<\/div>\n\n\n\n<div class=\"wp-block-column is-layout-flow wp-block-column-is-layout-flow\">\n<p class=\"has-text-color has-link-color has-small-font-size wp-elements-43e6e81a12bfcea3d5e81e8d3ae66b85\" style=\"color:#e8501d\">EN<\/p>\n\n\n\n<p><strong>M\u00efRE<\/strong> (Research and Innovation Methods in Educational Research) is a research group composed of scholars with broad and diverse expertise in a range of educational research methodologies (qualitative, quantitative, mixed, multimethod, multimodal), committed not only to advancing but also engaging with, strengthening, and critically reflecting on research methods in education.<\/p>\n\n\n\n<p>While many scholars conduct educational research, M\u00efRE addresses the often invisible work of developing and critically examining the methodologies that underpin it, with the aim of strengthening educational practice.&nbsp;<\/p>\n<\/div>\n<\/div>\n\n\n\n<div class=\"wp-block-columns is-layout-flex wp-container-core-columns-is-layout-9d6595d7 wp-block-columns-is-layout-flex\">\n<div class=\"wp-block-column is-layout-flow wp-block-column-is-layout-flow\">\n<div class=\"wp-block-query is-layout-flow wp-block-query-is-layout-flow\"><ul class=\"wp-block-post-template is-layout-flow wp-block-post-template-is-layout-flow\"><li class=\"wp-block-post post-423 post type-post status-publish format-standard has-post-thumbnail hentry category-general\">\n\n<div class=\"wp-block-columns alignfull has-gris-pubilla-background-color has-background is-layout-flex wp-container-core-columns-is-layout-9d6595d7 wp-block-columns-is-layout-flex\">\n<div class=\"wp-block-column is-layout-flow wp-block-column-is-layout-flow\"><figure class=\"wp-block-post-featured-image\"><a href=\"https:\/\/webs.uab.cat\/mire\/mire-at-the-earli-sig-17-workshop-2026\/\" target=\"_self\"  ><img loading=\"lazy\" decoding=\"async\" width=\"1200\" height=\"1110\" src=\"https:\/\/webs.uab.cat\/mire\/wp-content\/uploads\/sites\/657\/2026\/04\/WhatsApp-Image-2026-04-09-at-09.38.55-1200x1110.jpeg\" class=\"attachment-post-thumbnail size-post-thumbnail wp-post-image\" alt=\"M\u00efRE at the EARLI SIG 17 Workshop 2026\" style=\"object-fit:cover;\" srcset=\"https:\/\/webs.uab.cat\/mire\/wp-content\/uploads\/sites\/657\/2026\/04\/WhatsApp-Image-2026-04-09-at-09.38.55-1200x1110.jpeg 1200w, https:\/\/webs.uab.cat\/mire\/wp-content\/uploads\/sites\/657\/2026\/04\/WhatsApp-Image-2026-04-09-at-09.38.55-300x278.jpeg 300w, https:\/\/webs.uab.cat\/mire\/wp-content\/uploads\/sites\/657\/2026\/04\/WhatsApp-Image-2026-04-09-at-09.38.55-1024x947.jpeg 1024w, https:\/\/webs.uab.cat\/mire\/wp-content\/uploads\/sites\/657\/2026\/04\/WhatsApp-Image-2026-04-09-at-09.38.55-768x711.jpeg 768w, https:\/\/webs.uab.cat\/mire\/wp-content\/uploads\/sites\/657\/2026\/04\/WhatsApp-Image-2026-04-09-at-09.38.55-1536x1421.jpeg 1536w, https:\/\/webs.uab.cat\/mire\/wp-content\/uploads\/sites\/657\/2026\/04\/WhatsApp-Image-2026-04-09-at-09.38.55-1980x1832.jpeg 1980w, https:\/\/webs.uab.cat\/mire\/wp-content\/uploads\/sites\/657\/2026\/04\/WhatsApp-Image-2026-04-09-at-09.38.55.jpeg 1993w\" sizes=\"auto, (max-width: 1200px) 100vw, 1200px\" \/><\/a><\/figure>\n\n<a class=\"wp-block-read-more\" href=\"https:\/\/webs.uab.cat\/mire\/mire-at-the-earli-sig-17-workshop-2026\/\" target=\"_self\">Llegiu-ne m\u00e9s<span class=\"screen-reader-text\">: M\u00efRE at the EARLI SIG 17 Workshop 2026<\/span><\/a><\/div>\n\n\n\n<div class=\"wp-block-column is-layout-flow wp-block-column-is-layout-flow\"><h2 class=\"has-link-color wp-elements-a6e5a2f968ec1385306a37047be677c0 wp-block-post-title has-text-color has-groc-caputxina-color\"><a href=\"https:\/\/webs.uab.cat\/mire\/mire-at-the-earli-sig-17-workshop-2026\/\" target=\"_self\" >M\u00efRE at the EARLI SIG 17 Workshop 2026<\/a><\/h2>\n\n<div class=\"wp-block-post-excerpt has-small-font-size\"><p class=\"wp-block-post-excerpt__excerpt\">Members of the M\u00efRE group attended the EARLI SIG 17 Conference 2026, organized by the European Association for Research on Learning and Instruction (EARLI),&hellip; <\/p><\/div><\/div>\n<\/div>\n\n<\/li><\/ul><\/div>\n<\/div>\n<\/div>\n\n\n\n<ul class=\"wp-block-social-links has-large-icon-size has-visible-labels is-horizontal is-content-justification-center is-layout-flex wp-container-core-social-links-is-layout-499968f5 wp-block-social-links-is-layout-flex\"><li class=\"wp-social-link wp-social-link-instagram  wp-block-social-link\"><a rel=\"noopener nofollow\" target=\"_blank\" href=\"https:\/\/www.instagram.com\/mire.uab\/\" class=\"wp-block-social-link-anchor\"><svg width=\"24\" height=\"24\" viewBox=\"0 0 24 24\" version=\"1.1\" xmlns=\"http:\/\/www.w3.org\/2000\/svg\" aria-hidden=\"true\" focusable=\"false\"><path d=\"M12,4.622c2.403,0,2.688,0.009,3.637,0.052c0.877,0.04,1.354,0.187,1.671,0.31c0.42,0.163,0.72,0.358,1.035,0.673 c0.315,0.315,0.51,0.615,0.673,1.035c0.123,0.317,0.27,0.794,0.31,1.671c0.043,0.949,0.052,1.234,0.052,3.637 s-0.009,2.688-0.052,3.637c-0.04,0.877-0.187,1.354-0.31,1.671c-0.163,0.42-0.358,0.72-0.673,1.035 c-0.315,0.315-0.615,0.51-1.035,0.673c-0.317,0.123-0.794,0.27-1.671,0.31c-0.949,0.043-1.233,0.052-3.637,0.052 s-2.688-0.009-3.637-0.052c-0.877-0.04-1.354-0.187-1.671-0.31c-0.42-0.163-0.72-0.358-1.035-0.673 c-0.315-0.315-0.51-0.615-0.673-1.035c-0.123-0.317-0.27-0.794-0.31-1.671C4.631,14.688,4.622,14.403,4.622,12 s0.009-2.688,0.052-3.637c0.04-0.877,0.187-1.354,0.31-1.671c0.163-0.42,0.358-0.72,0.673-1.035 c0.315-0.315,0.615-0.51,1.035-0.673c0.317-0.123,0.794-0.27,1.671-0.31C9.312,4.631,9.597,4.622,12,4.622 M12,3 C9.556,3,9.249,3.01,8.289,3.054C7.331,3.098,6.677,3.25,6.105,3.472C5.513,3.702,5.011,4.01,4.511,4.511 c-0.5,0.5-0.808,1.002-1.038,1.594C3.25,6.677,3.098,7.331,3.054,8.289C3.01,9.249,3,9.556,3,12c0,2.444,0.01,2.751,0.054,3.711 c0.044,0.958,0.196,1.612,0.418,2.185c0.23,0.592,0.538,1.094,1.038,1.594c0.5,0.5,1.002,0.808,1.594,1.038 c0.572,0.222,1.227,0.375,2.185,0.418C9.249,20.99,9.556,21,12,21s2.751-0.01,3.711-0.054c0.958-0.044,1.612-0.196,2.185-0.418 c0.592-0.23,1.094-0.538,1.594-1.038c0.5-0.5,0.808-1.002,1.038-1.594c0.222-0.572,0.375-1.227,0.418-2.185 C20.99,14.751,21,14.444,21,12s-0.01-2.751-0.054-3.711c-0.044-0.958-0.196-1.612-0.418-2.185c-0.23-0.592-0.538-1.094-1.038-1.594 c-0.5-0.5-1.002-0.808-1.594-1.038c-0.572-0.222-1.227-0.375-2.185-0.418C14.751,3.01,14.444,3,12,3L12,3z M12,7.378 c-2.552,0-4.622,2.069-4.622,4.622S9.448,16.622,12,16.622s4.622-2.069,4.622-4.622S14.552,7.378,12,7.378z M12,15 c-1.657,0-3-1.343-3-3s1.343-3,3-3s3,1.343,3,3S13.657,15,12,15z M16.804,6.116c-0.596,0-1.08,0.484-1.08,1.08 s0.484,1.08,1.08,1.08c0.596,0,1.08-0.484,1.08-1.08S17.401,6.116,16.804,6.116z\"><\/path><\/svg><span class=\"wp-block-social-link-label\">Instagram<\/span><\/a><\/li><\/ul>\n\n\n\n<div class=\"wp-block-buttons is-layout-flex wp-block-buttons-is-layout-flex\"><\/div>\n\n\n<form role=\"search\" method=\"get\" action=\"https:\/\/webs.uab.cat\/mire\/\" class=\"wp-block-search__button-outside wp-block-search__text-button wp-block-search\"    ><label class=\"wp-block-search__label\" for=\"wp-block-search__input-1\" >Cerca<\/label><div class=\"wp-block-search__inside-wrapper\" ><input class=\"wp-block-search__input\" id=\"wp-block-search__input-1\" placeholder=\"\" value=\"\" type=\"search\" name=\"s\" required \/><button aria-label=\"Cerca\" class=\"wp-block-search__button wp-element-button\" type=\"submit\" >Cerca<\/button><\/div><\/form>\n\n\n<p><\/p>\n\n\n\n<p><\/p>\n","protected":false},"excerpt":{"rendered":"<p>CAT M\u00efRE (M\u00e8todes d\u2019Investigaci\u00f3 i Innovaci\u00f3 en la Recerca Educativa) \u00e9s un grup de recerca format per persones investigadores amb una \u00e0mplia i diversa experi\u00e8ncia en metodologies de recerca educativa (qualitativa, quantitativa, mixta, multi-m\u00e8tode, multimodal), compromeses no nom\u00e9s amb la millora, sin\u00f3 tamb\u00e9 amb la implicaci\u00f3 activa, l\u2019impuls i la reflexi\u00f3 cr\u00edtica sobre els m\u00e8todes [&hellip;]<\/p>\n","protected":false},"author":3035,"featured_media":0,"parent":0,"menu_order":0,"comment_status":"closed","ping_status":"closed","template":"","meta":{"footnotes":""},"class_list":["post-22","page","type-page","status-publish","hentry"],"_links":{"self":[{"href":"https:\/\/webs.uab.cat\/mire\/wp-json\/wp\/v2\/pages\/22","targetHints":{"allow":["GET"]}}],"collection":[{"href":"https:\/\/webs.uab.cat\/mire\/wp-json\/wp\/v2\/pages"}],"about":[{"href":"https:\/\/webs.uab.cat\/mire\/wp-json\/wp\/v2\/types\/page"}],"author":[{"embeddable":true,"href":"https:\/\/webs.uab.cat\/mire\/wp-json\/wp\/v2\/users\/3035"}],"replies":[{"embeddable":true,"href":"https:\/\/webs.uab.cat\/mire\/wp-json\/wp\/v2\/comments?post=22"}],"version-history":[{"count":37,"href":"https:\/\/webs.uab.cat\/mire\/wp-json\/wp\/v2\/pages\/22\/revisions"}],"predecessor-version":[{"id":401,"href":"https:\/\/webs.uab.cat\/mire\/wp-json\/wp\/v2\/pages\/22\/revisions\/401"}],"wp:attachment":[{"href":"https:\/\/webs.uab.cat\/mire\/wp-json\/wp\/v2\/media?parent=22"}],"curies":[{"name":"wp","href":"https:\/\/api.w.org\/{rel}","templated":true}]}}