{"id":7,"date":"2025-05-15T12:18:11","date_gmt":"2025-05-15T10:18:11","guid":{"rendered":"https:\/\/webs.uab.cat\/mire\/?page_id=7"},"modified":"2025-11-04T17:41:41","modified_gmt":"2025-11-04T15:41:41","slug":"linies-de-recerca","status":"publish","type":"page","link":"https:\/\/webs.uab.cat\/mire\/linies-de-recerca\/","title":{"rendered":"L\u00ednies de recerca"},"content":{"rendered":"\n<div class=\"wp-block-columns alignwide is-layout-flex wp-container-core-columns-is-layout-9d6595d7 wp-block-columns-is-layout-flex\">\n<div class=\"wp-block-column is-layout-flow wp-block-column-is-layout-flow\">\n<p class=\"has-text-color has-link-color has-small-font-size wp-elements-23240f9dad854f5cbdf24ae6d0aa796d\" style=\"color:#e8501d\">CAT<\/p>\n\n\n\n<p>El grup centra la seva activitat en les seg\u00fcents l\u00ednies de recerca:<\/p>\n\n\n\n<ul class=\"wp-block-list\">\n<li>El desenvolupament i l\u2019ensenyament de <strong>la pedagogia dels m\u00e8todes de recerca en ci\u00e8ncies de l&#8217;educaci\u00f3<\/strong>, combinant el rigor cient\u00edfic amb la sensibilitat contextual i \u00e8tica.<\/li>\n\n\n\n<li>L\u2019aplicaci\u00f3 de <strong>m\u00e8todes de recerca impulsats pels actors<\/strong>, en qu\u00e8 les persones participants esdevenen co-creadores i agents actius en el proc\u00e9s d\u2019investigaci\u00f3.<\/li>\n\n\n\n<li>La promoci\u00f3 de <strong>la reflexi\u00f3 cr\u00edtica i meta-reflexi\u00f3 metodol\u00f2gica<\/strong>, que interroga els sup\u00f2sits epistemol\u00f2gics i les din\u00e0miques de poder que configuren la producci\u00f3 del coneixement, alhora que repensa activament les pr\u00e0ctiques de recerca per tal de fer-les m\u00e9s sensibles i adaptades als agents i contextos educatius.<\/li>\n\n\n\n<li>L\u2019impuls de <strong>m\u00e8todes de recerca educativa orientats a la just\u00edcia social<\/strong>, que&nbsp; responen a la diversitat i al dinamisme constant que caracteritzen els contextos educatius.<\/li>\n<\/ul>\n\n\n\n<p>Mitjan\u00e7ant aquest enfocament des de la complementarietat metodol\u00f2gica i la reflexi\u00f3, M\u00efRE vol fer visible i refor\u00e7ar el paper essencial de la metodologia en la recerca educativa, combinant el rigor metodol\u00f2gic amb un comprom\u00eds \u00e8tic i pol\u00edtic amb la transformaci\u00f3 social.<\/p>\n<\/div>\n\n\n\n<div class=\"wp-block-column is-layout-flow wp-block-column-is-layout-flow\">\n<p class=\"has-text-color has-link-color has-small-font-size wp-elements-65b36b4a8708c5d6c190420d49a041b8\" style=\"color:#e8501d\">ES<\/p>\n\n\n\n<p>El grupo centra su actividad en las siguientes l\u00edneas de investigaci\u00f3n:<\/p>\n\n\n\n<ul class=\"wp-block-list\">\n<li>El desarrollo y la ense\u00f1anza de <strong>la pedagog\u00eda de los m\u00e9todos de investigaci\u00f3n en ciencias de la educaci\u00f3n<\/strong>, combinando el rigor cient\u00edfico con la sensibilidad contextual y \u00e9tica.<\/li>\n\n\n\n<li>La aplicaci\u00f3n de <strong>m\u00e9todos de investigaci\u00f3n impulsados <\/strong><strong>\u200b\u200b<\/strong><strong>por los actores<\/strong>, en los que las personas participantes se convierten en co-creadoras y agentes activos en el proceso de investigaci\u00f3n.<\/li>\n\n\n\n<li>La promoci\u00f3n de <strong>la reflexi\u00f3n cr\u00edtica y metarreflexi\u00f3n metodol\u00f3gica<\/strong>, que interroga los supuestos epistemol\u00f3gicos y las din\u00e1micas de poder que configuran la producci\u00f3n del conocimiento, a la vez que repiensa activamente las pr\u00e1cticas de investigaci\u00f3n para hacerlas m\u00e1s sensibles y adaptadas a los agentes y contextos educativos.<\/li>\n\n\n\n<li>El impulso de <strong>m\u00e9todos de investigaci\u00f3n educativa orientados a la justicia social<\/strong>, que responden a la diversidad y al dinamismo constante que caracterizan a los contextos educativos.<\/li>\n<\/ul>\n\n\n\n<p>Mediante este enfoque desde la complementariedad metodol\u00f3gica y la reflexi\u00f3n, M\u00efRE quiere visibilizar y reforzar el papel esencial de la metodolog\u00eda en la investigaci\u00f3n educativa, combinando el rigor metodol\u00f3gico con un compromiso \u00e9tico y pol\u00edtico con la transformaci\u00f3n social.<\/p>\n<\/div>\n\n\n\n<div class=\"wp-block-column is-layout-flow wp-block-column-is-layout-flow\">\n<p class=\"has-text-color has-link-color has-small-font-size wp-elements-43e6e81a12bfcea3d5e81e8d3ae66b85\" style=\"color:#e8501d\">EN<\/p>\n\n\n\n<p>The group focuses on the following research lines:<\/p>\n\n\n\n<ul class=\"wp-block-list\">\n<li>Developing and teaching <strong>social science research methods pedagogy<\/strong> that balances scientific rigor with contextual and ethical sensitivity.<\/li>\n\n\n\n<li><strong>Employing actor-driven research methods<\/strong> that actively involve participants as co-creators and agents in the research process.<\/li>\n\n\n\n<li><strong>Promoting critical and meta-reflective engagement with methodology<\/strong>, by interrogating epistemological assumptions and power dynamics that shape knowledge production, while actively rethinking research practices to be more responsive and sensitive to educational agents and contexts.<\/li>\n\n\n\n<li><strong>Advancing social justice\u2013oriented educational research methods <\/strong>that respond to the diversity and ongoing dynamism characterizing educational contexts.<\/li>\n<\/ul>\n\n\n\n<p>Through this approach grounded in methodological complementarity and reflection, M\u00efRE seeks to make visible and reinforce the essential role of methodology in educational research, combining methodological rigor with ethical and political commitment to social transformation.<\/p>\n<\/div>\n<\/div>\n","protected":false},"excerpt":{"rendered":"<p>CAT El grup centra la seva activitat en les seg\u00fcents l\u00ednies de recerca: Mitjan\u00e7ant aquest enfocament des de la complementarietat metodol\u00f2gica i la reflexi\u00f3, M\u00efRE vol fer visible i refor\u00e7ar el paper essencial de la metodologia en la recerca educativa, combinant el rigor metodol\u00f2gic amb un comprom\u00eds \u00e8tic i pol\u00edtic amb la transformaci\u00f3 social. ES [&hellip;]<\/p>\n","protected":false},"author":3035,"featured_media":0,"parent":0,"menu_order":0,"comment_status":"closed","ping_status":"closed","template":"","meta":{"footnotes":""},"class_list":["post-7","page","type-page","status-publish","hentry"],"_links":{"self":[{"href":"https:\/\/webs.uab.cat\/mire\/wp-json\/wp\/v2\/pages\/7","targetHints":{"allow":["GET"]}}],"collection":[{"href":"https:\/\/webs.uab.cat\/mire\/wp-json\/wp\/v2\/pages"}],"about":[{"href":"https:\/\/webs.uab.cat\/mire\/wp-json\/wp\/v2\/types\/page"}],"author":[{"embeddable":true,"href":"https:\/\/webs.uab.cat\/mire\/wp-json\/wp\/v2\/users\/3035"}],"replies":[{"embeddable":true,"href":"https:\/\/webs.uab.cat\/mire\/wp-json\/wp\/v2\/comments?post=7"}],"version-history":[{"count":14,"href":"https:\/\/webs.uab.cat\/mire\/wp-json\/wp\/v2\/pages\/7\/revisions"}],"predecessor-version":[{"id":286,"href":"https:\/\/webs.uab.cat\/mire\/wp-json\/wp\/v2\/pages\/7\/revisions\/286"}],"wp:attachment":[{"href":"https:\/\/webs.uab.cat\/mire\/wp-json\/wp\/v2\/media?parent=7"}],"curies":[{"name":"wp","href":"https:\/\/api.w.org\/{rel}","templated":true}]}}