{"id":83,"date":"2025-07-06T11:19:29","date_gmt":"2025-07-06T09:19:29","guid":{"rendered":"https:\/\/webs.uab.cat\/mire\/?page_id=83"},"modified":"2025-11-04T08:35:26","modified_gmt":"2025-11-04T06:35:26","slug":"anna-ciraso-cali","status":"publish","type":"page","link":"https:\/\/webs.uab.cat\/mire\/equip\/anna-ciraso-cali\/","title":{"rendered":"Anna Ciraso Cal\u00ed"},"content":{"rendered":"\n<div class=\"wp-block-columns alignfull are-vertically-aligned-center has-gris-pubilla-background-color has-background is-layout-flex wp-container-core-columns-is-layout-9d6595d7 wp-block-columns-is-layout-flex\">\n<div class=\"wp-block-column is-vertically-aligned-center is-layout-flow wp-block-column-is-layout-flow\"><div class=\"wp-block-image is-style-rounded\">\n<figure class=\"alignright size-medium is-resized\"><img loading=\"lazy\" decoding=\"async\" width=\"300\" height=\"300\" src=\"https:\/\/webs.uab.cat\/mire\/wp-content\/uploads\/sites\/657\/2025\/07\/Anna_Ciraso-300x300.jpg\" alt=\"\" class=\"wp-image-79\" style=\"width:240px\" srcset=\"https:\/\/webs.uab.cat\/mire\/wp-content\/uploads\/sites\/657\/2025\/07\/Anna_Ciraso-300x300.jpg 300w, https:\/\/webs.uab.cat\/mire\/wp-content\/uploads\/sites\/657\/2025\/07\/Anna_Ciraso-1024x1024.jpg 1024w, https:\/\/webs.uab.cat\/mire\/wp-content\/uploads\/sites\/657\/2025\/07\/Anna_Ciraso-150x150.jpg 150w, https:\/\/webs.uab.cat\/mire\/wp-content\/uploads\/sites\/657\/2025\/07\/Anna_Ciraso-768x768.jpg 768w, https:\/\/webs.uab.cat\/mire\/wp-content\/uploads\/sites\/657\/2025\/07\/Anna_Ciraso.jpg 1200w\" sizes=\"auto, (max-width: 300px) 100vw, 300px\" \/><\/figure>\n<\/div>\n\n\n<div style=\"height:20px\" aria-hidden=\"true\" class=\"wp-block-spacer\"><\/div>\n<\/div>\n\n\n\n<div class=\"wp-block-column is-vertically-aligned-center is-layout-flow wp-block-column-is-layout-flow\">\n<div class=\"wp-block-buttons is-content-justification-left is-layout-flex wp-container-core-buttons-is-layout-fdcfc74e wp-block-buttons-is-layout-flex\">\n<div class=\"wp-block-button\"><a class=\"wp-block-button__link has-background wp-element-button\" href=\"https:\/\/orcid.org\/0000-0002-4775-2563\" style=\"background:linear-gradient(135deg,rgb(232,80,29) 0%,rgb(232,80,29) 100%)\">ORCID<\/a><\/div>\n\n\n\n<div class=\"wp-block-button\"><a class=\"wp-block-button__link has-background wp-element-button\" href=\"https:\/\/portalrecerca.csuc.cat\/orcid\/0000-0002-4775-2563\" style=\"background:linear-gradient(135deg,rgb(232,80,29) 0%,rgb(232,80,29) 100%)\">Portal de recerca<\/a><\/div>\n<\/div>\n<\/div>\n<\/div>\n\n\n\n<div class=\"wp-block-columns alignwide is-layout-flex wp-container-core-columns-is-layout-9d6595d7 wp-block-columns-is-layout-flex\">\n<div class=\"wp-block-column is-layout-flow wp-block-column-is-layout-flow\">\n<p class=\"has-text-color has-link-color has-small-font-size wp-elements-23240f9dad854f5cbdf24ae6d0aa796d\" style=\"color:#e8501d\">CAT<\/p>\n\n\n\n<p>Educadora, pedagoga, amb un m\u00e0ster en Metodologia de les Ci\u00e8ncies del Comportament i de la Salut, doctora en Psicologia de la Comunicaci\u00f3 i Canvi (processos cognitius en educaci\u00f3). Professora lectora Serra H\u00fanter del Departament de Pedagogia Aplicada, unitat de M\u00e8todes d\u2019Investigaci\u00f3 i Diagn\u00f2stic en Educaci\u00f3. Membre del grup consolidat GRID en dissenys observacionals, i actual co-coordinadora del grup d\u2019innovaci\u00f3 docent CompREd en la compet\u00e8ncia de recerca en educaci\u00f3.<\/p>\n<\/div>\n\n\n\n<div class=\"wp-block-column is-layout-flow wp-block-column-is-layout-flow\">\n<p class=\"has-text-color has-link-color has-small-font-size wp-elements-65b36b4a8708c5d6c190420d49a041b8\" style=\"color:#e8501d\">ES<\/p>\n\n\n\n<p>Educadora, pedagoga, con un master en Metodolog\u00eda de las Ciencias del Comportamiento y de la Salud, doctora en Psicolog\u00eda de la Comunicaci\u00f3n y Cambio (procesos cognitivos en educaci\u00f3n). Profesora lectora Serra H\u00fanter del Departamento de Pedagog\u00eda Aplicada, unidad de M\u00e9todos de Investigaci\u00f3n y Diagn\u00f3stico en Educaci\u00f3n. Miembro del grupo consolidado GRID en dise\u00f1os observacionales, y actual co-coordinadora del grupo de innovaci\u00f3n docente CompREd en la competencia de investigaci\u00f3n en educaci\u00f3n.<\/p>\n<\/div>\n\n\n\n<div class=\"wp-block-column is-layout-flow wp-block-column-is-layout-flow\">\n<p class=\"has-text-color has-link-color has-small-font-size wp-elements-43e6e81a12bfcea3d5e81e8d3ae66b85\" style=\"color:#e8501d\">EN<\/p>\n\n\n\n<p>Educator, pedagogue, with a master&#8217;s degree in Methodology of Behavioral and Health Sciences, doctorate in Psychology of Communication and Change (cognitive processes in education). Serra H\u00fanter lecturer in the Department of Applied Pedagogy, at the unit of Research Methods and Diagnosis in Education. Member of the consolidated GRID group in observational designs, and current co-coordinator of the CompREd teaching innovation group on research competence in education.<\/p>\n<\/div>\n<\/div>\n","protected":false},"excerpt":{"rendered":"<p>CAT Educadora, pedagoga, amb un m\u00e0ster en Metodologia de les Ci\u00e8ncies del Comportament i de la Salut, doctora en Psicologia de la Comunicaci\u00f3 i Canvi (processos cognitius en educaci\u00f3). Professora lectora Serra H\u00fanter del Departament de Pedagogia Aplicada, unitat de M\u00e8todes d\u2019Investigaci\u00f3 i Diagn\u00f2stic en Educaci\u00f3. Membre del grup consolidat GRID en dissenys observacionals, i [&hellip;]<\/p>\n","protected":false},"author":3035,"featured_media":0,"parent":9,"menu_order":0,"comment_status":"closed","ping_status":"closed","template":"","meta":{"footnotes":""},"class_list":["post-83","page","type-page","status-publish","hentry"],"_links":{"self":[{"href":"https:\/\/webs.uab.cat\/mire\/wp-json\/wp\/v2\/pages\/83","targetHints":{"allow":["GET"]}}],"collection":[{"href":"https:\/\/webs.uab.cat\/mire\/wp-json\/wp\/v2\/pages"}],"about":[{"href":"https:\/\/webs.uab.cat\/mire\/wp-json\/wp\/v2\/types\/page"}],"author":[{"embeddable":true,"href":"https:\/\/webs.uab.cat\/mire\/wp-json\/wp\/v2\/users\/3035"}],"replies":[{"embeddable":true,"href":"https:\/\/webs.uab.cat\/mire\/wp-json\/wp\/v2\/comments?post=83"}],"version-history":[{"count":23,"href":"https:\/\/webs.uab.cat\/mire\/wp-json\/wp\/v2\/pages\/83\/revisions"}],"predecessor-version":[{"id":272,"href":"https:\/\/webs.uab.cat\/mire\/wp-json\/wp\/v2\/pages\/83\/revisions\/272"}],"up":[{"embeddable":true,"href":"https:\/\/webs.uab.cat\/mire\/wp-json\/wp\/v2\/pages\/9"}],"wp:attachment":[{"href":"https:\/\/webs.uab.cat\/mire\/wp-json\/wp\/v2\/media?parent=83"}],"curies":[{"name":"wp","href":"https:\/\/api.w.org\/{rel}","templated":true}]}}