{"id":85,"date":"2025-07-06T11:19:58","date_gmt":"2025-07-06T09:19:58","guid":{"rendered":"https:\/\/webs.uab.cat\/mire\/?page_id=85"},"modified":"2025-11-04T08:35:43","modified_gmt":"2025-11-04T06:35:43","slug":"angelina-sanchez-marti","status":"publish","type":"page","link":"https:\/\/webs.uab.cat\/mire\/equip\/angelina-sanchez-marti\/","title":{"rendered":"Angelina S\u00e1nchez Mart\u00ed"},"content":{"rendered":"\n<div class=\"wp-block-columns alignfull are-vertically-aligned-center has-gris-pubilla-background-color has-background is-layout-flex wp-container-core-columns-is-layout-9d6595d7 wp-block-columns-is-layout-flex\">\n<div class=\"wp-block-column is-vertically-aligned-center is-layout-flow wp-block-column-is-layout-flow\"><div class=\"wp-block-image is-style-rounded\">\n<figure class=\"alignright size-medium is-resized\"><img loading=\"lazy\" decoding=\"async\" width=\"300\" height=\"300\" src=\"https:\/\/webs.uab.cat\/mire\/wp-content\/uploads\/sites\/657\/2025\/07\/Angelina-Sanchez-300x300.jpg\" alt=\"\" class=\"wp-image-94\" style=\"width:240px\" srcset=\"https:\/\/webs.uab.cat\/mire\/wp-content\/uploads\/sites\/657\/2025\/07\/Angelina-Sanchez-300x300.jpg 300w, https:\/\/webs.uab.cat\/mire\/wp-content\/uploads\/sites\/657\/2025\/07\/Angelina-Sanchez-150x150.jpg 150w, https:\/\/webs.uab.cat\/mire\/wp-content\/uploads\/sites\/657\/2025\/07\/Angelina-Sanchez.jpg 540w\" sizes=\"auto, (max-width: 300px) 100vw, 300px\" \/><\/figure>\n<\/div>\n\n\n<div style=\"height:20px\" aria-hidden=\"true\" class=\"wp-block-spacer\"><\/div>\n<\/div>\n\n\n\n<div class=\"wp-block-column is-vertically-aligned-center is-layout-flow wp-block-column-is-layout-flow\">\n<div class=\"wp-block-buttons is-layout-flex wp-block-buttons-is-layout-flex\">\n<div class=\"wp-block-button\"><a class=\"wp-block-button__link has-background wp-element-button\" href=\"http:\/\/orcid.org\/0000-0002-4719-4688\" style=\"background:linear-gradient(135deg,rgb(232,80,29) 0%,rgb(232,80,29) 100%)\" target=\"_blank\" rel=\"noreferrer noopener\">ORCID<\/a><\/div>\n\n\n\n<div class=\"wp-block-button\"><a class=\"wp-block-button__link has-background wp-element-button\" href=\"http:\/\/orcid.org\/0000-0002-4719-4688\" style=\"background:linear-gradient(135deg,rgb(232,80,29) 0%,rgb(232,80,29) 100%)\" target=\"_blank\" rel=\"noreferrer noopener\">Portal de recerca<\/a><\/div>\n<\/div>\n<\/div>\n<\/div>\n\n\n\n<div class=\"wp-block-columns alignwide is-layout-flex wp-container-core-columns-is-layout-9d6595d7 wp-block-columns-is-layout-flex\">\n<div class=\"wp-block-column is-layout-flow wp-block-column-is-layout-flow\">\n<p class=\"has-text-color has-link-color has-small-font-size wp-elements-23240f9dad854f5cbdf24ae6d0aa796d\" style=\"color:#e8501d\">CAT<\/p>\n\n\n\n<p>Dra. en Educaci\u00f3 i Societat. Professora agregada Serra H\u00fanter en M\u00e8todes d\u2019Investigaci\u00f3 i Diagn\u00f2stic en Educaci\u00f3 del Departament de Pedagogia Aplicada de la Facultat de Ci\u00e8ncies de l\u2019Educaci\u00f3. S\u2019ha especialitzat en metodologies de recerca i producci\u00f3 del coneixement, i, entre elles, les metodologies \u201caltres\u201d, a partir de les quals analitza les desigualtats i experi\u00e8ncies de vulnerabilitat dels subjectes de l\u2019educaci\u00f3.<\/p>\n<\/div>\n\n\n\n<div class=\"wp-block-column is-layout-flow wp-block-column-is-layout-flow\">\n<p class=\"has-text-color has-link-color has-small-font-size wp-elements-65b36b4a8708c5d6c190420d49a041b8\" style=\"color:#e8501d\">ES<\/p>\n\n\n\n<p>Dra. en Educaci\u00f3n y Sociedad. Profesora agregada Serra H\u00fanter en M\u00e9todos de Investigaci\u00f3n y Diagn\u00f3stico en Educaci\u00f3n del Departamento de Pedagog\u00eda Aplicada de la Facultad de Ciencias de la Educaci\u00f3n. Se ha especializado en metodolog\u00edas de investigaci\u00f3n y producci\u00f3n del conocimiento, y, entre ellas, las metodolog\u00edas &#8220;otras&#8221;, a partir de las cuales analiza las desigualdades y experiencias de vulnerabilidad de los sujetos de la educaci\u00f3n.<\/p>\n<\/div>\n\n\n\n<div class=\"wp-block-column is-layout-flow wp-block-column-is-layout-flow\">\n<p class=\"has-text-color has-link-color has-small-font-size wp-elements-43e6e81a12bfcea3d5e81e8d3ae66b85\" style=\"color:#e8501d\">EN<\/p>\n\n\n\n<p>PhD in Education and Society. Serra H\u00fanter Associate Professor in Research Methods and Diagnosis in Education at the Department of Applied Pedagogy of the Faculty of Education Sciences. She has specialized in research and knowledge production methodologies, including \u201cother\u201d methodologies, from which she analyzes inequalities and experiences of vulnerability of subjects in education.<\/p>\n<\/div>\n<\/div>\n","protected":false},"excerpt":{"rendered":"<p>CAT Dra. en Educaci\u00f3 i Societat. Professora agregada Serra H\u00fanter en M\u00e8todes d\u2019Investigaci\u00f3 i Diagn\u00f2stic en Educaci\u00f3 del Departament de Pedagogia Aplicada de la Facultat de Ci\u00e8ncies de l\u2019Educaci\u00f3. S\u2019ha especialitzat en metodologies de recerca i producci\u00f3 del coneixement, i, entre elles, les metodologies \u201caltres\u201d, a partir de les quals analitza les desigualtats i experi\u00e8ncies [&hellip;]<\/p>\n","protected":false},"author":3035,"featured_media":0,"parent":9,"menu_order":0,"comment_status":"closed","ping_status":"closed","template":"","meta":{"footnotes":""},"class_list":["post-85","page","type-page","status-publish","hentry"],"_links":{"self":[{"href":"https:\/\/webs.uab.cat\/mire\/wp-json\/wp\/v2\/pages\/85","targetHints":{"allow":["GET"]}}],"collection":[{"href":"https:\/\/webs.uab.cat\/mire\/wp-json\/wp\/v2\/pages"}],"about":[{"href":"https:\/\/webs.uab.cat\/mire\/wp-json\/wp\/v2\/types\/page"}],"author":[{"embeddable":true,"href":"https:\/\/webs.uab.cat\/mire\/wp-json\/wp\/v2\/users\/3035"}],"replies":[{"embeddable":true,"href":"https:\/\/webs.uab.cat\/mire\/wp-json\/wp\/v2\/comments?post=85"}],"version-history":[{"count":19,"href":"https:\/\/webs.uab.cat\/mire\/wp-json\/wp\/v2\/pages\/85\/revisions"}],"predecessor-version":[{"id":273,"href":"https:\/\/webs.uab.cat\/mire\/wp-json\/wp\/v2\/pages\/85\/revisions\/273"}],"up":[{"embeddable":true,"href":"https:\/\/webs.uab.cat\/mire\/wp-json\/wp\/v2\/pages\/9"}],"wp:attachment":[{"href":"https:\/\/webs.uab.cat\/mire\/wp-json\/wp\/v2\/media?parent=85"}],"curies":[{"name":"wp","href":"https:\/\/api.w.org\/{rel}","templated":true}]}}