{"id":9,"date":"2025-05-15T12:21:15","date_gmt":"2025-05-15T10:21:15","guid":{"rendered":"https:\/\/webs.uab.cat\/mire\/?page_id=9"},"modified":"2026-02-19T11:58:04","modified_gmt":"2026-02-19T09:58:04","slug":"equip","status":"publish","type":"page","link":"https:\/\/webs.uab.cat\/mire\/equip\/","title":{"rendered":"Equip"},"content":{"rendered":"\n<div class=\"wp-block-columns alignwide is-layout-flex wp-container-core-columns-is-layout-9d6595d7 wp-block-columns-is-layout-flex\">\n<div class=\"wp-block-column is-layout-flow wp-block-column-is-layout-flow\">\n<h2 class=\"wp-block-heading\">Membres<\/h2>\n<\/div>\n<\/div>\n\n\n\n<div class=\"wp-block-columns alignwide is-layout-flex wp-container-core-columns-is-layout-9d6595d7 wp-block-columns-is-layout-flex\">\n<div class=\"wp-block-column is-layout-flow wp-block-column-is-layout-flow\">\n<div class=\"wp-block-group\"><div class=\"wp-block-group__inner-container is-layout-constrained wp-block-group-is-layout-constrained\"><div class=\"wp-block-image is-style-rounded\">\n<figure class=\"aligncenter size-medium is-resized\"><a href=\"https:\/\/webs.uab.cat\/mire\/equip\/anna-ciraso-cali\/\"><img loading=\"lazy\" decoding=\"async\" width=\"300\" height=\"300\" src=\"https:\/\/webs.uab.cat\/mire\/wp-content\/uploads\/sites\/657\/2025\/07\/Anna_Ciraso-300x300.jpg\" alt=\"\" class=\"wp-image-79\" style=\"aspect-ratio:1;object-fit:cover;width:200px\" srcset=\"https:\/\/webs.uab.cat\/mire\/wp-content\/uploads\/sites\/657\/2025\/07\/Anna_Ciraso-300x300.jpg 300w, https:\/\/webs.uab.cat\/mire\/wp-content\/uploads\/sites\/657\/2025\/07\/Anna_Ciraso-1024x1024.jpg 1024w, https:\/\/webs.uab.cat\/mire\/wp-content\/uploads\/sites\/657\/2025\/07\/Anna_Ciraso-150x150.jpg 150w, https:\/\/webs.uab.cat\/mire\/wp-content\/uploads\/sites\/657\/2025\/07\/Anna_Ciraso-768x768.jpg 768w, https:\/\/webs.uab.cat\/mire\/wp-content\/uploads\/sites\/657\/2025\/07\/Anna_Ciraso.jpg 1200w\" sizes=\"auto, (max-width: 300px) 100vw, 300px\" \/><\/a><\/figure>\n<\/div>\n\n\n<p class=\"has-text-align-center has-text-color has-link-color has-normal-font-size wp-elements-9ce43a5c0af3efde166d1a7d40997bf3\" style=\"color:#e8501d\"><strong>Anna Ciraso Cal\u00ed<\/strong><\/p>\n\n\n<div class=\"wp-block-image\">\n<figure class=\"aligncenter size-full is-resized\"><a href=\"https:\/\/webs.uab.cat\/mire\/equip\/anna-ciraso-cali\/\"><img loading=\"lazy\" decoding=\"async\" width=\"24\" height=\"24\" src=\"https:\/\/webs.uab.cat\/mire\/wp-content\/uploads\/sites\/657\/2025\/07\/ic-bookmarks.png\" alt=\"Veure curr\u00edculum\" class=\"wp-image-69\" style=\"width:20px\" \/><\/a><\/figure>\n<\/div>\n\n\n<div style=\"height:40px\" aria-hidden=\"true\" class=\"wp-block-spacer\"><\/div>\n<\/div><\/div>\n\n\n\n<div class=\"wp-block-group\"><div class=\"wp-block-group__inner-container is-layout-constrained wp-block-group-is-layout-constrained\"><div class=\"wp-block-image is-style-rounded\">\n<figure class=\"aligncenter size-medium is-resized\"><a href=\"https:\/\/webs.uab.cat\/mire\/equip\/berta-llos-casadella\/\"><img loading=\"lazy\" decoding=\"async\" width=\"300\" height=\"300\" src=\"https:\/\/webs.uab.cat\/mire\/wp-content\/uploads\/sites\/657\/2025\/07\/Berta-Llos-300x300.jpg\" alt=\"\" class=\"wp-image-95\" style=\"aspect-ratio:1;object-fit:cover;width:200px\" srcset=\"https:\/\/webs.uab.cat\/mire\/wp-content\/uploads\/sites\/657\/2025\/07\/Berta-Llos-300x300.jpg 300w, https:\/\/webs.uab.cat\/mire\/wp-content\/uploads\/sites\/657\/2025\/07\/Berta-Llos-150x150.jpg 150w, https:\/\/webs.uab.cat\/mire\/wp-content\/uploads\/sites\/657\/2025\/07\/Berta-Llos-768x768.jpg 768w, https:\/\/webs.uab.cat\/mire\/wp-content\/uploads\/sites\/657\/2025\/07\/Berta-Llos.jpg 1024w\" sizes=\"auto, (max-width: 300px) 100vw, 300px\" \/><\/a><\/figure>\n<\/div>\n\n\n<p class=\"has-text-align-center has-text-color has-link-color has-normal-font-size wp-elements-840bed564ded03d3b6d30412f1d2ad12\" style=\"color:#e8501d\"><strong>Berta Llos Casadell\u00e0<\/strong><\/p>\n\n\n<div class=\"wp-block-image\">\n<figure class=\"aligncenter size-full is-resized\"><a href=\"https:\/\/webs.uab.cat\/mire\/equip\/berta-llos-casadella\"><img loading=\"lazy\" decoding=\"async\" width=\"24\" height=\"24\" src=\"https:\/\/webs.uab.cat\/mire\/wp-content\/uploads\/sites\/657\/2025\/07\/ic-bookmarks.png\" alt=\"Veure curr\u00edculum\" class=\"wp-image-69\" style=\"width:20px\" \/><\/a><\/figure>\n<\/div>\n\n\n<div style=\"height:40px\" aria-hidden=\"true\" class=\"wp-block-spacer\"><\/div>\n<\/div><\/div>\n<\/div>\n\n\n\n<div class=\"wp-block-column is-layout-flow wp-block-column-is-layout-flow\">\n<div class=\"wp-block-group\"><div class=\"wp-block-group__inner-container is-layout-constrained wp-block-group-is-layout-constrained\"><div class=\"wp-block-image is-style-rounded\">\n<figure class=\"aligncenter size-medium is-resized\"><a href=\"https:\/\/webs.uab.cat\/mire\/equip\/angelina-sanchez-marti\/\"><img loading=\"lazy\" decoding=\"async\" width=\"300\" height=\"300\" src=\"https:\/\/webs.uab.cat\/mire\/wp-content\/uploads\/sites\/657\/2025\/07\/Angelina-Sanchez-300x300.jpg\" alt=\"\" class=\"wp-image-94\" style=\"aspect-ratio:1;object-fit:cover;width:200px\" srcset=\"https:\/\/webs.uab.cat\/mire\/wp-content\/uploads\/sites\/657\/2025\/07\/Angelina-Sanchez-300x300.jpg 300w, https:\/\/webs.uab.cat\/mire\/wp-content\/uploads\/sites\/657\/2025\/07\/Angelina-Sanchez-150x150.jpg 150w, https:\/\/webs.uab.cat\/mire\/wp-content\/uploads\/sites\/657\/2025\/07\/Angelina-Sanchez.jpg 540w\" sizes=\"auto, (max-width: 300px) 100vw, 300px\" \/><\/a><\/figure>\n<\/div>\n\n\n<p class=\"has-text-align-center has-text-color has-link-color has-normal-font-size wp-elements-66a03db49d49790c30bca9e53658c285\" style=\"color:#e8501d\"><strong>Angelina S\u00e1nchez Mart\u00ed<\/strong><\/p>\n\n\n<div class=\"wp-block-image\">\n<figure class=\"aligncenter size-full is-resized\"><a href=\"https:\/\/webs.uab.cat\/mire\/equip\/angelina-sanchez-marti\"><img loading=\"lazy\" decoding=\"async\" width=\"24\" height=\"24\" src=\"https:\/\/webs.uab.cat\/mire\/wp-content\/uploads\/sites\/657\/2025\/07\/ic-bookmarks.png\" alt=\"Veure curr\u00edculum\" class=\"wp-image-69\" style=\"width:20px\" \/><\/a><\/figure>\n<\/div>\n\n\n<div style=\"height:40px\" aria-hidden=\"true\" class=\"wp-block-spacer\"><\/div>\n<\/div><\/div>\n\n\n\n<div class=\"wp-block-group\"><div class=\"wp-block-group__inner-container is-layout-constrained wp-block-group-is-layout-constrained\"><div class=\"wp-block-image is-style-rounded\">\n<figure class=\"aligncenter size-medium is-resized\"><a href=\"https:\/\/webs.uab.cat\/mire\/equip\/carla-quesada-pallares\/\"><img loading=\"lazy\" decoding=\"async\" width=\"300\" height=\"300\" src=\"https:\/\/webs.uab.cat\/mire\/wp-content\/uploads\/sites\/657\/2025\/07\/Carla_Quesada-300x300.jpg\" alt=\"\" class=\"wp-image-77\" style=\"aspect-ratio:1;object-fit:cover;width:200px\" srcset=\"https:\/\/webs.uab.cat\/mire\/wp-content\/uploads\/sites\/657\/2025\/07\/Carla_Quesada-300x300.jpg 300w, https:\/\/webs.uab.cat\/mire\/wp-content\/uploads\/sites\/657\/2025\/07\/Carla_Quesada-1024x1024.jpg 1024w, https:\/\/webs.uab.cat\/mire\/wp-content\/uploads\/sites\/657\/2025\/07\/Carla_Quesada-150x150.jpg 150w, https:\/\/webs.uab.cat\/mire\/wp-content\/uploads\/sites\/657\/2025\/07\/Carla_Quesada-768x768.jpg 768w, https:\/\/webs.uab.cat\/mire\/wp-content\/uploads\/sites\/657\/2025\/07\/Carla_Quesada.jpg 1200w\" sizes=\"auto, (max-width: 300px) 100vw, 300px\" \/><\/a><\/figure>\n<\/div>\n\n\n<p class=\"has-text-align-center has-text-color has-link-color has-normal-font-size wp-elements-a8f199d114492d71a16c8e79dad7bf50\" style=\"color:#e8501d\"><strong>Carla Quesada Pallar\u00e8s<\/strong><\/p>\n\n\n<div class=\"wp-block-image is-style-default\">\n<figure class=\"aligncenter size-full is-resized\"><a href=\"https:\/\/webs.uab.cat\/mire\/equip\/carla-quesada-pallares\/\"><img loading=\"lazy\" decoding=\"async\" width=\"24\" height=\"24\" src=\"https:\/\/webs.uab.cat\/mire\/wp-content\/uploads\/sites\/657\/2025\/07\/ic-bookmarks.png\" alt=\"Veure curr\u00edculum\" class=\"wp-image-69\" style=\"width:20px\" \/><\/a><\/figure>\n<\/div>\n\n\n<div style=\"height:40px\" aria-hidden=\"true\" class=\"wp-block-spacer\"><\/div>\n<\/div><\/div>\n<\/div>\n\n\n\n<div class=\"wp-block-column has-text-color has-link-color has-normal-font-size wp-elements-d09e7fdd19af532774830e52ccc4052d is-layout-flow wp-block-column-is-layout-flow\" style=\"color:#e8501d\">\n<div class=\"wp-block-group\"><div class=\"wp-block-group__inner-container is-layout-constrained wp-block-group-is-layout-constrained\"><div class=\"wp-block-image is-style-rounded\">\n<figure class=\"aligncenter size-medium is-resized\"><a href=\"https:\/\/webs.uab.cat\/mire\/equip\/allan-baez-contreras\/\"><img loading=\"lazy\" decoding=\"async\" width=\"300\" height=\"300\" src=\"https:\/\/webs.uab.cat\/mire\/wp-content\/uploads\/sites\/657\/2025\/07\/Allan_Baez-300x300.jpg\" alt=\"\" class=\"wp-image-78\" style=\"aspect-ratio:1;object-fit:cover;width:200px\" srcset=\"https:\/\/webs.uab.cat\/mire\/wp-content\/uploads\/sites\/657\/2025\/07\/Allan_Baez-300x300.jpg 300w, https:\/\/webs.uab.cat\/mire\/wp-content\/uploads\/sites\/657\/2025\/07\/Allan_Baez-1024x1024.jpg 1024w, https:\/\/webs.uab.cat\/mire\/wp-content\/uploads\/sites\/657\/2025\/07\/Allan_Baez-150x150.jpg 150w, https:\/\/webs.uab.cat\/mire\/wp-content\/uploads\/sites\/657\/2025\/07\/Allan_Baez-768x768.jpg 768w, https:\/\/webs.uab.cat\/mire\/wp-content\/uploads\/sites\/657\/2025\/07\/Allan_Baez.jpg 1200w\" sizes=\"auto, (max-width: 300px) 100vw, 300px\" \/><\/a><\/figure>\n<\/div>\n\n\n<p class=\"has-text-align-center has-text-color has-link-color has-normal-font-size wp-elements-5b8619bd59f633eaa7dd3494f90ef89b\" style=\"color:#e8501d\"><strong>Allan Baez Contreras<\/strong><\/p>\n\n\n<div class=\"wp-block-image\">\n<figure class=\"aligncenter size-full is-resized\"><a href=\"https:\/\/webs.uab.cat\/mire\/equip\/allan-baez-contreras\/\"><img loading=\"lazy\" decoding=\"async\" width=\"24\" height=\"24\" src=\"https:\/\/webs.uab.cat\/mire\/wp-content\/uploads\/sites\/657\/2025\/07\/ic-bookmarks.png\" alt=\"Veure curr\u00edculum\" class=\"wp-image-69\" style=\"width:20px\" \/><\/a><\/figure>\n<\/div>\n\n\n<div style=\"height:40px\" aria-hidden=\"true\" class=\"wp-block-spacer\"><\/div>\n<\/div><\/div>\n\n\n\n<div class=\"wp-block-group\"><div class=\"wp-block-group__inner-container is-layout-constrained wp-block-group-is-layout-constrained\"><div class=\"wp-block-image is-style-rounded\">\n<figure class=\"aligncenter size-medium is-resized\"><a href=\"https:\/\/webs.uab.cat\/mire\/equip\/estela-calabuig-bonastre\/\"><img decoding=\"async\" src=\"https:\/\/webs.uab.cat\/mire\/wp-content\/uploads\/sites\/657\/2026\/02\/Estela-Calabuig-1-edited.jpeg\" alt=\"\" class=\"wp-image-341\" style=\"aspect-ratio:1;object-fit:cover;width:196px;height:auto\" \/><\/a><\/figure>\n<\/div>\n\n\n<div class=\"wp-block-group\"><div class=\"wp-block-group__inner-container is-layout-constrained wp-block-group-is-layout-constrained\">\n<p class=\"has-text-align-center has-text-color has-link-color has-normal-font-size wp-elements-0dd0f948004e591799e62f0ccd3a961a\" style=\"color:#e8501d\"><strong>Estela Calabuig Bonastre<\/strong><\/p>\n\n\n<div class=\"wp-block-image is-style-default\">\n<figure class=\"aligncenter size-full is-resized\"><a href=\"https:\/\/webs.uab.cat\/mire\/equip\/estela-calabuig-bonastre\/\"><img loading=\"lazy\" decoding=\"async\" width=\"24\" height=\"24\" src=\"https:\/\/webs.uab.cat\/mire\/wp-content\/uploads\/sites\/657\/2025\/07\/ic-bookmarks.png\" alt=\"Veure curr\u00edculum\" class=\"wp-image-69\" style=\"width:20px\" \/><\/a><\/figure>\n<\/div>\n\n\n<div style=\"height:40px\" aria-hidden=\"true\" class=\"wp-block-spacer\"><\/div>\n<\/div><\/div>\n<\/div><\/div>\n<\/div>\n<\/div>\n\n\n\n<div class=\"wp-block-columns alignwide is-layout-flex wp-container-core-columns-is-layout-9d6595d7 wp-block-columns-is-layout-flex\">\n<div class=\"wp-block-column is-layout-flow wp-block-column-is-layout-flow\">\n<h2 class=\"wp-block-heading\">Persones col\u00b7laboradores<\/h2>\n<\/div>\n<\/div>\n\n\n\n<p><\/p>\n","protected":false},"excerpt":{"rendered":"<p>Membres Anna Ciraso Cal\u00ed Berta Llos Casadell\u00e0 Angelina S\u00e1nchez Mart\u00ed Carla Quesada Pallar\u00e8s Allan Baez Contreras Estela Calabuig Bonastre Persones col\u00b7laboradores<\/p>\n","protected":false},"author":3035,"featured_media":0,"parent":0,"menu_order":0,"comment_status":"closed","ping_status":"closed","template":"","meta":{"footnotes":""},"class_list":["post-9","page","type-page","status-publish","hentry"],"_links":{"self":[{"href":"https:\/\/webs.uab.cat\/mire\/wp-json\/wp\/v2\/pages\/9","targetHints":{"allow":["GET"]}}],"collection":[{"href":"https:\/\/webs.uab.cat\/mire\/wp-json\/wp\/v2\/pages"}],"about":[{"href":"https:\/\/webs.uab.cat\/mire\/wp-json\/wp\/v2\/types\/page"}],"author":[{"embeddable":true,"href":"https:\/\/webs.uab.cat\/mire\/wp-json\/wp\/v2\/users\/3035"}],"replies":[{"embeddable":true,"href":"https:\/\/webs.uab.cat\/mire\/wp-json\/wp\/v2\/comments?post=9"}],"version-history":[{"count":23,"href":"https:\/\/webs.uab.cat\/mire\/wp-json\/wp\/v2\/pages\/9\/revisions"}],"predecessor-version":[{"id":380,"href":"https:\/\/webs.uab.cat\/mire\/wp-json\/wp\/v2\/pages\/9\/revisions\/380"}],"wp:attachment":[{"href":"https:\/\/webs.uab.cat\/mire\/wp-json\/wp\/v2\/media?parent=9"}],"curies":[{"name":"wp","href":"https:\/\/api.w.org\/{rel}","templated":true}]}}