{"id":2,"date":"2024-12-02T14:08:28","date_gmt":"2024-12-02T12:08:28","guid":{"rendered":"https:\/\/webs.uab.cat\/quintanalab\/?page_id=2"},"modified":"2025-09-03T11:54:37","modified_gmt":"2025-09-03T09:54:37","slug":"featured-projects","status":"publish","type":"page","link":"https:\/\/webs.uab.cat\/mitochondrial-neuropatology\/featured-projects\/","title":{"rendered":"Featured projects"},"content":{"rendered":"\n<ul class=\"wp-block-list\"><\/ul>\n\n\n\n<ul class=\"wp-block-list\"><\/ul>\n\n\n\n<div class=\"wp-block-media-text is-stacked-on-mobile\"><figure class=\"wp-block-media-text__media\"><img loading=\"lazy\" decoding=\"async\" width=\"1024\" height=\"710\" src=\"https:\/\/webs.uab.cat\/quintanalab\/wp-content\/uploads\/sites\/617\/2025\/03\/European_Commission.svg_-1024x710.png\" alt=\"\" class=\"wp-image-2226 size-full\" srcset=\"https:\/\/webs.uab.cat\/mitochondrial-neuropatology\/wp-content\/uploads\/sites\/617\/2025\/03\/European_Commission.svg_-1024x710.png 1024w, https:\/\/webs.uab.cat\/mitochondrial-neuropatology\/wp-content\/uploads\/sites\/617\/2025\/03\/European_Commission.svg_-300x208.png 300w, https:\/\/webs.uab.cat\/mitochondrial-neuropatology\/wp-content\/uploads\/sites\/617\/2025\/03\/European_Commission.svg_-768x533.png 768w, https:\/\/webs.uab.cat\/mitochondrial-neuropatology\/wp-content\/uploads\/sites\/617\/2025\/03\/European_Commission.svg_-1536x1065.png 1536w, https:\/\/webs.uab.cat\/mitochondrial-neuropatology\/wp-content\/uploads\/sites\/617\/2025\/03\/European_Commission.svg_-1200x832.png 1200w, https:\/\/webs.uab.cat\/mitochondrial-neuropatology\/wp-content\/uploads\/sites\/617\/2025\/03\/European_Commission.svg_-1980x1373.png 1980w, https:\/\/webs.uab.cat\/mitochondrial-neuropatology\/wp-content\/uploads\/sites\/617\/2025\/03\/European_Commission.svg_.png 2000w\" sizes=\"auto, (max-width: 1024px) 100vw, 1024px\" \/><\/figure><div class=\"wp-block-media-text__content\">\n<p><\/p>\n<\/div><\/div>\n\n\n\n<ul class=\"wp-block-list\">\n<li>ReisCHIP: Rapid chip-based detection of antibiotic resistances. HEU-101069316-ResisCHIP<\/li>\n\n\n\n<li>MITORett:&nbsp;Deciphering cerebellar mitochondrial alterations in Rett Syndrome.&nbsp;101028078-MITORett<\/li>\n\n\n\n<li>MitoTROJAN: Dysfunctional mitochondria as a neuronal pathogen.&nbsp;H2020-101001932-MitoTROJAN<\/li>\n<\/ul>\n\n\n\n<hr class=\"wp-block-separator has-alpha-channel-opacity\" \/>\n\n\n\n<div class=\"wp-block-media-text is-stacked-on-mobile\"><figure class=\"wp-block-media-text__media\"><img loading=\"lazy\" decoding=\"async\" width=\"1024\" height=\"199\" src=\"https:\/\/webs.uab.cat\/quintanalab\/wp-content\/uploads\/sites\/617\/2025\/03\/MICIU-Cofinanciado-AEI_peqe-1024x199.jpg\" alt=\"\" class=\"wp-image-2223 size-full\" srcset=\"https:\/\/webs.uab.cat\/mitochondrial-neuropatology\/wp-content\/uploads\/sites\/617\/2025\/03\/MICIU-Cofinanciado-AEI_peqe-1024x199.jpg 1024w, https:\/\/webs.uab.cat\/mitochondrial-neuropatology\/wp-content\/uploads\/sites\/617\/2025\/03\/MICIU-Cofinanciado-AEI_peqe-300x58.jpg 300w, https:\/\/webs.uab.cat\/mitochondrial-neuropatology\/wp-content\/uploads\/sites\/617\/2025\/03\/MICIU-Cofinanciado-AEI_peqe-768x149.jpg 768w, https:\/\/webs.uab.cat\/mitochondrial-neuropatology\/wp-content\/uploads\/sites\/617\/2025\/03\/MICIU-Cofinanciado-AEI_peqe.jpg 1200w\" sizes=\"auto, (max-width: 1024px) 100vw, 1024px\" \/><\/figure><div class=\"wp-block-media-text__content\">\n<p><\/p>\n<\/div><\/div>\n\n\n\n<ul class=\"wp-block-list\">\n<li>Potencial de la leriglitazona para el tratamiento de enfermedades asociadas a la acumulaci\u00f3n de hierro, distrofias y enfermedades neuromusculares.&nbsp;RTC2019-006825-1<\/li>\n\n\n\n<li>Development of astrocyte-targeted neuroprotective drugs using articifial intelligence. PID2019-107633RB-I00<\/li>\n\n\n\n<li>Diseccion de los determinantes celulares y moleculares de la susceptibilidad neuronal a la disfuncion mitocondrial. PID2020-114977RB-I00<\/li>\n<\/ul>\n\n\n\n<hr class=\"wp-block-separator has-alpha-channel-opacity\" \/>\n\n\n\n<div class=\"wp-block-media-text is-stacked-on-mobile\"><figure class=\"wp-block-media-text__media\"><img loading=\"lazy\" decoding=\"async\" width=\"1024\" height=\"196\" src=\"https:\/\/webs.uab.cat\/quintanalab\/wp-content\/uploads\/sites\/617\/2025\/03\/logo-micinn-europa-1024x196.png\" alt=\"\" class=\"wp-image-2224 size-full\" srcset=\"https:\/\/webs.uab.cat\/mitochondrial-neuropatology\/wp-content\/uploads\/sites\/617\/2025\/03\/logo-micinn-europa-1024x196.png 1024w, https:\/\/webs.uab.cat\/mitochondrial-neuropatology\/wp-content\/uploads\/sites\/617\/2025\/03\/logo-micinn-europa-300x57.png 300w, https:\/\/webs.uab.cat\/mitochondrial-neuropatology\/wp-content\/uploads\/sites\/617\/2025\/03\/logo-micinn-europa-768x147.png 768w, https:\/\/webs.uab.cat\/mitochondrial-neuropatology\/wp-content\/uploads\/sites\/617\/2025\/03\/logo-micinn-europa-1536x294.png 1536w, https:\/\/webs.uab.cat\/mitochondrial-neuropatology\/wp-content\/uploads\/sites\/617\/2025\/03\/logo-micinn-europa-2048x392.png 2048w, https:\/\/webs.uab.cat\/mitochondrial-neuropatology\/wp-content\/uploads\/sites\/617\/2025\/03\/logo-micinn-europa-1200x230.png 1200w, https:\/\/webs.uab.cat\/mitochondrial-neuropatology\/wp-content\/uploads\/sites\/617\/2025\/03\/logo-micinn-europa-1980x379.png 1980w\" sizes=\"auto, (max-width: 1024px) 100vw, 1024px\" \/><\/figure><div class=\"wp-block-media-text__content\">\n<p><\/p>\n<\/div><\/div>\n\n\n\n<ul class=\"wp-block-list\">\n<li>Desarrollo de nuevos tratamientos para enfermedades mitocondriales primarias.&nbsp;PDC2021-121883-I00<\/li>\n<\/ul>\n\n\n\n<hr class=\"wp-block-separator has-alpha-channel-opacity\" \/>\n\n\n\n<div class=\"wp-block-media-text is-stacked-on-mobile\"><figure class=\"wp-block-media-text__media\"><img loading=\"lazy\" decoding=\"async\" width=\"1024\" height=\"297\" src=\"https:\/\/webs.uab.cat\/quintanalab\/wp-content\/uploads\/sites\/617\/2025\/03\/miciu_agencia-1024x297.png\" alt=\"\" class=\"wp-image-2225 size-full\" srcset=\"https:\/\/webs.uab.cat\/mitochondrial-neuropatology\/wp-content\/uploads\/sites\/617\/2025\/03\/miciu_agencia-1024x297.png 1024w, https:\/\/webs.uab.cat\/mitochondrial-neuropatology\/wp-content\/uploads\/sites\/617\/2025\/03\/miciu_agencia-300x87.png 300w, https:\/\/webs.uab.cat\/mitochondrial-neuropatology\/wp-content\/uploads\/sites\/617\/2025\/03\/miciu_agencia-768x223.png 768w, https:\/\/webs.uab.cat\/mitochondrial-neuropatology\/wp-content\/uploads\/sites\/617\/2025\/03\/miciu_agencia-1536x446.png 1536w, https:\/\/webs.uab.cat\/mitochondrial-neuropatology\/wp-content\/uploads\/sites\/617\/2025\/03\/miciu_agencia-2048x595.png 2048w, https:\/\/webs.uab.cat\/mitochondrial-neuropatology\/wp-content\/uploads\/sites\/617\/2025\/03\/miciu_agencia-1200x348.png 1200w, https:\/\/webs.uab.cat\/mitochondrial-neuropatology\/wp-content\/uploads\/sites\/617\/2025\/03\/miciu_agencia-1980x575.png 1980w\" sizes=\"auto, (max-width: 1024px) 100vw, 1024px\" \/><\/figure><div class=\"wp-block-media-text__content\">\n<p><\/p>\n<\/div><\/div>\n\n\n\n<ul class=\"wp-block-list\">\n<li>(Dis)funci\u00f3n mitocondrial en enfermedades neurodegenerativas: RED2022-134786-T.<\/li>\n\n\n\n<li>Disecci\u00f3n celular y molecular de la neuropatolog\u00eda inducida por disfunci\u00f3n mitocondrial.&nbsp;PID2023-151947OB-I00<\/li>\n\n\n\n<li>Estudio del cannabidiol y su mecanismo de accion para el tratamiento del S\u00edndrome de Leigh.&nbsp;PID2021-125079OA-I00<\/li>\n<\/ul>\n\n\n\n<hr class=\"wp-block-separator has-alpha-channel-opacity\" \/>\n\n\n\n<div class=\"wp-block-media-text is-stacked-on-mobile\"><figure class=\"wp-block-media-text__media\"><img loading=\"lazy\" decoding=\"async\" width=\"492\" height=\"102\" src=\"https:\/\/webs.uab.cat\/quintanalab\/wp-content\/uploads\/sites\/617\/2025\/03\/LOGO-GENE.png\" alt=\"\" class=\"wp-image-2232 size-full\" srcset=\"https:\/\/webs.uab.cat\/mitochondrial-neuropatology\/wp-content\/uploads\/sites\/617\/2025\/03\/LOGO-GENE.png 492w, https:\/\/webs.uab.cat\/mitochondrial-neuropatology\/wp-content\/uploads\/sites\/617\/2025\/03\/LOGO-GENE-300x62.png 300w\" sizes=\"auto, (max-width: 492px) 100vw, 492px\" \/><\/figure><div class=\"wp-block-media-text__content\">\n<p><\/p>\n<\/div><\/div>\n\n\n\n<ul class=\"wp-block-list\">\n<li>AMR-Chip:&nbsp;Desenvolupament d\u2019un kit de diagn\u00f2stic r\u00e0pid per a les resist\u00e8ncies bacterianes.&nbsp;2021PROD00022<\/li>\n<\/ul>\n\n\n\n<hr class=\"wp-block-separator has-alpha-channel-opacity\" \/>\n\n\n\n<div class=\"wp-block-media-text is-stacked-on-mobile\"><figure class=\"wp-block-media-text__media\"><img loading=\"lazy\" decoding=\"async\" width=\"1024\" height=\"233\" src=\"https:\/\/webs.uab.cat\/quintanalab\/wp-content\/uploads\/sites\/617\/2025\/03\/Marato-tv3-logo-1024x233.jpg\" alt=\"\" class=\"wp-image-2231 size-full\" srcset=\"https:\/\/webs.uab.cat\/mitochondrial-neuropatology\/wp-content\/uploads\/sites\/617\/2025\/03\/Marato-tv3-logo-1024x233.jpg 1024w, https:\/\/webs.uab.cat\/mitochondrial-neuropatology\/wp-content\/uploads\/sites\/617\/2025\/03\/Marato-tv3-logo-300x68.jpg 300w, https:\/\/webs.uab.cat\/mitochondrial-neuropatology\/wp-content\/uploads\/sites\/617\/2025\/03\/Marato-tv3-logo-768x175.jpg 768w, https:\/\/webs.uab.cat\/mitochondrial-neuropatology\/wp-content\/uploads\/sites\/617\/2025\/03\/Marato-tv3-logo-1536x349.jpg 1536w, https:\/\/webs.uab.cat\/mitochondrial-neuropatology\/wp-content\/uploads\/sites\/617\/2025\/03\/Marato-tv3-logo-2048x465.jpg 2048w, https:\/\/webs.uab.cat\/mitochondrial-neuropatology\/wp-content\/uploads\/sites\/617\/2025\/03\/Marato-tv3-logo-1200x273.jpg 1200w, https:\/\/webs.uab.cat\/mitochondrial-neuropatology\/wp-content\/uploads\/sites\/617\/2025\/03\/Marato-tv3-logo-1980x450.jpg 1980w\" sizes=\"auto, (max-width: 1024px) 100vw, 1024px\" \/><\/figure><div class=\"wp-block-media-text__content\">\n<p><\/p>\n<\/div><\/div>\n\n\n\n<ul class=\"wp-block-list\">\n<li>Modulation of Mitochondrial Retrograde signaling as a treatment for Leigh Syndrome. 415\/C\/2020<\/li>\n<\/ul>\n\n\n\n<hr class=\"wp-block-separator has-alpha-channel-opacity\" \/>\n\n\n\n<div class=\"wp-block-media-text is-stacked-on-mobile\"><figure class=\"wp-block-media-text__media\"><img loading=\"lazy\" decoding=\"async\" width=\"1024\" height=\"263\" src=\"https:\/\/webs.uab.cat\/quintanalab\/wp-content\/uploads\/sites\/617\/2025\/03\/logo-obra-social-Fundacio-la-Caixa-1024x263.jpg\" alt=\"\" class=\"wp-image-2233 size-full\" srcset=\"https:\/\/webs.uab.cat\/mitochondrial-neuropatology\/wp-content\/uploads\/sites\/617\/2025\/03\/logo-obra-social-Fundacio-la-Caixa-1024x263.jpg 1024w, https:\/\/webs.uab.cat\/mitochondrial-neuropatology\/wp-content\/uploads\/sites\/617\/2025\/03\/logo-obra-social-Fundacio-la-Caixa-300x77.jpg 300w, https:\/\/webs.uab.cat\/mitochondrial-neuropatology\/wp-content\/uploads\/sites\/617\/2025\/03\/logo-obra-social-Fundacio-la-Caixa-768x198.jpg 768w, https:\/\/webs.uab.cat\/mitochondrial-neuropatology\/wp-content\/uploads\/sites\/617\/2025\/03\/logo-obra-social-Fundacio-la-Caixa.jpg 1166w\" sizes=\"auto, (max-width: 1024px) 100vw, 1024px\" \/><\/figure><div class=\"wp-block-media-text__content\">\n<p><\/p>\n<\/div><\/div>\n\n\n\n<ul class=\"wp-block-list\">\n<li>Mitochondrial transcription as a trigger for neurodegenation.&nbsp;HR20-00896<\/li>\n<\/ul>\n\n\n\n<p><\/p>\n","protected":false},"excerpt":{"rendered":"","protected":false},"author":2072,"featured_media":0,"parent":0,"menu_order":0,"comment_status":"closed","ping_status":"closed","template":"","meta":{"footnotes":""},"class_list":["post-2","page","type-page","status-publish","hentry"],"_links":{"self":[{"href":"https:\/\/webs.uab.cat\/mitochondrial-neuropatology\/wp-json\/wp\/v2\/pages\/2","targetHints":{"allow":["GET"]}}],"collection":[{"href":"https:\/\/webs.uab.cat\/mitochondrial-neuropatology\/wp-json\/wp\/v2\/pages"}],"about":[{"href":"https:\/\/webs.uab.cat\/mitochondrial-neuropatology\/wp-json\/wp\/v2\/types\/page"}],"author":[{"embeddable":true,"href":"https:\/\/webs.uab.cat\/mitochondrial-neuropatology\/wp-json\/wp\/v2\/users\/2072"}],"replies":[{"embeddable":true,"href":"https:\/\/webs.uab.cat\/mitochondrial-neuropatology\/wp-json\/wp\/v2\/comments?post=2"}],"version-history":[{"count":16,"href":"https:\/\/webs.uab.cat\/mitochondrial-neuropatology\/wp-json\/wp\/v2\/pages\/2\/revisions"}],"predecessor-version":[{"id":2437,"href":"https:\/\/webs.uab.cat\/mitochondrial-neuropatology\/wp-json\/wp\/v2\/pages\/2\/revisions\/2437"}],"wp:attachment":[{"href":"https:\/\/webs.uab.cat\/mitochondrial-neuropatology\/wp-json\/wp\/v2\/media?parent=2"}],"curies":[{"name":"wp","href":"https:\/\/api.w.org\/{rel}","templated":true}]}}