{"id":101,"date":"2013-01-09T18:21:46","date_gmt":"2013-01-09T18:21:46","guid":{"rendered":"https:\/\/webs.uab.cat\/mitografsgrecs\/antecedents\/"},"modified":"2013-01-09T18:21:46","modified_gmt":"2013-01-09T18:21:46","slug":"antecedents","status":"publish","type":"page","link":"https:\/\/webs.uab.cat\/mitografsgrecs\/antecedents\/","title":{"rendered":"Antecedents"},"content":{"rendered":"<p align=\"justify\">Els darrers anys, i gr\u00e0cies a l\u2019inter\u00e8s que suscita l\u2019estudi del mite entre les diverses disciplines human\u00edstiques i socials, l\u2019obra d\u2019Apol\u00b7lodor s\u2019ha situat al centre del debat cient\u00edfic sobre la mitografia grega. Ho demostren els comentaris de J. C. Carri\u00e8re &amp; B. Massonie (Par\u00eds, 1991), les edicions tradu\u00efdes i comentades de L. Scarpi &amp; M. G. Ciani (Mil\u00e0, 1996) i de P. Dr\u00e4ger (D\u00fcsseldorf, 2005), la traducci\u00f3 de R. Scott Smith &amp; Stephen M. Trzaskoma (Indianapolis 2007) i la recent edici\u00f3 cr\u00edtica de Papathomopoulos (Atenes, 2011). Per\u00f2 la darrera edici\u00f3 (basada en un estudi cr\u00edtic dels manuscrits, i completada amb un riqu\u00edssim comentari), de Francesc J. Cuartero (Barcelona, Fundaci\u00f3 Bernat Metge, 2010-2014), est\u00e0 cridada a convertir-se en la nova edici\u00f3 de refer\u00e8ncia a escala internacional. Amb ocasi\u00f3 d\u2019aquesta nova publicaci\u00f3, hem convocat els principals especialistes espanyols i estrangers perqu\u00e8 debatin,&nbsp;des de diferents perspectives metodol\u00f2giques i cient\u00edfiques, sobre aquesta una obra fonamental per al coneixement de la mitologia dels grecs.<\/p>\n","protected":false},"excerpt":{"rendered":"<p>Els darrers anys, i gr\u00e0cies a l\u2019inter\u00e8s que suscita l\u2019estudi del mite entre les diverses disciplines human\u00edstiques i socials, l\u2019obra d\u2019Apol\u00b7lodor s\u2019ha situat al centre del debat cient\u00edfic sobre la mitografia grega. Ho demostren els comentaris de J. C. Carri\u00e8re &amp; B. Massonie (Par\u00eds, 1991), les edicions tradu\u00efdes i comentades de L. Scarpi &amp; M. [&hellip;]<\/p>\n","protected":false},"author":44,"featured_media":0,"parent":0,"menu_order":0,"comment_status":"closed","ping_status":"closed","template":"","meta":{"footnotes":""},"class_list":["post-101","page","type-page","status-publish","hentry"],"_links":{"self":[{"href":"https:\/\/webs.uab.cat\/mitografsgrecs\/wp-json\/wp\/v2\/pages\/101","targetHints":{"allow":["GET"]}}],"collection":[{"href":"https:\/\/webs.uab.cat\/mitografsgrecs\/wp-json\/wp\/v2\/pages"}],"about":[{"href":"https:\/\/webs.uab.cat\/mitografsgrecs\/wp-json\/wp\/v2\/types\/page"}],"author":[{"embeddable":true,"href":"https:\/\/webs.uab.cat\/mitografsgrecs\/wp-json\/wp\/v2\/users\/44"}],"replies":[{"embeddable":true,"href":"https:\/\/webs.uab.cat\/mitografsgrecs\/wp-json\/wp\/v2\/comments?post=101"}],"version-history":[{"count":0,"href":"https:\/\/webs.uab.cat\/mitografsgrecs\/wp-json\/wp\/v2\/pages\/101\/revisions"}],"wp:attachment":[{"href":"https:\/\/webs.uab.cat\/mitografsgrecs\/wp-json\/wp\/v2\/media?parent=101"}],"curies":[{"name":"wp","href":"https:\/\/api.w.org\/{rel}","templated":true}]}}