{"id":103,"date":"2013-01-15T17:31:28","date_gmt":"2013-01-15T17:31:28","guid":{"rendered":"https:\/\/webs.uab.cat\/mitografsgrecs\/institucions-i-mites-la-grecia-antiga\/"},"modified":"2013-01-15T17:31:28","modified_gmt":"2013-01-15T17:31:28","slug":"institucions-i-mites-la-grecia-antiga","status":"publish","type":"page","link":"https:\/\/webs.uab.cat\/mitografsgrecs\/institucions-i-mites-la-grecia-antiga\/","title":{"rendered":"Institucions i mites a la Gr\u00e8cia antiga"},"content":{"rendered":"<p><strong>\u201cInstitucions i mites a la Gr\u00e8cia antiga: estudi diacr\u00f2nic a partir de les fonts gregues\u201d<\/strong> (2009 SGR 1030 de la Generalitat de Catalunya) dirigit pel Dr. Francesc J. Cuartero Iborra.<\/p>\n<p align=\"justify\">La tasca investigadora del Grup de Recerca abra\u00e7a un ampli marc cronol\u00f2gic: des dels darrers segles del II mil\u00b7lenni aC fins als primers segles de la nostra era. Aquest llarg recorregut no implica una generalitzaci\u00f3 superficial, cosa que no pretenem, sin\u00f3 una an\u00e0lisi en profunditat. L\u2019amplitud cronol\u00f2gica respon a les diverses especialitzacions en la recerca dels components del Grup, en qu\u00e8 conflueixen especialistes en fonts gregues del II mil\u00b7lenni aC (tauletes en Lineal B), estudiosos de les primeres etapes del desenvolupament de les institucions al m\u00f3n grec, de les quals les primeres formalitzacions liter\u00e0ries del mite s\u00f3n una font indirecta molt valuosa, i estudiosos de les etapes posteriors de recopilaci\u00f3, adaptaci\u00f3 i estructuraci\u00f3 de diferents variants dels temes m\u00edtics presents en la literatura grega arcaica, cl\u00e0ssica i hel\u00b7len\u00edstica que conformen la llarga tradici\u00f3 dels anomenats \u2018mit\u00f2grafs\u2019.<\/p>\n<p align=\"justify\">Aquestes diverses especialitzacions garanteixen el car\u00e0cter rigor\u00f3s de la recerca i amb aquest objectiu es proposa l\u2019articulaci\u00f3 en tres subgrups de treball. Els resultats obtinguts per cada un d\u2019ells seran despr\u00e9s integrats en la investigaci\u00f3 de conjunt: an\u00e0lisi de testimonis, literaris i epigr\u00e0fics, que permetin reconstruir l\u2019evoluci\u00f3 de les institucions religioses, pol\u00edtiques, sociol\u00f2giques, jurd\u00eddiques del m\u00f3n grec de l\u2019Antiguitat, posant de relleu dintre d\u2019aquests testimonis la riquesa que aporta la tradici\u00f3 m\u00edtica, en qu\u00e8 els diferents enfocaments d\u2019un tema o motiu m\u00edtic estan molt relacionats amb els aspectes culturals i institucionals del moment hist\u00f2ric en qu\u00e8 es donen.<\/p>\n","protected":false},"excerpt":{"rendered":"<p>\u201cInstitucions i mites a la Gr\u00e8cia antiga: estudi diacr\u00f2nic a partir de les fonts gregues\u201d (2009 SGR 1030 de la Generalitat de Catalunya) dirigit pel Dr. Francesc J. Cuartero Iborra. La tasca investigadora del Grup de Recerca abra\u00e7a un ampli marc cronol\u00f2gic: des dels darrers segles del II mil\u00b7lenni aC fins als primers segles de [&hellip;]<\/p>\n","protected":false},"author":44,"featured_media":0,"parent":0,"menu_order":0,"comment_status":"closed","ping_status":"closed","template":"","meta":{"footnotes":""},"class_list":["post-103","page","type-page","status-publish","hentry"],"_links":{"self":[{"href":"https:\/\/webs.uab.cat\/mitografsgrecs\/wp-json\/wp\/v2\/pages\/103","targetHints":{"allow":["GET"]}}],"collection":[{"href":"https:\/\/webs.uab.cat\/mitografsgrecs\/wp-json\/wp\/v2\/pages"}],"about":[{"href":"https:\/\/webs.uab.cat\/mitografsgrecs\/wp-json\/wp\/v2\/types\/page"}],"author":[{"embeddable":true,"href":"https:\/\/webs.uab.cat\/mitografsgrecs\/wp-json\/wp\/v2\/users\/44"}],"replies":[{"embeddable":true,"href":"https:\/\/webs.uab.cat\/mitografsgrecs\/wp-json\/wp\/v2\/comments?post=103"}],"version-history":[{"count":0,"href":"https:\/\/webs.uab.cat\/mitografsgrecs\/wp-json\/wp\/v2\/pages\/103\/revisions"}],"wp:attachment":[{"href":"https:\/\/webs.uab.cat\/mitografsgrecs\/wp-json\/wp\/v2\/media?parent=103"}],"curies":[{"name":"wp","href":"https:\/\/api.w.org\/{rel}","templated":true}]}}