{"id":104,"date":"2013-01-15T17:35:59","date_gmt":"2013-01-15T17:35:59","guid":{"rendered":"https:\/\/webs.uab.cat\/mitografsgrecs\/los-mitos-en-grecia\/"},"modified":"2013-01-15T17:35:59","modified_gmt":"2013-01-15T17:35:59","slug":"los-mitos-en-grecia","status":"publish","type":"page","link":"https:\/\/webs.uab.cat\/mitografsgrecs\/los-mitos-en-grecia\/","title":{"rendered":"Los mitos en Grecia"},"content":{"rendered":"<p>\u201c<strong>Los mitos en Grecia: edici\u00f3n y comentario de los mit\u00f3grafos antiguos<\/strong>\u201d (FFI2010-16301 del Ministerio de Ciencia e Innovaci\u00f3n), dirigit pel Dr. Jordi P\u00e0mias i Massana<\/p>\n<p align=\"justify\">El objetivo del proyecto es recopilar, editar cr\u00edticamente, comentar y traducir los textos mitogr\u00e1ficos griegos, muchos de los cuales han llegado a nosotros por tradici\u00f3n indirecta, a menudo en comentarios y escolios a los grandes poetas. Se incluyen tambi\u00e9n aquellos autores que recopilaron las tradiciones<br \/>anticuarias sobre Atenas y el \u00c1tica, conocidos como atid\u00f3grafos. Esta investigaci\u00f3n representa una l\u00ednea de continuidad con los proyectos sobre mitograf\u00eda dirigidos por el Prof. Francesc J. Cuartero desde los a\u00f1os 1990, el \u00faltimo de los cuales fue \u201cTextos mitogr\u00e1ficos en los log\u00f3grafos griegos y en los escolios menores a Homero. Edici\u00f3n, traducci\u00f3n y comentario (HUM2006-08652). La edici\u00f3n cr\u00edtica de cualquier texto debe arrancar con la recopilaci\u00f3n de las fuentes que lo han transmitido. Un an\u00e1lisis y una discusi\u00f3n de las variantes manuscritas debe preceder a la fijaci\u00f3n del texto. El aparto cr\u00edtico ser\u00e1 generoso, ya que debe reflejar no s\u00f3lo las variantes textuales sino tambi\u00e9n las conjeturas sugeridas por los editores anteriores. Aunque una buena parte de los textos de los autores mitogr\u00e1ficos ha sido recopilada en ediciones anteriores, faltan ediciones particulares de cada uno de ellos, con comentarios que pongan al alcance de la comunidad cient\u00edfica no s\u00f3lo los criterios de selecci\u00f3n de variantes adoptadas sino tambi\u00e9n:<\/p>\n<p align=\"justify\">1) Estudios mitogr\u00e1ficos que comprendan la recopilaci\u00f3n, el an\u00e1lisis y la clasificaci\u00f3n de los testimonios de cada mito y la determinaci\u00f3n de la variante elegida por el mit\u00f3grafo, as\u00ed como la relaci\u00f3n de \u00e9sta con el contenido de la obra. No nos limitamos a las fuentes literarias, sino que otorgamos una atenci\u00f3n especial a los testimonios pl\u00e1sticos, por cuanto pueden relacionarse con versiones perdidas de un mito.<\/p>\n<p align=\"justify\">2) Notas sobre la utilizaci\u00f3n del mito en las diversas fuentes literarias que se sirvieron de \u00e9l, tanto en el plano est\u00e9tico como en el \u00e9tico-pol\u00edtico y religioso, y tambi\u00e9n sobre su evoluci\u00f3n diacr\u00f3nica. El estudio de variantes m\u00edticas en colecciones de escolios no agotadas ha incrementado el volumen de conocimientos que deben ser integrados en el comentario.<\/p>\n<p align=\"justify\">3) An\u00e1lisis de las relaciones entre los mitos griegos y el Oriente Pr\u00f3ximo. \u00c9stas deben entenderse en dos sentidos: a) adaptaciones de mitos orientales a la ideolog\u00eda y al complejo social griegos; b) mitos griegos como testimonios de relaciones entre las poblaciones de Grecia continental, insular y asi\u00e1tica con<br \/>Egipto, Siria, Fenicia, Anatolia y Mesopotamia.<\/p>\n<p align=\"justify\">4) Estudio de los textos de los autores atid\u00f3grafos como fuente para la investigaci\u00f3n en religi\u00f3n antigua, especialmente en relaci\u00f3n con las fuentes epigr\u00e1ficas. En el decurso de los trabajos se llevar\u00e1n a cabo las ediciones de las Genealog\u00edas de Acusilao de Argos, la Biblioteca de Apolodoro, las Metamorfosis de Antonino Liberal, el Mythographus Homericus (fragmentos de la Odisea), las Fabulae de Higino, el Anonymus Vaticanus, los Argumentos de tragedias de Asclep\u00edades de Tragilo, los fragmentos de Helanico de Lesbos y de Herodoro de Heraclea. Se pondr\u00e1n las bases para las futuras ediciones de los atid\u00f3grafos Istro, Androci\u00f3n, Fanodemo y Fil\u00f3coro.<\/p>\n","protected":false},"excerpt":{"rendered":"<p>\u201cLos mitos en Grecia: edici\u00f3n y comentario de los mit\u00f3grafos antiguos\u201d (FFI2010-16301 del Ministerio de Ciencia e Innovaci\u00f3n), dirigit pel Dr. Jordi P\u00e0mias i Massana El objetivo del proyecto es recopilar, editar cr\u00edticamente, comentar y traducir los textos mitogr\u00e1ficos griegos, muchos de los cuales han llegado a nosotros por tradici\u00f3n indirecta, a menudo en comentarios [&hellip;]<\/p>\n","protected":false},"author":44,"featured_media":0,"parent":0,"menu_order":0,"comment_status":"closed","ping_status":"closed","template":"","meta":{"footnotes":""},"class_list":["post-104","page","type-page","status-publish","hentry"],"_links":{"self":[{"href":"https:\/\/webs.uab.cat\/mitografsgrecs\/wp-json\/wp\/v2\/pages\/104","targetHints":{"allow":["GET"]}}],"collection":[{"href":"https:\/\/webs.uab.cat\/mitografsgrecs\/wp-json\/wp\/v2\/pages"}],"about":[{"href":"https:\/\/webs.uab.cat\/mitografsgrecs\/wp-json\/wp\/v2\/types\/page"}],"author":[{"embeddable":true,"href":"https:\/\/webs.uab.cat\/mitografsgrecs\/wp-json\/wp\/v2\/users\/44"}],"replies":[{"embeddable":true,"href":"https:\/\/webs.uab.cat\/mitografsgrecs\/wp-json\/wp\/v2\/comments?post=104"}],"version-history":[{"count":0,"href":"https:\/\/webs.uab.cat\/mitografsgrecs\/wp-json\/wp\/v2\/pages\/104\/revisions"}],"wp:attachment":[{"href":"https:\/\/webs.uab.cat\/mitografsgrecs\/wp-json\/wp\/v2\/media?parent=104"}],"curies":[{"name":"wp","href":"https:\/\/api.w.org\/{rel}","templated":true}]}}